{"id":647,"date":"2021-03-29T02:13:52","date_gmt":"2021-03-29T02:13:52","guid":{"rendered":"http:\/\/localhost\/nuss\/?page_id=647"},"modified":"2025-09-12T08:35:13","modified_gmt":"2025-09-12T08:35:13","slug":"servizi","status":"publish","type":"page","link":"https:\/\/anyeexinlianggrandhotel.com\/it\/servizi\/","title":{"rendered":"Servizi"},"content":{"rendered":"<div data-elementor-type=\"wp-page\" data-elementor-id=\"647\" class=\"elementor elementor-647\">\n\t\t\t\t\t\t<section class=\"elementor-section elementor-top-section elementor-element elementor-element-3353bc8 elementor-section-boxed elementor-section-gap-beside-yes elementor-section-height-default elementor-section-height-default elementor-section-column-vertical-align-stretch\" data-id=\"3353bc8\" data-element_type=\"section\" data-e-type=\"section\">\n\t\t\t\t\t\t<div class=\"elementor-container elementor-column-gap-extended\">\n\t\t\t\t\t<div class=\"elementor-column elementor-col-100 elementor-top-column elementor-element elementor-element-0a2bc64\" data-id=\"0a2bc64\" data-element_type=\"column\" data-e-type=\"column\">\n\t\t\t<div class=\"elementor-widget-wrap elementor-element-populated\">\n\t\t\t\t\t\t<div class=\"elementor-element elementor-element-447e3ef elementor-widget__width-initial elementor-invisible elementor-widget elementor-widget-text-editor\" data-id=\"447e3ef\" data-element_type=\"widget\" data-e-type=\"widget\" data-settings=\"{&quot;_animation&quot;:&quot;nussFadeInUp&quot;}\" data-widget_type=\"text-editor.default\">\n\t\t\t\t\t\t\t\t\t<p><strong data-spm-anchor-id=\"a2ty_o01.29997173.0.i82.4901c921uGWVOS\">Ospitalit\u00e0 di alto livello e servizi completi presso l&#039;Anyee Xinliang Grand Hotel (Chengdu Chunxi Road Taikoo Li)<\/strong><\/p>\t\t\t\t\t\t\t\t<\/div>\n\t\t\t\t\t<\/div>\n\t\t<\/div>\n\t\t\t\t\t<\/div>\n\t\t<\/section>\n\t\t<div class=\"elementor-element elementor-element-76953f7 e-flex e-con-boxed e-con e-parent\" data-id=\"76953f7\" data-element_type=\"container\" data-e-type=\"container\">\n\t\t\t\t\t<div class=\"e-con-inner\">\n\t\t\t\t<div class=\"elementor-element elementor-element-2f32cd6 elementor-widget elementor-widget-text-editor\" data-id=\"2f32cd6\" data-element_type=\"widget\" data-e-type=\"widget\" data-widget_type=\"text-editor.default\">\n\t\t\t\t\t\t\t\t\t<p data-spm-anchor-id=\"a2ty_o01.29997173.0.i83.4901c921uGWVOS\">A <strong>Anyee Xinliang Grand Hotel (Chengdu Chunxi Road Taikoo Li)<\/strong>, situato a <strong>N. 246 Sezione Upper East Street, East Street, Distretto di Jinjiang, Chengdu, Sichuan 610016<\/strong>Il servizio non \u00e8 solo una funzione: \u00e8 il fondamento di un&#039;esperienza eccezionale per gli ospiti. Per oltre due decenni, dalla sua apertura nel 2000, questo prestigioso hotel a 4 stelle ha perfezionato le sue attivit\u00e0 per offrire un perfetto connubio tra la tradizionale ospitalit\u00e0 cinese e i comfort moderni, rivolgendosi sia ai viaggiatori di piacere che ai professionisti in cerca di efficienza e comfort nel cuore di una delle citt\u00e0 pi\u00f9 vivaci della Cina.<\/p><p>Dal momento in cui arrivi, l&#039;impegno per l&#039;eccellenza diventa evidente. Il <strong>reception aperta 24 ore su 24<\/strong> accoglie gli ospiti con calore e professionalit\u00e0, gestito da personale multilingue fluente in <strong>Inglese e cinese mandarino<\/strong>, garantendo una comunicazione chiara per i visitatori internazionali. Che arriviate a tarda notte dopo un lungo viaggio o abbiate bisogno di assistenza immediata all&#039;arrivo, il nostro team dedicato \u00e8 sempre a vostra disposizione. Gli ospiti hanno elogiato il personale per la sua disponibilit\u00e0, con un recensore che ha osservato: <em>\u201cIl personale della reception \u00e8 molto disponibile ed entusiasta nell&#039;aiutarmi con le mie domande su come muovermi a Chengdu.\u201d<\/em> Quando possibile, spesso si accettano check-in anticipati, trasformando una semplice richiesta in un gesto di cura memorabile.<\/p><div class=\"my-2\">\u00a0<\/div><h3>Servizi pensati per il comfort e la praticit\u00e0<\/h3><p>Ogni aspetto dell&#039;ecosistema di servizi dell&#039;hotel \u00e8 progettato per rendere il vostro soggiorno senza sforzo. <strong>chiosco self check-in<\/strong> Offre un&#039;alternativa rapida ed efficiente alla registrazione tradizionale, perfetta per i viaggiatori esperti di tecnologia o per chi arriva al di fuori degli orari di punta. Per maggiore sicurezza e privacy, le camere vengono alimentate solo quando viene inserita la tessera magnetica, controllando l&#039;illuminazione, l&#039;aria condizionata e l&#039;elettricit\u00e0: un piccolo ma significativo dettaglio che migliora sia la sicurezza che l&#039;efficienza energetica.<\/p><p>Gli ospiti apprezzano i dettagli pratici che aumentano il comfort quotidiano:<\/p><ul dir=\"auto\"><li><strong>Deposito bagagli gratuito<\/strong> prima del check-in o dopo il check-out, ideale per i viaggiatori che esplorano la citt\u00e0 nel loro ultimo giorno.<\/li><li><strong>Strumenti di traduzione disponibili<\/strong> alla reception, per assistere i cinesi e gli ospiti stranieri che potrebbero incontrare barriere linguistiche.<\/li><li><strong>Servizio di portineria<\/strong> E <strong>supporto per la prenotazione di tour e biglietti<\/strong> per aiutare a pianificare le visite alle principali attrazioni come <strong>Via Jinli<\/strong>, <strong>Vicolo Kuanzhai<\/strong>, o il <strong>Base di allevamento dei panda<\/strong>.<\/li><li><strong>Check-in e check-out rapidi<\/strong> opzioni per ridurre al minimo i tempi di attesa e massimizzare il tuo prezioso tempo a Chengdu.<\/li><\/ul><div class=\"my-2\">\u00a0<\/div><h3>Strutture pronte per l&#039;uso aziendale per il professionista moderno<\/h3><p>Con <strong>345 camere e suite ben arredate<\/strong>, compresi spazi business dedicati, l&#039;Anyee Xinliang Grand Hotel \u00e8 attrezzato per soddisfare le esigenze dei viaggiatori d&#039;affari. La struttura dispone di un&#039;ampia <strong>centro commerciale<\/strong> offrendo servizi essenziali quali:<\/p><ul dir=\"auto\"><li><strong>Fax e fotocopie<\/strong> (a pagamento)<\/li><li><strong>Servizio postale<\/strong><\/li><li><strong>Supporto di segreteria<\/strong><\/li><li><strong>Sistemi di visualizzazione multimediale<\/strong><\/li><li><strong>Spazi di coworking<\/strong> E <strong>sei sale polifunzionali<\/strong><\/li><\/ul><p>Queste strutture sono completate da un formale <strong>sala conferenze<\/strong> (disponibile a pagamento), rendendo l&#039;hotel adatto a riunioni, presentazioni ed eventi di piccole dimensioni. L&#039;accesso a Internet ad alta velocit\u00e0 \u00e8 disponibile in tutta la struttura, garantendo una connettivit\u00e0 ininterrotta per il lavoro da remoto, le videochiamate o la collaborazione digitale.<\/p><p>Per gli ospiti che necessitano di trasporto via terra, l&#039;hotel offre <strong>servizi di prenotazione taxi<\/strong> E <strong>noleggio auto<\/strong>, offrendo soluzioni affidabili per raggiungere quartieri commerciali, centri espositivi o trasferimenti aeroportuali. Sebbene l&#039;hotel non offra un servizio navetta aeroportuale, taxi e app di ride-hailing come Didi sono facilmente accessibili dall&#039;ingresso principale.<\/p><div class=\"my-2\">\u00a0<\/div><h3>Benessere, pulizia e supporto incentrato sul cliente<\/h3><p>La pulizia e la cura personale sono prioritarie in tutti i servizi. <strong>lavanderia<\/strong> al secondo piano si trova una caratteristica distintiva, che offre <strong>lavatrici self-service gratuite<\/strong> Completo di detersivo in omaggio, un servizio raro e apprezzato per i soggiorni pi\u00f9 lunghi. Sebbene alcuni ospiti abbiano segnalato problemi con le asciugatrici, la disponibilit\u00e0 di pi\u00f9 grucce in ogni armadio consente di asciugare facilmente all&#039;aria aperta in camera.<\/p><p>I servizi di pulizia aggiuntivi includono:<\/p><ul dir=\"auto\"><li><strong>Servizio di lavanderia in loco<\/strong> (a pagamento)<\/li><li><strong>Lavaggio a secco<\/strong><\/li><li><strong>Servizio di stiratura<\/strong> (a pagamento)<\/li><li><strong>Vaporizzatore e asciugatrice per vestiti<\/strong> accesso<\/li><\/ul><p>L&#039;hotel fornisce anche <strong>servizi per bambini<\/strong> ad esempio <strong>giocattoli, pantofole, accappatoi, spazzolini da denti e opzioni per i pasti<\/strong>, rafforzando la sua reputazione di destinazione adatta alle famiglie. Un ospite entusiasta ha raccontato: <em>&quot;Ci hanno persino regalato una borsa di tela con un disegno di panda come souvenir il giorno della partenza&quot;,<\/em> evidenziando i gesti premurosi che creano impressioni durature.<\/p><div class=\"my-2\">\u00a0<\/div><h3>Accessibilit\u00e0 e inclusivit\u00e0<\/h3><p>L&#039;Anyee Xinliang Grand Hotel dimostra un forte impegno verso l&#039;accessibilit\u00e0, garantendo un soggiorno confortevole a tutti gli ospiti:<\/p><ul dir=\"auto\"><li><strong>Sedie a rotelle disponibili<\/strong> su richiesta<\/li><li><strong>Corrimano nei corridoi e sulle scale<\/strong><\/li><li><strong>Dispositivi di allarme visivo nei corridoi<\/strong><\/li><li><strong>Ingresso principale senza scale<\/strong><\/li><li><strong>Lettore di identificazione elettronica per il check-in<\/strong>, semplificando il processo sia per gli ospiti nazionali che internazionali<\/li><\/ul><div class=\"my-2\">\u00a0<\/div><h3>Servizi culinari e di stile di vita<\/h3><p>Oltre all&#039;alloggio, l&#039;hotel soddisfa una vasta gamma di esigenze quotidiane:<\/p><ul dir=\"auto\"><li>Un sito in loco <strong>ristorante<\/strong> servire autentico <strong>Cucina del Sichuan e cantonese<\/strong>, insieme alle opzioni occidentali.<\/li><li>Un accogliente <strong>caff\u00e8<\/strong> E <strong>bar della hall<\/strong> per drink informali o spuntini leggeri.<\/li><li>UN <strong>minimarket\/chiosco<\/strong> E <strong>snack bar<\/strong> per acquisti rapidi.<\/li><li><strong>Servizio in camera<\/strong> disponibile 24 ore su 24, consentendo agli ospiti di cenare in tutta privacy e comodit\u00e0.<\/li><\/ul><p>Gli ospiti hanno apprezzato il omaggio <strong>bevande e snack<\/strong> offerti nella hall, contribuendo a creare un&#039;atmosfera accogliente. La posizione centrale consente di raggiungere a piedi innumerevoli ristoranti e negozi, incluso l&#039;accesso diretto all&#039;esclusivo <strong>Taikoo Li<\/strong> complesso.<\/p><div class=\"my-2\">\u00a0<\/div><div class=\"py-2 my-3\"><hr \/><\/div><h3>Un&#039;eredit\u00e0 di eccellenza nel servizio<\/h3><p>Con un eccezionale <strong>Valutazione del servizio 9,6\/10<\/strong> Sulla base di oltre 13.800 recensioni verificate su Trip.com, l&#039;Anyee Xinliang Grand Hotel ha costruito una tradizione di affidabilit\u00e0 e soddisfazione degli ospiti. I viaggiatori lo elogiano costantemente <strong>personale cordiale, posizione privilegiata e supporto reattivo<\/strong>, rendendolo uno degli hotel a 4 stelle pi\u00f9 apprezzati di Chengdu.<\/p><p data-spm-anchor-id=\"a2ty_o01.29997173.0.i84.4901c921uGWVOS\">Che siate in viaggio d&#039;affari, in famiglia o per un&#039;immersione culturale, i servizi dell&#039;Anyee Xinliang Grand Hotel sono pensati per anticipare le vostre esigenze, semplificare il vostro viaggio e garantire che ogni momento del vostro soggiorno sia il pi\u00f9 agevole e piacevole possibile. Questo \u00e8 pi\u00f9 di un semplice hotel: \u00e8 un partner affidabile per la vostra avventura a Chengdu.<\/p>\t\t\t\t\t\t\t\t<\/div>\n\t\t\t\t\t<\/div>\n\t\t\t\t<\/div>\n\t\t\t\t<section class=\"elementor-section elementor-top-section elementor-element elementor-element-285e6f6c elementor-section-stretched elementor-section-boxed elementor-section-gap-beside-yes elementor-section-height-default elementor-section-height-default elementor-section-column-vertical-align-stretch\" data-id=\"285e6f6c\" data-element_type=\"section\" data-e-type=\"section\" data-settings=\"{&quot;background_background&quot;:&quot;classic&quot;,&quot;stretch_section&quot;:&quot;section-stretched&quot;}\">\n\t\t\t\t\t\t<div class=\"elementor-container elementor-column-gap-extended\">\n\t\t\t\t\t<div class=\"elementor-column elementor-col-100 elementor-top-column elementor-element elementor-element-4ad608d4\" data-id=\"4ad608d4\" data-element_type=\"column\" data-e-type=\"column\">\n\t\t\t<div class=\"elementor-widget-wrap elementor-element-populated\">\n\t\t\t\t\t\t<div class=\"elementor-element elementor-element-1dbd40c5 elementor-widget elementor-widget-nuss-heading\" data-id=\"1dbd40c5\" data-element_type=\"widget\" data-e-type=\"widget\" data-widget_type=\"nuss-heading.default\">\n\t\t\t\t<div class=\"elementor-widget-container\">\n\t\t\t\t\t\t\t<div class=\"nuss-modern-heading\">\r\n\t\t\t\t\t\t<div class=\"heading-secondary-wrap\">\r\n\t\t\t\t<h3 class=\"heading-secondary elementor-heading-title\">Controlla disponibile <\/h3>\t\t\t<\/div>\r\n\t\t\r\n\t\t\t\r\n\t\t\t\r\n\t\t\t\t\t<\/div>\r\n\t\t\t\t\t<\/div>\n\t\t\t\t<\/div>\n\t\t\t\t<div class=\"elementor-element elementor-element-74af01cf elementor-widget elementor-widget-text-editor\" data-id=\"74af01cf\" data-element_type=\"widget\" data-e-type=\"widget\" data-widget_type=\"text-editor.default\">\n\t\t\t\t\t\t\t\t\t<iframe border=\"0\" src=\"https:\/\/www.trip.com\/partners\/ad\/S5340708?Allianceid=4590391&#038;SID=258889625&#038;trip_sub1=\" style=\"width:1200px;height:200px\" frameborder=\"0\" scrolling=\"no\" id=\"S5340708\"><\/iframe>\t\t\t\t\t\t\t\t<\/div>\n\t\t\t\t\t<\/div>\n\t\t<\/div>\n\t\t\t\t\t<\/div>\n\t\t<\/section>\n\t\t\t\t<\/div>","protected":false},"excerpt":{"rendered":"<p>Elevated Hospitality &amp; Comprehensive Services at Anyee Xinliang Grand Hotel (Chengdu Chunxi Road Taikoo Li) At Anyee Xinliang Grand Hotel (Chengdu Chunxi Road Taikoo Li), located at No. 246 Upper East Street Section, East Street, Jinjiang District, Chengdu, Sichuan 610016, service is not merely a function \u2014 it\u2019s the cornerstone of an exceptional guest experience. [&hellip;]<\/p>\n","protected":false},"author":1,"featured_media":0,"parent":0,"menu_order":0,"comment_status":"closed","ping_status":"closed","template":"","meta":{"footnotes":""},"class_list":["post-647","page","type-page","status-publish","hentry","post-no-thumbnail"],"_links":{"self":[{"href":"https:\/\/anyeexinlianggrandhotel.com\/it\/wp-json\/wp\/v2\/pages\/647","targetHints":{"allow":["GET"]}}],"collection":[{"href":"https:\/\/anyeexinlianggrandhotel.com\/it\/wp-json\/wp\/v2\/pages"}],"about":[{"href":"https:\/\/anyeexinlianggrandhotel.com\/it\/wp-json\/wp\/v2\/types\/page"}],"author":[{"embeddable":true,"href":"https:\/\/anyeexinlianggrandhotel.com\/it\/wp-json\/wp\/v2\/users\/1"}],"replies":[{"embeddable":true,"href":"https:\/\/anyeexinlianggrandhotel.com\/it\/wp-json\/wp\/v2\/comments?post=647"}],"version-history":[{"count":0,"href":"https:\/\/anyeexinlianggrandhotel.com\/it\/wp-json\/wp\/v2\/pages\/647\/revisions"}],"wp:attachment":[{"href":"https:\/\/anyeexinlianggrandhotel.com\/it\/wp-json\/wp\/v2\/media?parent=647"}],"curies":[{"name":"parola chiave","href":"https:\/\/api.w.org\/{rel}","templated":true}]}}