{"id":2109,"date":"2021-03-26T08:35:58","date_gmt":"2021-03-26T08:35:58","guid":{"rendered":"http:\/\/localhost\/nuss\/?page_id=536"},"modified":"2025-09-12T06:55:31","modified_gmt":"2025-09-12T06:55:31","slug":"strutture-aziendali","status":"publish","type":"page","link":"https:\/\/anyeexinlianggrandhotel.com\/it\/strutture-aziendali\/","title":{"rendered":"Strutture aziendali"},"content":{"rendered":"<div data-elementor-type=\"wp-page\" data-elementor-id=\"2109\" class=\"elementor elementor-2109\">\n\t\t\t\t\t\t<section class=\"elementor-section elementor-top-section elementor-element elementor-element-bb2901b elementor-section-boxed elementor-section-gap-beside-yes elementor-section-height-default elementor-section-height-default elementor-section-column-vertical-align-stretch\" data-id=\"bb2901b\" data-element_type=\"section\" data-e-type=\"section\">\n\t\t\t\t\t\t<div class=\"elementor-container elementor-column-gap-extended\">\n\t\t\t\t\t<div class=\"elementor-column elementor-col-100 elementor-top-column elementor-element elementor-element-1919db9\" data-id=\"1919db9\" data-element_type=\"column\" data-e-type=\"column\">\n\t\t\t<div class=\"elementor-widget-wrap elementor-element-populated\">\n\t\t\t\t\t\t<div class=\"elementor-element elementor-element-41a7b9c elementor-widget__width-initial elementor-invisible elementor-widget elementor-widget-text-editor\" data-id=\"41a7b9c\" data-element_type=\"widget\" data-e-type=\"widget\" data-settings=\"{&quot;_animation&quot;:&quot;nussFadeInUp&quot;}\" data-widget_type=\"text-editor.default\">\n\t\t\t\t\t\t\t\t\t<p><strong data-spm-anchor-id=\"a2ty_o01.29997173.0.i51.4901c921uGWVOS\">Strutture business sofisticate presso l&#039;Anyee Xinliang Grand Hotel (Chengdu Chunxi Road Taikoo Li)<\/strong><\/p>\t\t\t\t\t\t\t\t<\/div>\n\t\t\t\t\t<\/div>\n\t\t<\/div>\n\t\t\t\t\t<\/div>\n\t\t<\/section>\n\t\t<div class=\"elementor-element elementor-element-57f7c85 e-flex e-con-boxed e-con e-parent\" data-id=\"57f7c85\" data-element_type=\"container\" data-e-type=\"container\">\n\t\t\t\t\t<div class=\"e-con-inner\">\n\t\t\t\t<div class=\"elementor-element elementor-element-9eea971 elementor-widget elementor-widget-nuss-image-gallery\" data-id=\"9eea971\" data-element_type=\"widget\" data-e-type=\"widget\" data-widget_type=\"nuss-image-gallery.default\">\n\t\t\t\t<div class=\"elementor-widget-container\">\n\t\t\t\t\t\t\t<div class=\"nuss-grid-wrapper\" data-grid=\"{&quot;type&quot;:&quot;grid&quot;,&quot;ratio&quot;:null,&quot;columns&quot;:3,&quot;gutter&quot;:30}\">\r\n\t\t\t<div class=\"nuss-grid lazy-grid\">\r\n\t\t\t\t<div class=\"grid-sizer\"><\/div>\r\n\r\n\t\t\t\t\t\t\t\t\t\t\t\t<div class=\"grid-item\">\r\n\t\t\t\t\t\t<div class=\"nuss-box\">\t\t<div class=\"nuss-image image\">\r\n\t\t\t<img decoding=\"async\"  src=\"https:\/\/anyeexinlianggrandhotel.com\/wp-content\/uploads\/2025\/09\/Anyee-Xinliang-Grand-Hotel-154.webp\" alt=\"Anyee Xinliang Grand Hotel (154)\" \/>\t\t<\/div>\r\n\t\t\t\t<\/div>\t\t\t\t\t<\/div>\r\n\t\t\t\t\t\t<div class=\"grid-item\">\r\n\t\t\t\t\t\t<div class=\"nuss-box\">\t\t<div class=\"nuss-image image\">\r\n\t\t\t<img decoding=\"async\"  src=\"https:\/\/anyeexinlianggrandhotel.com\/wp-content\/uploads\/2025\/09\/Anyee-Xinliang-Grand-Hotel-131.webp\" alt=\"Anyee Xinliang Grand Hotel (131)\" \/>\t\t<\/div>\r\n\t\t\t\t<\/div>\t\t\t\t\t<\/div>\r\n\t\t\t\t\t\t<div class=\"grid-item\">\r\n\t\t\t\t\t\t<div class=\"nuss-box\">\t\t<div class=\"nuss-image image\">\r\n\t\t\t<img decoding=\"async\"  src=\"https:\/\/anyeexinlianggrandhotel.com\/wp-content\/uploads\/2025\/09\/Anyee-Xinliang-Grand-Hotel-129.webp\" alt=\"Anyee Xinliang Grand Hotel (129)\" \/>\t\t<\/div>\r\n\t\t\t\t<\/div>\t\t\t\t\t<\/div>\r\n\t\t\t\t\t\t<div class=\"grid-item\">\r\n\t\t\t\t\t\t<div class=\"nuss-box\">\t\t<div class=\"nuss-image image\">\r\n\t\t\t<img decoding=\"async\"  src=\"https:\/\/anyeexinlianggrandhotel.com\/wp-content\/uploads\/2025\/09\/Anyee-Xinliang-Grand-Hotel-130.webp\" alt=\"Anyee Xinliang Grand Hotel (130)\" \/>\t\t<\/div>\r\n\t\t\t\t<\/div>\t\t\t\t\t<\/div>\r\n\t\t\t\t\t\t<div class=\"grid-item\">\r\n\t\t\t\t\t\t<div class=\"nuss-box\">\t\t<div class=\"nuss-image image\">\r\n\t\t\t<img decoding=\"async\"  src=\"https:\/\/anyeexinlianggrandhotel.com\/wp-content\/uploads\/2025\/09\/Anyee-Xinliang-Grand-Hotel-105.webp\" alt=\"Anyee Xinliang Grand Hotel (105)\" \/>\t\t<\/div>\r\n\t\t\t\t<\/div>\t\t\t\t\t<\/div>\r\n\t\t\t\t\t\t<div class=\"grid-item\">\r\n\t\t\t\t\t\t<div class=\"nuss-box\">\t\t<div class=\"nuss-image image\">\r\n\t\t\t<img decoding=\"async\"  src=\"https:\/\/anyeexinlianggrandhotel.com\/wp-content\/uploads\/2025\/09\/Anyee-Xinliang-Grand-Hotel-13.webp\" alt=\"Anyee Xinliang Grand Hotel (13)\" \/>\t\t<\/div>\r\n\t\t\t\t<\/div>\t\t\t\t\t<\/div>\r\n\t\t\t\t\t\t<div class=\"grid-item\">\r\n\t\t\t\t\t\t<div class=\"nuss-box\">\t\t<div class=\"nuss-image image\">\r\n\t\t\t<img decoding=\"async\"  src=\"https:\/\/anyeexinlianggrandhotel.com\/wp-content\/uploads\/2025\/09\/Anyee-Xinliang-Grand-Hotel-12.webp\" alt=\"Anyee Xinliang Grand Hotel (12)\" \/>\t\t<\/div>\r\n\t\t\t\t<\/div>\t\t\t\t\t<\/div>\r\n\t\t\t\t\t\t<div class=\"grid-item\">\r\n\t\t\t\t\t\t<div class=\"nuss-box\">\t\t<div class=\"nuss-image image\">\r\n\t\t\t<img decoding=\"async\"  src=\"https:\/\/anyeexinlianggrandhotel.com\/wp-content\/uploads\/2025\/09\/Anyee-Xinliang-Grand-Hotel-119.webp\" alt=\"Anyee Xinliang Grand Hotel (119)\" \/>\t\t<\/div>\r\n\t\t\t\t<\/div>\t\t\t\t\t<\/div>\r\n\t\t\t\t\t\t<div class=\"grid-item\">\r\n\t\t\t\t\t\t<div class=\"nuss-box\">\t\t<div class=\"nuss-image image\">\r\n\t\t\t<img decoding=\"async\"  src=\"https:\/\/anyeexinlianggrandhotel.com\/wp-content\/uploads\/2025\/09\/Anyee-Xinliang-Grand-Hotel-101.webp\" alt=\"Anyee Xinliang Grand Hotel (101)\" \/>\t\t<\/div>\r\n\t\t\t\t<\/div>\t\t\t\t\t<\/div>\r\n\t\t\t\t\t\t\t\r\n\t\t\t<\/div>\r\n\t\t<\/div>\r\n\t\t\t\t\t\t<\/div>\n\t\t\t\t<\/div>\n\t\t\t\t\t<\/div>\n\t\t\t\t<\/div>\n\t\t<div class=\"elementor-element elementor-element-2476d16 e-flex e-con-boxed e-con e-parent\" data-id=\"2476d16\" data-element_type=\"container\" data-e-type=\"container\">\n\t\t\t\t\t<div class=\"e-con-inner\">\n\t\t\t\t<div class=\"elementor-element elementor-element-cbefb1c elementor-widget elementor-widget-text-editor\" data-id=\"cbefb1c\" data-element_type=\"widget\" data-e-type=\"widget\" data-widget_type=\"text-editor.default\">\n\t\t\t\t\t\t\t\t\t<p data-spm-anchor-id=\"a2ty_o01.29997173.0.i53.4901c921uGWVOS\">Per il viaggiatore d&#039;affari moderno, il successo non si misura solo in base alle riunioni tenute o agli accordi conclusi, ma \u00e8 definito da efficienza, connettivit\u00e0 e comfort. <strong>Anyee Xinliang Grand Hotel (Chengdu Chunxi Road Taikoo Li)<\/strong>, situato nel cuore fiorente del distretto Jinjiang di Chengdu a <strong>Sezione n. 246 di Upper East Street, East Street<\/strong>Sappiamo che un viaggio produttivo inizia con un ambiente impeccabile. Ecco perch\u00e9 il nostro hotel va oltre le sistemazioni standard per offrire una raffinata suite di <strong>strutture e servizi aziendali<\/strong> progettato per i professionisti che esigono l&#039;eccellenza.<\/p><p>Situato in uno dei centri economici pi\u00f9 dinamici della Cina, il nostro hotel ti colloca a pochi passi da <strong>Taikoo Li<\/strong>, <strong>Chunxi Road<\/strong>e dai principali centri commerciali della citt\u00e0, rendendolo una base ideale per viaggiatori d&#039;affari, imprenditori e delegati internazionali. Che tu stia partecipando a una trattativa importante, presentando un progetto a partner locali o gestendo un team remoto con diversi fusi orari, i nostri servizi business attentamente selezionati ti garantiranno di rimanere concentrato, connesso e in anticipo sui tempi.<\/p><div class=\"my-2\">\u00a0<\/div><h3>Un ambiente produttivo progettato per i professionisti<\/h3><p>Le nostre camere sono pi\u00f9 di semplici luoghi di riposo: sono spazi di lavoro funzionali, dotati di tutto il necessario per una produttivit\u00e0 in movimento. Ogni camera dispone di:<\/p><ul dir=\"auto\"><li><strong>Scrivanie ergonomiche<\/strong> con ampia illuminazione<\/li><li><strong>Wi-Fi stabile e ad alta velocit\u00e0<\/strong> in tutta la propriet\u00e0<\/li><li><strong>Smart TV<\/strong> compatibile con il mirroring dello schermo wireless<\/li><li><strong>Prese di corrente universali e porte di ricarica USB<\/strong><\/li><li><strong>Aria condizionata silenziosa<\/strong> per una concentrazione senza distrazioni<\/li><\/ul><p>Che si tratti di redigere un rapporto a mezzanotte o di prepararsi per una videoconferenza mattutina, l&#039;atmosfera tranquilla e la tecnologia moderna creano lo sfondo perfetto per un lavoro senza interruzioni.<\/p><p>Per gli ospiti che necessitano di spazi per riunioni formali, il nostro hotel offre l&#039;accesso a <strong>sale conferenze multifunzionali<\/strong> Adatte a riunioni di gruppo, presentazioni con i clienti o discussioni private. Dotate di sistemi audiovisivi, proiettori, microfoni e connessione internet affidabile, queste sale flessibili possono essere personalizzate in base alle vostre esigenze specifiche. Il nostro team di reception offre supporto completo per il coordinamento dell&#039;allestimento, i servizi di stampa e l&#039;assistenza nella pianificazione, garantendo la massima precisione in ogni dettaglio.<\/p><div class=\"my-2\">\u00a0<\/div><h3>Servizi di connettivit\u00e0 e supporto senza interruzioni<\/h3><p>Nel mondo frenetico di oggi, rimanere connessi non \u00e8 facoltativo, \u00e8 essenziale. All&#039;Anyee Xinliang Grand Hotel, offriamo <strong>Wi-Fi ad alta velocit\u00e0 gratuito in tutte le camere e nelle aree pubbliche<\/strong>, consentendoti di trasmettere in streaming, scaricare e collaborare senza ritardi. La rete \u00e8 ottimizzata per l&#039;uso aziendale e supporta videochiamate sicure tramite Zoom, Teams o WeChat, cos\u00ec non perderai mai un momento critico.<\/p><p>Offriamo inoltre:<\/p><ul dir=\"auto\"><li><strong>servizio di reception 24 ore su 24<\/strong> con personale multilingue disponibile per soddisfare anche le richieste dell&#039;ultimo minuto.<\/li><li><strong>Check-in e check-out rapidi<\/strong> per sfruttare al massimo il tuo prezioso tempo.<\/li><li><strong>Deposito bagagli<\/strong> prima dell&#039;arrivo o dopo la partenza, ideale per chi ha orari di volo serrati.<\/li><li><strong>Strumenti di traduzione e guida locale<\/strong> per aiutarti a muoverti con sicurezza nel panorama imprenditoriale di Chengdu.<\/li><\/ul><p>Hai bisogno di stampare contratti, inviare documenti o prenotare un taxi per un incontro con un cliente? Il nostro attento personale \u00e8 pronto ad assisterti. <strong>servizi di fax\/fotocopie<\/strong>, <strong>supporto postale<\/strong>, E <strong>accordi di trasporto<\/strong>, riducendo al minimo lo stress logistico e consentendoti di concentrarti su ci\u00f2 che conta di pi\u00f9.<\/p><div class=\"my-2\">\u00a0<\/div><h3>Posizione strategica per il successo aziendale<\/h3><p>Chengdu sta rapidamente emergendo come un polo globale di innovazione e tecnologia, sede di multinazionali, startup tecnologiche, istituzioni finanziarie e agenzie creative. Situata nel prestigioso quartiere <strong>Distretto di Jinjiang<\/strong>L&#039;Anyee Xinliang Grand Hotel offre un accesso senza pari a questo vivace ecosistema.<\/p><p>A pochi minuti di distanza, <strong>Taikoo Li<\/strong> non \u00e8 solo una destinazione per lo shopping di lusso: ospita uffici di punta, spazi di co-working e punti di incontro per il networking dove si riuniscono i leader del settore. Nel frattempo, <strong>Chunxi Road<\/strong> Rappresenta la spina dorsale commerciale della citt\u00e0, con banche, sedi aziendali e fornitori di servizi. I trasporti pubblici sono agevoli: le stazioni della metropolitana pi\u00f9 vicine sono raggiungibili a piedi e collegano direttamente ai quartieri commerciali, ai centri espositivi e agli uffici governativi.<\/p><p>Questa posizione centrale rende il nostro hotel la scelta preferita dai professionisti in visita per conferenze presso <strong>Nuovo centro congressi ed esposizioni internazionale di Chengdu Century City<\/strong>, esplorando opportunit\u00e0 di investimento nell&#039;economia in forte espansione del Sichuan o conducendo ricerche di mercato nella Cina occidentale.<\/p><div class=\"my-2\">\u00a0<\/div><h3>Il benessere incontra l&#039;equilibrio tra lavoro e vita privata<\/h3><p>Sappiamo che per ottenere prestazioni durature \u00e8 necessario equilibrio. Ecco perch\u00e9 la nostra offerta commerciale si estende oltre la logistica, includendo servizi incentrati sul benessere che favoriscono la lucidit\u00e0 mentale e l&#039;energia fisica. Sebbene l&#039;hotel non disponga di un centro fitness, la sua posizione incoraggia il movimento, che si tratti di una passeggiata veloce nei parchi vicini, di una sessione mattutina di tai chi a <strong>Parco del Popolo<\/strong>o una passeggiata dopo la riunione lungo i viali alberati.<\/p><p>Il ristorante in loco serve colazioni nutrienti e pasti equilibrati con cucina cinese e internazionale, aiutandovi a mantenere le massime prestazioni durante tutto il soggiorno. E dopo una lunga giornata di trattative o presentazioni, rilassatevi nel comfort silenzioso della vostra camera elegantemente arredata, dove soffici lenzuola e finestre insonorizzate favoriscono un sonno profondo e ristoratore.<\/p><div class=\"my-2\">\u00a0<\/div><h3>Scelto dai viaggiatori per comfort e praticit\u00e0<\/h3><p>Gli ospiti elogiano costantemente l&#039;hotel per la sua <strong>posizione eccellente<\/strong>, <strong>pulizia<\/strong>, E <strong>servizio reattivo<\/strong> \u2014 tutti fattori critici per un viaggio d&#039;affari di successo. Grazie al facile accesso a ristoranti, negozi e mezzi pubblici, impiegherai meno tempo a spostarti e pi\u00f9 tempo a raggiungere i tuoi obiettivi.<\/p><p>A <strong>Anyee Xinliang Grand Hotel (Chengdu Chunxi Road Taikoo Li)<\/strong>, non forniamo solo un posto dove stare, ma offriamo un&#039;esperienza di livello professionale radicata in <strong>efficienza, affidabilit\u00e0 e sofisticatezza urbana<\/strong>Dalla prima e-mail inviata all&#039;alba fino all&#039;ultima stretta di mano della giornata, ogni aspetto del tuo percorso \u00e8 supportato.<\/p><p data-spm-anchor-id=\"a2ty_o01.29997173.0.i54.4901c921uGWVOS\">Sceglieteci come partner strategico per i vostri viaggi d&#039;affari e scoprite come un soggiorno ben progettato pu\u00f2 migliorare le vostre prestazioni in una delle citt\u00e0 pi\u00f9 entusiasmanti dell&#039;Asia.<\/p>\t\t\t\t\t\t\t\t<\/div>\n\t\t\t\t\t<\/div>\n\t\t\t\t<\/div>\n\t\t\t\t<section class=\"elementor-section elementor-top-section elementor-element elementor-element-6b70cc1f elementor-section-stretched elementor-section-boxed elementor-section-gap-beside-yes elementor-section-height-default elementor-section-height-default elementor-section-column-vertical-align-stretch\" data-id=\"6b70cc1f\" data-element_type=\"section\" data-e-type=\"section\" data-settings=\"{&quot;background_background&quot;:&quot;classic&quot;,&quot;stretch_section&quot;:&quot;section-stretched&quot;}\">\n\t\t\t\t\t\t<div class=\"elementor-container elementor-column-gap-extended\">\n\t\t\t\t\t<div class=\"elementor-column elementor-col-100 elementor-top-column elementor-element elementor-element-44479759\" data-id=\"44479759\" data-element_type=\"column\" data-e-type=\"column\">\n\t\t\t<div class=\"elementor-widget-wrap elementor-element-populated\">\n\t\t\t\t\t\t<div class=\"elementor-element elementor-element-6b02632b elementor-widget elementor-widget-nuss-heading\" data-id=\"6b02632b\" data-element_type=\"widget\" data-e-type=\"widget\" data-widget_type=\"nuss-heading.default\">\n\t\t\t\t<div class=\"elementor-widget-container\">\n\t\t\t\t\t\t\t<div class=\"nuss-modern-heading\">\r\n\t\t\t\t\t\t<div class=\"heading-secondary-wrap\">\r\n\t\t\t\t<h3 class=\"heading-secondary elementor-heading-title\">Controlla disponibile <\/h3>\t\t\t<\/div>\r\n\t\t\r\n\t\t\t\r\n\t\t\t\r\n\t\t\t\t\t<\/div>\r\n\t\t\t\t\t<\/div>\n\t\t\t\t<\/div>\n\t\t\t\t<div class=\"elementor-element elementor-element-736cf17b elementor-widget elementor-widget-text-editor\" data-id=\"736cf17b\" data-element_type=\"widget\" data-e-type=\"widget\" data-widget_type=\"text-editor.default\">\n\t\t\t\t\t\t\t\t\t<iframe border=\"0\" src=\"https:\/\/www.trip.com\/partners\/ad\/S5340708?Allianceid=4590391&#038;SID=258889625&#038;trip_sub1=\" style=\"width:1200px;height:200px\" frameborder=\"0\" scrolling=\"no\" id=\"S5340708\"><\/iframe>\t\t\t\t\t\t\t\t<\/div>\n\t\t\t\t\t<\/div>\n\t\t<\/div>\n\t\t\t\t\t<\/div>\n\t\t<\/section>\n\t\t\t\t<\/div>","protected":false},"excerpt":{"rendered":"<p>Sophisticated Business Facilities at Anyee Xinliang Grand Hotel (Chengdu Chunxi Road Taikoo Li) For the modern business traveler, success is not just measured by meetings held or deals closed \u2014 it&#8217;s defined by efficiency, connectivity, and comfort. At Anyee Xinliang Grand Hotel (Chengdu Chunxi Road Taikoo Li), located in the thriving heart of Chengdu\u2019s Jinjiang [&hellip;]<\/p>\n","protected":false},"author":1,"featured_media":0,"parent":0,"menu_order":0,"comment_status":"closed","ping_status":"closed","template":"","meta":{"footnotes":""},"class_list":["post-2109","page","type-page","status-publish","hentry","post-no-thumbnail"],"_links":{"self":[{"href":"https:\/\/anyeexinlianggrandhotel.com\/it\/wp-json\/wp\/v2\/pages\/2109","targetHints":{"allow":["GET"]}}],"collection":[{"href":"https:\/\/anyeexinlianggrandhotel.com\/it\/wp-json\/wp\/v2\/pages"}],"about":[{"href":"https:\/\/anyeexinlianggrandhotel.com\/it\/wp-json\/wp\/v2\/types\/page"}],"author":[{"embeddable":true,"href":"https:\/\/anyeexinlianggrandhotel.com\/it\/wp-json\/wp\/v2\/users\/1"}],"replies":[{"embeddable":true,"href":"https:\/\/anyeexinlianggrandhotel.com\/it\/wp-json\/wp\/v2\/comments?post=2109"}],"version-history":[{"count":0,"href":"https:\/\/anyeexinlianggrandhotel.com\/it\/wp-json\/wp\/v2\/pages\/2109\/revisions"}],"wp:attachment":[{"href":"https:\/\/anyeexinlianggrandhotel.com\/it\/wp-json\/wp\/v2\/media?parent=2109"}],"curies":[{"name":"parola chiave","href":"https:\/\/api.w.org\/{rel}","templated":true}]}}