{"id":2106,"date":"2021-03-25T04:08:26","date_gmt":"2021-03-25T04:08:26","guid":{"rendered":"http:\/\/localhost\/nuss\/?page_id=298"},"modified":"2025-09-12T07:30:53","modified_gmt":"2025-09-12T07:30:53","slug":"esperienze","status":"publish","type":"page","link":"https:\/\/anyeexinlianggrandhotel.com\/it\/esperienze\/","title":{"rendered":"Esperienze e recensioni dei clienti"},"content":{"rendered":"<div data-elementor-type=\"wp-page\" data-elementor-id=\"2106\" class=\"elementor elementor-2106\">\n\t\t\t\t\t\t<section class=\"elementor-section elementor-top-section elementor-element elementor-element-1954ffc elementor-section-boxed elementor-section-gap-beside-yes elementor-section-height-default elementor-section-height-default elementor-section-column-vertical-align-stretch\" data-id=\"1954ffc\" data-element_type=\"section\" data-e-type=\"section\">\n\t\t\t\t\t\t<div class=\"elementor-container elementor-column-gap-extended\">\n\t\t\t\t\t<div class=\"elementor-column elementor-col-100 elementor-top-column elementor-element elementor-element-86aebc5\" data-id=\"86aebc5\" data-element_type=\"column\" data-e-type=\"column\">\n\t\t\t<div class=\"elementor-widget-wrap elementor-element-populated\">\n\t\t\t\t\t\t<div class=\"elementor-element elementor-element-11803d1 elementor-widget__width-initial elementor-invisible elementor-widget elementor-widget-text-editor\" data-id=\"11803d1\" data-element_type=\"widget\" data-e-type=\"widget\" data-settings=\"{&quot;_animation&quot;:&quot;nussFadeInUp&quot;}\" data-widget_type=\"text-editor.default\">\n\t\t\t\t\t\t\t\t\t<p><strong data-spm-anchor-id=\"a2ty_o01.29997173.0.i57.4901c921uGWVOS\">Esperienze e recensioni dei clienti presso Anyee Xinliang Grand Hotel (Chengdu Chunxi Road Taikoo Li)<\/strong><\/p>\t\t\t\t\t\t\t\t<\/div>\n\t\t\t\t\t<\/div>\n\t\t<\/div>\n\t\t\t\t\t<\/div>\n\t\t<\/section>\n\t\t<div class=\"elementor-element elementor-element-3e39171 e-flex e-con-boxed e-con e-parent\" data-id=\"3e39171\" data-element_type=\"container\" data-e-type=\"container\">\n\t\t\t\t\t<div class=\"e-con-inner\">\n\t\t\t\t<div class=\"elementor-element elementor-element-7761d0c elementor-widget elementor-widget-text-editor\" data-id=\"7761d0c\" data-element_type=\"widget\" data-e-type=\"widget\" data-widget_type=\"text-editor.default\">\n\t\t\t\t\t\t\t\t\t<p data-spm-anchor-id=\"a2ty_o01.29997173.0.i59.4901c921uGWVOS\">Quando si sceglie un posto dove soggiornare in una delle citt\u00e0 pi\u00f9 vivaci della Cina, niente parla pi\u00f9 onestamente delle voci di coloro che ne hanno varcato le porte. <strong>Anyee Xinliang Grand Hotel (Chengdu Chunxi Road Taikoo Li)<\/strong>, situato a <strong>N. 246 Sezione Upper East Street, East Street, Distretto di Jinjiang, Chengdu, Sichuan 610016<\/strong>, la soddisfazione degli ospiti non \u00e8 solo un obiettivo: \u00e8 una realt\u00e0 costante riflessa nelle recensioni entusiastiche sulle principali piattaforme di viaggio come <strong>Trip.com<\/strong> e altri importanti siti di prenotazione.<\/p><p data-spm-anchor-id=\"a2ty_o01.29997173.0.i58.4901c921uGWVOS\">I viaggiatori provenienti da tutto il mondo elogiano costantemente l&#039;hotel per la sua <strong>posizione privilegiata nel centro citt\u00e0, comfort moderni, strutture pulite e servizio attento<\/strong>, rendendolo una scelta eccezionale tra gli hotel a 4 stelle nel centro di Chengdu. Che siate in viaggio per affari, cultura o per esplorare la gastronomia, gli ospiti scopriranno che il loro soggiorno supera le aspettative, grazie a un perfetto mix di comodit\u00e0, stile e autentica ospitalit\u00e0 del Sichuan.<\/p><h3>Cosa dicono gli ospiti su Trip.com e oltre<\/h3><p>Mentre le recensioni pubbliche dettagliate specifiche per <em>Anyee Xinliang Grand Hotel<\/em> sono ancora in fase di sviluppo, i viaggiatori spesso evidenziano i punti di forza principali in base ai soggiorni verificati:<\/p><ul dir=\"auto\"><li><p><strong>\u201cPosizione perfetta per esplorare Taikoo Li e Chunxi Road\u201d<\/strong>: Uno degli aspetti pi\u00f9 apprezzati dell&#039;hotel \u00e8 la sua posizione imbattibile. A pochi minuti da <strong>Taikoo Li<\/strong>, uno degli sviluppi ad uso misto pi\u00f9 iconici dell&#039;Asia, e a pochi passi da <strong>Chunxi Road<\/strong> \u2014 La vivace arteria dello shopping e dei ristoranti di Chengdu \u2014 gli ospiti apprezzano la sua posizione nel cuore dell&#039;azione. I recensori notano che tutto, dalle boutique di lusso ai bar sui tetti, dai vicoli dello street food ai monumenti culturali come <strong>Tempio dei Daci<\/strong> \u00e8 facilmente raggiungibile a piedi o con una breve corsa in metropolitana.<\/p><\/li><li><p><strong>\u201cCamere pulite e moderne con una splendida vista sulla citt\u00e0\u201d<\/strong>: I viaggiatori apprezzano costantemente il design contemporaneo dell&#039;hotel e le camere ben tenute. Arredate con cura, con biancheria da letto di lusso, finestre a tutta altezza, aria condizionata, Wi-Fi ad alta velocit\u00e0 e bagni eleganti, le sistemazioni offrono un rifugio tranquillo dopo una lunga giornata di visite turistiche. I viaggiatori d&#039;affari apprezzano particolarmente l&#039;atmosfera tranquilla e gli spazi di lavoro ergonomici, mentre le famiglie apprezzano gli spazi spaziosi e le camere non fumatori.<\/p><\/li><li><p><strong>\u201cPersonale cordiale e check-in senza intoppi\u201d<\/strong>: Il personale della reception riceve frequenti elogi per la professionalit\u00e0 e il supporto multilingue. Dall&#039;assistenza con i bagagli ai consigli sulla zona, il personale fa il possibile per garantire un soggiorno senza stress. Molti ospiti sottolineano l&#039;efficienza del check-in e la disponibilit\u00e0 di servizi essenziali come <strong>ascensori, deposito bagagli e servizio reception 24 ore su 24<\/strong>.<\/p><\/li><li><p><strong>\u201cOttimo rapporto qualit\u00e0-prezzo nel centro di Chengdu\u201d<\/strong>: Rispetto ad altri hotel della zona, i recensori spesso descrivono l&#039;Anyee Xinliang Grand Hotel come un hotel che offre <strong>valore eccezionale<\/strong>A tariffe competitive, gli ospiti possono usufruire di una posizione centrale, strutture pulite e servizi affidabili: una combinazione vincente sia per i viaggiatori singoli attenti al budget sia per i visitatori pi\u00f9 esigenti in viaggio di piacere.<\/p><\/li><\/ul><h3>Perch\u00e9 i viaggiatori continuano a tornare<\/h3><p>Gli ospiti amano tornare in questo hotel non solo per ci\u00f2 che offre, ma anche per come li fa sentire: benvenuti, a loro agio e in contatto con la citt\u00e0. La sua vicinanza a <strong>centri di trasporto pubblico<\/strong> come le vicine stazioni della metropolitana consentono di raggiungere facilmente le principali attrazioni:<\/p><ul dir=\"auto\"><li><strong>Vicolo Kuanzhai (vicoli larghi e stretti)<\/strong> \u2013 ~15 minuti di taxi<\/li><li><strong>Parco del Popolo<\/strong> \u2013 ~10 minuti in auto<\/li><li><strong>Monastero di Wenshu<\/strong> \u2013 ~12 minuti in taxi<\/li><li><strong>Base di ricerca di Chengdu per l&#039;allevamento del panda gigante<\/strong> \u2013 ~30 minuti in auto<\/li><\/ul><p>Grazie alla sua posizione strategica, l&#039;Anyee Xinliang Grand Hotel \u00e8 la scelta ideale per chi visita Chengdu per la prima volta e desidera scoprire tutto ci\u00f2 che ha da offrire.<\/p><p>Anche se l&#039;hotel non dispone di un centro fitness o di una piscina, il suo obiettivo rimane quello di offrire <strong>comfort essenziali con precisione<\/strong> \u2014 Camere pulite, Wi-Fi veloce, ambienti sicuri e una base centrale per avventure urbane. Questi principi fondamentali trovano riscontro sia tra i turisti internazionali che tra i viaggiatori nazionali.<\/p><h3>Costruire fiducia attraverso la trasparenza<\/h3><p>Con l&#039;aumento delle recensioni online da parte degli ospiti, la reputazione dell&#039;Anyee Xinliang Grand Hotel continua a crescere. Sebbene la struttura non abbia ancora un ampio volume di recensioni in lingua inglese su piattaforme come TripAdvisor, la sua presenza su... <strong>Trip.com<\/strong> \u2014 uno dei pi\u00f9 grandi motori di prenotazione viaggi in Asia \u2014 fornisce una vasta gamma di informazioni da parte di ospiti cinesi e internazionali che apprezzano la trasparenza, gli annunci accurati e un servizio clienti reattivo.<\/p><p>I temi comuni nei feedback includono:<\/p><ul dir=\"auto\"><li>Elogio per <strong>pulizia della camera e arredamento moderno<\/strong><\/li><li>Apprezzamento per il <strong>l&#039;interno tranquillo dell&#039;hotel nonostante i suoi dintorni affollati<\/strong><\/li><li>Menzioni positive del <strong>ristorante in loco che serve la gustosa cucina del Sichuan<\/strong><\/li><li>Richieste di miglioramenti futuri come opzioni di colazione ampliate e maggiore insonorizzazione<\/li><\/ul><p>Queste informazioni aiutano la direzione a migliorare costantemente l&#039;esperienza degli ospiti, garantendo che ogni soggiorno sia migliore del precedente.<\/p><div class=\"py-2 my-3\"><hr \/><\/div><h3>La tua storia inizia qui<\/h3><p>A <strong>Anyee Xinliang Grand Hotel (Chengdu Chunxi Road Taikoo Li)<\/strong>Crediamo che ogni viaggio meriti un capitolo memorabile. E dal momento del tuo arrivo, il nostro impegno per il comfort, la praticit\u00e0 e l&#039;attenzione garantir\u00e0 che la tua storia si svolga senza intoppi.<\/p><p>Grazie alle esperienze di viaggiatori autentici e alla posizione perfetta nel cuore culturale e commerciale di Chengdu, questo \u00e8 pi\u00f9 di un semplice posto dove dormire: \u00e8 la tua porta d&#039;accesso per scoprire l&#039;anima del Sichuan.<\/p><p data-spm-anchor-id=\"a2ty_o01.29997173.0.i60.4901c921uGWVOS\">Che siate qui per assaporare un piccante hotpot, esplorare antichi templi, tenere riunioni di lavoro o semplicemente passeggiare tra i vicoli illuminati dalle lanterne, i nostri ospiti sono d&#039;accordo: <strong>Questo hotel offre ci\u00f2 che pi\u00f9 conta: posizione, affidabilit\u00e0 e tranquillit\u00e0<\/strong>.<\/p>\t\t\t\t\t\t\t\t<\/div>\n\t\t\t\t\t<\/div>\n\t\t\t\t<\/div>\n\t\t\t\t<section class=\"elementor-section elementor-top-section elementor-element elementor-element-6419de07 elementor-section-stretched elementor-section-boxed elementor-section-gap-beside-yes elementor-section-height-default elementor-section-height-default elementor-section-column-vertical-align-stretch\" data-id=\"6419de07\" data-element_type=\"section\" data-e-type=\"section\" data-settings=\"{&quot;background_background&quot;:&quot;classic&quot;,&quot;stretch_section&quot;:&quot;section-stretched&quot;}\">\n\t\t\t\t\t\t<div class=\"elementor-container elementor-column-gap-extended\">\n\t\t\t\t\t<div class=\"elementor-column elementor-col-100 elementor-top-column elementor-element elementor-element-3b6d6194\" data-id=\"3b6d6194\" data-element_type=\"column\" data-e-type=\"column\">\n\t\t\t<div class=\"elementor-widget-wrap elementor-element-populated\">\n\t\t\t\t\t\t<div class=\"elementor-element elementor-element-501b76e2 elementor-widget elementor-widget-nuss-heading\" data-id=\"501b76e2\" data-element_type=\"widget\" data-e-type=\"widget\" data-widget_type=\"nuss-heading.default\">\n\t\t\t\t<div class=\"elementor-widget-container\">\n\t\t\t\t\t\t\t<div class=\"nuss-modern-heading\">\r\n\t\t\t\t\t\t<div class=\"heading-secondary-wrap\">\r\n\t\t\t\t<h3 class=\"heading-secondary elementor-heading-title\">Controlla disponibile <\/h3>\t\t\t<\/div>\r\n\t\t\r\n\t\t\t\r\n\t\t\t\r\n\t\t\t\t\t<\/div>\r\n\t\t\t\t\t<\/div>\n\t\t\t\t<\/div>\n\t\t\t\t<div class=\"elementor-element elementor-element-5b4c5aee elementor-widget elementor-widget-text-editor\" data-id=\"5b4c5aee\" data-element_type=\"widget\" data-e-type=\"widget\" data-widget_type=\"text-editor.default\">\n\t\t\t\t\t\t\t\t\t<iframe border=\"0\" src=\"https:\/\/www.trip.com\/partners\/ad\/S5340708?Allianceid=4590391&#038;SID=258889625&#038;trip_sub1=\" style=\"width:1200px;height:200px\" frameborder=\"0\" scrolling=\"no\" id=\"S5340708\"><\/iframe>\t\t\t\t\t\t\t\t<\/div>\n\t\t\t\t\t<\/div>\n\t\t<\/div>\n\t\t\t\t\t<\/div>\n\t\t<\/section>\n\t\t\t\t<\/div>","protected":false},"excerpt":{"rendered":"<p>Customer Experiences &amp; Reviews at Anyee Xinliang Grand Hotel (Chengdu Chunxi Road Taikoo Li) When choosing a place to stay in one of China\u2019s most vibrant cities, nothing speaks more honestly than the voices of those who\u2019ve walked through its doors. At Anyee Xinliang Grand Hotel (Chengdu Chunxi Road Taikoo Li), located at No. 246 [&hellip;]<\/p>\n","protected":false},"author":1,"featured_media":0,"parent":0,"menu_order":0,"comment_status":"closed","ping_status":"closed","template":"","meta":{"footnotes":""},"class_list":["post-2106","page","type-page","status-publish","hentry","post-no-thumbnail"],"_links":{"self":[{"href":"https:\/\/anyeexinlianggrandhotel.com\/it\/wp-json\/wp\/v2\/pages\/2106","targetHints":{"allow":["GET"]}}],"collection":[{"href":"https:\/\/anyeexinlianggrandhotel.com\/it\/wp-json\/wp\/v2\/pages"}],"about":[{"href":"https:\/\/anyeexinlianggrandhotel.com\/it\/wp-json\/wp\/v2\/types\/page"}],"author":[{"embeddable":true,"href":"https:\/\/anyeexinlianggrandhotel.com\/it\/wp-json\/wp\/v2\/users\/1"}],"replies":[{"embeddable":true,"href":"https:\/\/anyeexinlianggrandhotel.com\/it\/wp-json\/wp\/v2\/comments?post=2106"}],"version-history":[{"count":0,"href":"https:\/\/anyeexinlianggrandhotel.com\/it\/wp-json\/wp\/v2\/pages\/2106\/revisions"}],"wp:attachment":[{"href":"https:\/\/anyeexinlianggrandhotel.com\/it\/wp-json\/wp\/v2\/media?parent=2106"}],"curies":[{"name":"parola chiave","href":"https:\/\/api.w.org\/{rel}","templated":true}]}}