{"id":647,"date":"2021-03-29T02:13:52","date_gmt":"2021-03-29T02:13:52","guid":{"rendered":"http:\/\/localhost\/nuss\/?page_id=647"},"modified":"2025-09-12T08:35:13","modified_gmt":"2025-09-12T08:35:13","slug":"services","status":"publish","type":"page","link":"https:\/\/anyeexinlianggrandhotel.com\/fr\/services\/","title":{"rendered":"Services"},"content":{"rendered":"<div data-elementor-type=\"wp-page\" data-elementor-id=\"647\" class=\"elementor elementor-647\">\n\t\t\t\t\t\t<section class=\"elementor-section elementor-top-section elementor-element elementor-element-3353bc8 elementor-section-boxed elementor-section-gap-beside-yes elementor-section-height-default elementor-section-height-default elementor-section-column-vertical-align-stretch\" data-id=\"3353bc8\" data-element_type=\"section\" data-e-type=\"section\">\n\t\t\t\t\t\t<div class=\"elementor-container elementor-column-gap-extended\">\n\t\t\t\t\t<div class=\"elementor-column elementor-col-100 elementor-top-column elementor-element elementor-element-0a2bc64\" data-id=\"0a2bc64\" data-element_type=\"column\" data-e-type=\"column\">\n\t\t\t<div class=\"elementor-widget-wrap elementor-element-populated\">\n\t\t\t\t\t\t<div class=\"elementor-element elementor-element-447e3ef elementor-widget__width-initial elementor-invisible elementor-widget elementor-widget-text-editor\" data-id=\"447e3ef\" data-element_type=\"widget\" data-e-type=\"widget\" data-settings=\"{&quot;_animation&quot;:&quot;nussFadeInUp&quot;}\" data-widget_type=\"text-editor.default\">\n\t\t\t\t\t\t\t\t\t<p><strong data-spm-anchor-id=\"a2ty_o01.29997173.0.i82.4901c921uGWVOS\">Hospitalit\u00e9 haut de gamme et services complets \u00e0 l&#039;Anyee Xinliang Grand Hotel (Chengdu Chunxi Road Taikoo Li)<\/strong><\/p>\t\t\t\t\t\t\t\t<\/div>\n\t\t\t\t\t<\/div>\n\t\t<\/div>\n\t\t\t\t\t<\/div>\n\t\t<\/section>\n\t\t<div class=\"elementor-element elementor-element-76953f7 e-flex e-con-boxed e-con e-parent\" data-id=\"76953f7\" data-element_type=\"container\" data-e-type=\"container\">\n\t\t\t\t\t<div class=\"e-con-inner\">\n\t\t\t\t<div class=\"elementor-element elementor-element-2f32cd6 elementor-widget elementor-widget-text-editor\" data-id=\"2f32cd6\" data-element_type=\"widget\" data-e-type=\"widget\" data-widget_type=\"text-editor.default\">\n\t\t\t\t\t\t\t\t\t<p data-spm-anchor-id=\"a2ty_o01.29997173.0.i83.4901c921uGWVOS\">\u00c0 <strong>Anyee Xinliang Grand Hotel (Chengdu Chunxi Road Taikoo Li)<\/strong>, situ\u00e9 \u00e0 <strong>N\u00b0 246, section Upper East Street, East Street, district de Jinjiang, Chengdu, Sichuan 610016<\/strong>Le service n&#039;est pas une simple fonction\u00a0: c&#039;est la pierre angulaire d&#039;une exp\u00e9rience client exceptionnelle. Depuis son ouverture en 2000, cet h\u00f4tel 4 \u00e9toiles prestigieux a perfectionn\u00e9 son fonctionnement pour offrir un m\u00e9lange harmonieux d&#039;hospitalit\u00e9 chinoise traditionnelle et de confort moderne, s&#039;adressant aussi bien aux voyageurs de loisirs qu&#039;aux professionnels en qu\u00eate d&#039;efficacit\u00e9 et de confort au c\u0153ur de l&#039;une des villes les plus dynamiques de Chine.<\/p><p>D\u00e8s votre arriv\u00e9e, l&#039;engagement envers l&#039;excellence devient \u00e9vident. <strong>R\u00e9ception ouverte 24h\/24<\/strong> accueille ses clients avec chaleur et professionnalisme, avec un personnel multilingue parlant couramment <strong>anglais et chinois mandarin<\/strong>, garantissant une communication claire pour les visiteurs internationaux. Que vous arriviez tard le soir apr\u00e8s un long voyage ou que vous ayez besoin d&#039;une assistance imm\u00e9diate \u00e0 votre arriv\u00e9e, notre \u00e9quipe d\u00e9di\u00e9e est toujours disponible. Les clients ont lou\u00e9 la serviabilit\u00e9 du personnel, l&#039;un d&#039;eux ayant d&#039;ailleurs d\u00e9clar\u00e9\u00a0: <em>\u00ab Le personnel de la r\u00e9ception est tr\u00e8s serviable et enthousiaste, et r\u00e9pond volontiers \u00e0 mes questions sur les d\u00e9placements \u00e0 Chengdu. \u00bb<\/em> Les arriv\u00e9es anticip\u00e9es sont souvent accept\u00e9es lorsque cela est possible, transformant une simple demande en un geste de soin m\u00e9morable.<\/p><div class=\"my-2\">\u00a0<\/div><h3>Des \u00e9quipements bien pens\u00e9s con\u00e7us pour le confort et la commodit\u00e9<\/h3><p>Chaque aspect de l&#039;\u00e9cosyst\u00e8me de services de l&#039;h\u00f4tel est con\u00e7u pour rendre votre s\u00e9jour sans effort. <strong>borne d&#039;enregistrement automatique<\/strong> Offre une alternative rapide et efficace \u00e0 l&#039;enregistrement traditionnel, id\u00e9ale pour les voyageurs f\u00e9rus de technologie ou ceux qui arrivent en dehors des heures de pointe. Pour plus de s\u00e9curit\u00e9 et d&#039;intimit\u00e9, les chambres sont aliment\u00e9es uniquement \u00e0 l&#039;insertion de la carte-cl\u00e9, contr\u00f4lant ainsi l&#039;\u00e9clairage, la climatisation et l&#039;\u00e9lectricit\u00e9\u00a0: un d\u00e9tail essentiel qui am\u00e9liore \u00e0 la fois la s\u00e9curit\u00e9 et l&#039;efficacit\u00e9 \u00e9nerg\u00e9tique.<\/p><p>Les clients appr\u00e9cient les touches pratiques qui am\u00e9liorent le confort au quotidien :<\/p><ul dir=\"auto\"><li><strong>Consigne \u00e0 bagages gratuite<\/strong> avant l&#039;enregistrement ou apr\u00e8s le d\u00e9part, id\u00e9al pour les voyageurs explorant la ville lors de leur dernier jour.<\/li><li><strong>Outils de traduction disponibles<\/strong> \u00e0 la r\u00e9ception, aider les clients chinois et \u00e9trangers qui peuvent \u00eatre confront\u00e9s \u00e0 des barri\u00e8res linguistiques.<\/li><li><strong>Service de conciergerie<\/strong> et <strong>assistance \u00e0 la r\u00e9servation de visites et de billets<\/strong> pour aider \u00e0 planifier des visites aux principales attractions comme <strong>Rue Jinli<\/strong>, <strong>Ruelle Kuanzhai<\/strong>, ou le <strong>Base d&#039;\u00e9levage de pandas<\/strong>.<\/li><li><strong>Enregistrement et d\u00e9part express<\/strong> options pour minimiser les temps d&#039;attente et maximiser votre temps pr\u00e9cieux \u00e0 Chengdu.<\/li><\/ul><div class=\"my-2\">\u00a0<\/div><h3>Des installations pr\u00eates \u00e0 l&#039;emploi pour les professionnels modernes<\/h3><p>Avec <strong>345 chambres et suites bien am\u00e9nag\u00e9es<\/strong>, comprenant des espaces d&#039;affaires d\u00e9di\u00e9s, l&#039;Anyee Xinliang Grand Hotel est \u00e9quip\u00e9 pour r\u00e9pondre aux besoins des voyageurs d&#039;affaires. L&#039;\u00e9tablissement dispose d&#039;un service complet. <strong>centre d&#039;affaires<\/strong> offrant des services essentiels tels que :<\/p><ul dir=\"auto\"><li><strong>Fax et photocopie<\/strong> (moyennant des frais)<\/li><li><strong>Service postal<\/strong><\/li><li><strong>Assistance de secr\u00e9tariat<\/strong><\/li><li><strong>Syst\u00e8mes d&#039;affichage multim\u00e9dia<\/strong><\/li><li><strong>Espaces de coworking<\/strong> et <strong>six salles multifonctionnelles<\/strong><\/li><\/ul><p>Ces installations sont compl\u00e9t\u00e9es par un <strong>salle de conf\u00e9rence<\/strong> (disponible moyennant un suppl\u00e9ment), ce qui rend l&#039;h\u00f4tel id\u00e9al pour les r\u00e9unions, les pr\u00e9sentations et les \u00e9v\u00e9nements en petit comit\u00e9. Un acc\u00e8s internet haut d\u00e9bit est disponible dans tout l&#039;\u00e9tablissement, garantissant une connexion ininterrompue pour le t\u00e9l\u00e9travail, les appels vid\u00e9o ou la collaboration num\u00e9rique.<\/p><p>Pour les clients n\u00e9cessitant un transport terrestre, l&#039;h\u00f4tel propose <strong>services de r\u00e9servation de taxi<\/strong> et <strong>location de voitures<\/strong>, offrant des options fiables pour rejoindre les quartiers d&#039;affaires, les parcs d&#039;exposition ou les transferts a\u00e9roport. Bien que l&#039;h\u00f4tel ne propose pas de navette a\u00e9roport, des taxis et des applications de VTC comme Didi sont facilement accessibles depuis l&#039;entr\u00e9e principale.<\/p><div class=\"my-2\">\u00a0<\/div><h3>Bien-\u00eatre, propret\u00e9 et soutien centr\u00e9 sur le client<\/h3><p>La propret\u00e9 et les soins personnels sont prioritaires dans tous les services. <strong>buanderie<\/strong> au deuxi\u00e8me \u00e9tage se trouve une caract\u00e9ristique remarquable, offrant <strong>machines \u00e0 laver gratuites en libre-service<\/strong> Lessive offerte \u2013 un atout rare et appr\u00e9ci\u00e9 pour les longs s\u00e9jours. Bien que certains clients aient constat\u00e9 des probl\u00e8mes avec les s\u00e8che-linge, la pr\u00e9sence de plusieurs cintres dans chaque placard permet un s\u00e9chage \u00e0 l&#039;air libre facile dans la chambre.<\/p><p>Les services de nettoyage suppl\u00e9mentaires comprennent\u00a0:<\/p><ul dir=\"auto\"><li><strong>Service de blanchisserie sur place<\/strong> (moyennant des frais)<\/li><li><strong>Nettoyage \u00e0 sec<\/strong><\/li><li><strong>Service de repassage<\/strong> (moyennant des frais)<\/li><li><strong>D\u00e9froisseur vapeur et s\u00e8che-linge<\/strong> acc\u00e9der<\/li><\/ul><p>L&#039;h\u00f4tel propose \u00e9galement <strong>\u00e9quipements pour enfants<\/strong> tel que <strong>jouets, pantoufles, peignoirs, brosses \u00e0 dents et options de repas<\/strong>, renfor\u00e7ant ainsi sa r\u00e9putation de destination familiale. Un client ravi a partag\u00e9\u00a0: <em>\u00ab Ils nous ont m\u00eame offert un sac en toile avec un motif panda le jour de notre d\u00e9part, en guise de souvenir. \u00bb<\/em> mettant en valeur les gestes attentionn\u00e9s qui cr\u00e9ent des impressions durables.<\/p><div class=\"my-2\">\u00a0<\/div><h3>Accessibilit\u00e9 et inclusion<\/h3><p>L&#039;Anyee Xinliang Grand Hotel d\u00e9montre un engagement fort en mati\u00e8re d&#039;accessibilit\u00e9, garantissant un s\u00e9jour confortable \u00e0 tous ses clients :<\/p><ul dir=\"auto\"><li><strong>Fauteuils roulants disponibles<\/strong> \u00e0 la demande<\/li><li><strong>Rampes dans les couloirs et les escaliers<\/strong><\/li><li><strong>Dispositifs d&#039;alarme visuelle dans les couloirs<\/strong><\/li><li><strong>Entr\u00e9e principale sans escalier<\/strong><\/li><li><strong>Lecteur d&#039;identification \u00e9lectronique pour l&#039;enregistrement<\/strong>, simplifiant le processus pour les clients nationaux et internationaux<\/li><\/ul><div class=\"my-2\">\u00a0<\/div><h3>Services culinaires et de style de vie<\/h3><p>Au-del\u00e0 de l&#039;h\u00e9bergement, l&#039;h\u00f4tel prend en charge une gamme compl\u00e8te de besoins quotidiens :<\/p><ul dir=\"auto\"><li>Un sur place <strong>restaurant<\/strong> servir authentique <strong>Cuisine du Sichuan et cantonaise<\/strong>, ainsi que des options occidentales.<\/li><li>Un endroit confortable <strong>caf\u00e9<\/strong> et <strong>bar du hall<\/strong> pour des boissons d\u00e9contract\u00e9es ou des collations l\u00e9g\u00e8res.<\/li><li>UN <strong>d\u00e9panneur\/kiosque<\/strong> et <strong>snack-bar<\/strong> pour des achats rapides.<\/li><li><strong>Service de chambre<\/strong> disponible 24 heures sur 24, permettant aux clients de d\u00eener en toute intimit\u00e9 et confort.<\/li><\/ul><p>Les clients ont appr\u00e9ci\u00e9 le service gratuit <strong>boissons et collations<\/strong> Le hall d&#039;entr\u00e9e propose des boissons rafra\u00eechissantes, contribuant \u00e0 l&#039;atmosph\u00e8re chaleureuse. Son emplacement central permet de rejoindre facilement de nombreux restaurants et boutiques, avec un acc\u00e8s direct au quartier chic. <strong>Taikoo Li<\/strong> complexe.<\/p><div class=\"my-2\">\u00a0<\/div><div class=\"py-2 my-3\"><hr \/><\/div><h3>Un h\u00e9ritage d&#039;excellence du service<\/h3><p>Avec un exceptionnel <strong>Note de 9,6\/10 pour le service<\/strong> D&#039;apr\u00e8s plus de 13\u00a0800 avis v\u00e9rifi\u00e9s sur Trip.com, l&#039;Anyee Xinliang Grand Hotel s&#039;est b\u00e2ti une r\u00e9putation de fiabilit\u00e9 et de satisfaction client. Les voyageurs le recommandent r\u00e9guli\u00e8rement. <strong>personnel sympathique, emplacement privil\u00e9gi\u00e9 et support r\u00e9actif<\/strong>, ce qui en fait l&#039;un des h\u00f4tels 4 \u00e9toiles les mieux not\u00e9s de Chengdu.<\/p><p data-spm-anchor-id=\"a2ty_o01.29997173.0.i84.4901c921uGWVOS\">Que vous soyez en voyage d&#039;affaires, en famille ou en immersion culturelle, les services de l&#039;Anyee Xinliang Grand Hotel sont con\u00e7us pour anticiper vos besoins, simplifier votre voyage et vous assurer un s\u00e9jour aussi agr\u00e9able et agr\u00e9able que possible. Plus qu&#039;un simple h\u00f4tel, c&#039;est un partenaire de confiance pour votre aventure \u00e0 Chengdu.<\/p>\t\t\t\t\t\t\t\t<\/div>\n\t\t\t\t\t<\/div>\n\t\t\t\t<\/div>\n\t\t\t\t<section class=\"elementor-section elementor-top-section elementor-element elementor-element-285e6f6c elementor-section-stretched elementor-section-boxed elementor-section-gap-beside-yes elementor-section-height-default elementor-section-height-default elementor-section-column-vertical-align-stretch\" data-id=\"285e6f6c\" data-element_type=\"section\" data-e-type=\"section\" data-settings=\"{&quot;background_background&quot;:&quot;classic&quot;,&quot;stretch_section&quot;:&quot;section-stretched&quot;}\">\n\t\t\t\t\t\t<div class=\"elementor-container elementor-column-gap-extended\">\n\t\t\t\t\t<div class=\"elementor-column elementor-col-100 elementor-top-column elementor-element elementor-element-4ad608d4\" data-id=\"4ad608d4\" data-element_type=\"column\" data-e-type=\"column\">\n\t\t\t<div class=\"elementor-widget-wrap elementor-element-populated\">\n\t\t\t\t\t\t<div class=\"elementor-element elementor-element-1dbd40c5 elementor-widget elementor-widget-nuss-heading\" data-id=\"1dbd40c5\" data-element_type=\"widget\" data-e-type=\"widget\" data-widget_type=\"nuss-heading.default\">\n\t\t\t\t<div class=\"elementor-widget-container\">\n\t\t\t\t\t\t\t<div class=\"nuss-modern-heading\">\r\n\t\t\t\t\t\t<div class=\"heading-secondary-wrap\">\r\n\t\t\t\t<h3 class=\"heading-secondary elementor-heading-title\">Ch\u00e8que disponible <\/h3>\t\t\t<\/div>\r\n\t\t\r\n\t\t\t\r\n\t\t\t\r\n\t\t\t\t\t<\/div>\r\n\t\t\t\t\t<\/div>\n\t\t\t\t<\/div>\n\t\t\t\t<div class=\"elementor-element elementor-element-74af01cf elementor-widget elementor-widget-text-editor\" data-id=\"74af01cf\" data-element_type=\"widget\" data-e-type=\"widget\" data-widget_type=\"text-editor.default\">\n\t\t\t\t\t\t\t\t\t<iframe border=\"0\" src=\"https:\/\/www.trip.com\/partners\/ad\/S5340708?Allianceid=4590391&#038;SID=258889625&#038;trip_sub1=\" style=\"width:1200px;height:200px\" frameborder=\"0\" scrolling=\"no\" id=\"S5340708\"><\/iframe>\t\t\t\t\t\t\t\t<\/div>\n\t\t\t\t\t<\/div>\n\t\t<\/div>\n\t\t\t\t\t<\/div>\n\t\t<\/section>\n\t\t\t\t<\/div>","protected":false},"excerpt":{"rendered":"<p>Elevated Hospitality &amp; Comprehensive Services at Anyee Xinliang Grand Hotel (Chengdu Chunxi Road Taikoo Li) At Anyee Xinliang Grand Hotel (Chengdu Chunxi Road Taikoo Li), located at No. 246 Upper East Street Section, East Street, Jinjiang District, Chengdu, Sichuan 610016, service is not merely a function \u2014 it\u2019s the cornerstone of an exceptional guest experience. [&hellip;]<\/p>\n","protected":false},"author":1,"featured_media":0,"parent":0,"menu_order":0,"comment_status":"closed","ping_status":"closed","template":"","meta":{"footnotes":""},"class_list":["post-647","page","type-page","status-publish","hentry","post-no-thumbnail"],"_links":{"self":[{"href":"https:\/\/anyeexinlianggrandhotel.com\/fr\/wp-json\/wp\/v2\/pages\/647","targetHints":{"allow":["GET"]}}],"collection":[{"href":"https:\/\/anyeexinlianggrandhotel.com\/fr\/wp-json\/wp\/v2\/pages"}],"about":[{"href":"https:\/\/anyeexinlianggrandhotel.com\/fr\/wp-json\/wp\/v2\/types\/page"}],"author":[{"embeddable":true,"href":"https:\/\/anyeexinlianggrandhotel.com\/fr\/wp-json\/wp\/v2\/users\/1"}],"replies":[{"embeddable":true,"href":"https:\/\/anyeexinlianggrandhotel.com\/fr\/wp-json\/wp\/v2\/comments?post=647"}],"version-history":[{"count":0,"href":"https:\/\/anyeexinlianggrandhotel.com\/fr\/wp-json\/wp\/v2\/pages\/647\/revisions"}],"wp:attachment":[{"href":"https:\/\/anyeexinlianggrandhotel.com\/fr\/wp-json\/wp\/v2\/media?parent=647"}],"curies":[{"name":"wp","href":"https:\/\/api.w.org\/{rel}","templated":true}]}}