{"id":2109,"date":"2021-03-26T08:35:58","date_gmt":"2021-03-26T08:35:58","guid":{"rendered":"http:\/\/localhost\/nuss\/?page_id=536"},"modified":"2025-09-12T06:55:31","modified_gmt":"2025-09-12T06:55:31","slug":"installations-commerciales","status":"publish","type":"page","link":"https:\/\/anyeexinlianggrandhotel.com\/fr\/installations-commerciales\/","title":{"rendered":"Installations commerciales"},"content":{"rendered":"<div data-elementor-type=\"wp-page\" data-elementor-id=\"2109\" class=\"elementor elementor-2109\">\n\t\t\t\t\t\t<section class=\"elementor-section elementor-top-section elementor-element elementor-element-bb2901b elementor-section-boxed elementor-section-gap-beside-yes elementor-section-height-default elementor-section-height-default elementor-section-column-vertical-align-stretch\" data-id=\"bb2901b\" data-element_type=\"section\" data-e-type=\"section\">\n\t\t\t\t\t\t<div class=\"elementor-container elementor-column-gap-extended\">\n\t\t\t\t\t<div class=\"elementor-column elementor-col-100 elementor-top-column elementor-element elementor-element-1919db9\" data-id=\"1919db9\" data-element_type=\"column\" data-e-type=\"column\">\n\t\t\t<div class=\"elementor-widget-wrap elementor-element-populated\">\n\t\t\t\t\t\t<div class=\"elementor-element elementor-element-41a7b9c elementor-widget__width-initial elementor-invisible elementor-widget elementor-widget-text-editor\" data-id=\"41a7b9c\" data-element_type=\"widget\" data-e-type=\"widget\" data-settings=\"{&quot;_animation&quot;:&quot;nussFadeInUp&quot;}\" data-widget_type=\"text-editor.default\">\n\t\t\t\t\t\t\t\t\t<p><strong data-spm-anchor-id=\"a2ty_o01.29997173.0.i51.4901c921uGWVOS\">Installations d&#039;affaires sophistiqu\u00e9es \u00e0 l&#039;Anyee Xinliang Grand Hotel (Chengdu Chunxi Road Taikoo Li)<\/strong><\/p>\t\t\t\t\t\t\t\t<\/div>\n\t\t\t\t\t<\/div>\n\t\t<\/div>\n\t\t\t\t\t<\/div>\n\t\t<\/section>\n\t\t<div class=\"elementor-element elementor-element-57f7c85 e-flex e-con-boxed e-con e-parent\" data-id=\"57f7c85\" data-element_type=\"container\" data-e-type=\"container\">\n\t\t\t\t\t<div class=\"e-con-inner\">\n\t\t\t\t<div class=\"elementor-element elementor-element-9eea971 elementor-widget elementor-widget-nuss-image-gallery\" data-id=\"9eea971\" data-element_type=\"widget\" data-e-type=\"widget\" data-widget_type=\"nuss-image-gallery.default\">\n\t\t\t\t<div class=\"elementor-widget-container\">\n\t\t\t\t\t\t\t<div class=\"nuss-grid-wrapper\" data-grid=\"{&quot;type&quot;:&quot;grid&quot;,&quot;ratio&quot;:null,&quot;columns&quot;:3,&quot;gutter&quot;:30}\">\r\n\t\t\t<div class=\"nuss-grid lazy-grid\">\r\n\t\t\t\t<div class=\"grid-sizer\"><\/div>\r\n\r\n\t\t\t\t\t\t\t\t\t\t\t\t<div class=\"grid-item\">\r\n\t\t\t\t\t\t<div class=\"nuss-box\">\t\t<div class=\"nuss-image image\">\r\n\t\t\t<img decoding=\"async\"  src=\"https:\/\/anyeexinlianggrandhotel.com\/wp-content\/uploads\/2025\/09\/Anyee-Xinliang-Grand-Hotel-154.webp\" alt=\"Anyee Xinliang Grand Hotel (154)\" \/>\t\t<\/div>\r\n\t\t\t\t<\/div>\t\t\t\t\t<\/div>\r\n\t\t\t\t\t\t<div class=\"grid-item\">\r\n\t\t\t\t\t\t<div class=\"nuss-box\">\t\t<div class=\"nuss-image image\">\r\n\t\t\t<img decoding=\"async\"  src=\"https:\/\/anyeexinlianggrandhotel.com\/wp-content\/uploads\/2025\/09\/Anyee-Xinliang-Grand-Hotel-131.webp\" alt=\"Anyee Xinliang Grand Hotel (131)\" \/>\t\t<\/div>\r\n\t\t\t\t<\/div>\t\t\t\t\t<\/div>\r\n\t\t\t\t\t\t<div class=\"grid-item\">\r\n\t\t\t\t\t\t<div class=\"nuss-box\">\t\t<div class=\"nuss-image image\">\r\n\t\t\t<img decoding=\"async\"  src=\"https:\/\/anyeexinlianggrandhotel.com\/wp-content\/uploads\/2025\/09\/Anyee-Xinliang-Grand-Hotel-129.webp\" alt=\"Anyee Xinliang Grand Hotel (129)\" \/>\t\t<\/div>\r\n\t\t\t\t<\/div>\t\t\t\t\t<\/div>\r\n\t\t\t\t\t\t<div class=\"grid-item\">\r\n\t\t\t\t\t\t<div class=\"nuss-box\">\t\t<div class=\"nuss-image image\">\r\n\t\t\t<img decoding=\"async\"  src=\"https:\/\/anyeexinlianggrandhotel.com\/wp-content\/uploads\/2025\/09\/Anyee-Xinliang-Grand-Hotel-130.webp\" alt=\"Anyee Xinliang Grand Hotel (130)\" \/>\t\t<\/div>\r\n\t\t\t\t<\/div>\t\t\t\t\t<\/div>\r\n\t\t\t\t\t\t<div class=\"grid-item\">\r\n\t\t\t\t\t\t<div class=\"nuss-box\">\t\t<div class=\"nuss-image image\">\r\n\t\t\t<img decoding=\"async\"  src=\"https:\/\/anyeexinlianggrandhotel.com\/wp-content\/uploads\/2025\/09\/Anyee-Xinliang-Grand-Hotel-105.webp\" alt=\"Anyee Xinliang Grand Hotel (105)\" \/>\t\t<\/div>\r\n\t\t\t\t<\/div>\t\t\t\t\t<\/div>\r\n\t\t\t\t\t\t<div class=\"grid-item\">\r\n\t\t\t\t\t\t<div class=\"nuss-box\">\t\t<div class=\"nuss-image image\">\r\n\t\t\t<img decoding=\"async\"  src=\"https:\/\/anyeexinlianggrandhotel.com\/wp-content\/uploads\/2025\/09\/Anyee-Xinliang-Grand-Hotel-13.webp\" alt=\"Anyee Xinliang Grand Hotel (13)\" \/>\t\t<\/div>\r\n\t\t\t\t<\/div>\t\t\t\t\t<\/div>\r\n\t\t\t\t\t\t<div class=\"grid-item\">\r\n\t\t\t\t\t\t<div class=\"nuss-box\">\t\t<div class=\"nuss-image image\">\r\n\t\t\t<img decoding=\"async\"  src=\"https:\/\/anyeexinlianggrandhotel.com\/wp-content\/uploads\/2025\/09\/Anyee-Xinliang-Grand-Hotel-12.webp\" alt=\"Anyee Xinliang Grand Hotel (12)\" \/>\t\t<\/div>\r\n\t\t\t\t<\/div>\t\t\t\t\t<\/div>\r\n\t\t\t\t\t\t<div class=\"grid-item\">\r\n\t\t\t\t\t\t<div class=\"nuss-box\">\t\t<div class=\"nuss-image image\">\r\n\t\t\t<img decoding=\"async\"  src=\"https:\/\/anyeexinlianggrandhotel.com\/wp-content\/uploads\/2025\/09\/Anyee-Xinliang-Grand-Hotel-119.webp\" alt=\"Anyee Xinliang Grand Hotel (119)\" \/>\t\t<\/div>\r\n\t\t\t\t<\/div>\t\t\t\t\t<\/div>\r\n\t\t\t\t\t\t<div class=\"grid-item\">\r\n\t\t\t\t\t\t<div class=\"nuss-box\">\t\t<div class=\"nuss-image image\">\r\n\t\t\t<img decoding=\"async\"  src=\"https:\/\/anyeexinlianggrandhotel.com\/wp-content\/uploads\/2025\/09\/Anyee-Xinliang-Grand-Hotel-101.webp\" alt=\"Anyee Xinliang Grand Hotel (101)\" \/>\t\t<\/div>\r\n\t\t\t\t<\/div>\t\t\t\t\t<\/div>\r\n\t\t\t\t\t\t\t\r\n\t\t\t<\/div>\r\n\t\t<\/div>\r\n\t\t\t\t\t\t<\/div>\n\t\t\t\t<\/div>\n\t\t\t\t\t<\/div>\n\t\t\t\t<\/div>\n\t\t<div class=\"elementor-element elementor-element-2476d16 e-flex e-con-boxed e-con e-parent\" data-id=\"2476d16\" data-element_type=\"container\" data-e-type=\"container\">\n\t\t\t\t\t<div class=\"e-con-inner\">\n\t\t\t\t<div class=\"elementor-element elementor-element-cbefb1c elementor-widget elementor-widget-text-editor\" data-id=\"cbefb1c\" data-element_type=\"widget\" data-e-type=\"widget\" data-widget_type=\"text-editor.default\">\n\t\t\t\t\t\t\t\t\t<p data-spm-anchor-id=\"a2ty_o01.29997173.0.i53.4901c921uGWVOS\">Pour le voyageur d&#039;affaires moderne, le succ\u00e8s ne se mesure pas seulement aux r\u00e9unions tenues ou aux affaires conclues\u00a0: il se d\u00e9finit par l&#039;efficacit\u00e9, la connectivit\u00e9 et le confort. <strong>Anyee Xinliang Grand Hotel (Chengdu Chunxi Road Taikoo Li)<\/strong>, situ\u00e9 au c\u0153ur florissant du district de Jinjiang \u00e0 Chengdu, <strong>N\u00b0 246 Section Upper East Street, East Street<\/strong>Nous comprenons qu&#039;un voyage productif commence par un environnement harmonieux. C&#039;est pourquoi notre h\u00f4tel va au-del\u00e0 de l&#039;h\u00e9bergement standard et propose une suite raffin\u00e9e. <strong>installations et services aux entreprises<\/strong> con\u00e7u pour les professionnels qui exigent l&#039;excellence.<\/p><p>Situ\u00e9 dans l&#039;un des p\u00f4les \u00e9conomiques les plus dynamiques de Chine, notre h\u00f4tel vous place \u00e0 quelques pas de <strong>Taikoo Li<\/strong>, <strong>Route de Chunxi<\/strong>et des principaux centres commerciaux de la ville, ce qui en fait un point de d\u00e9part id\u00e9al pour les voyageurs d&#039;affaires, les entrepreneurs et les d\u00e9l\u00e9gu\u00e9s internationaux. Que vous participiez \u00e0 une n\u00e9gociation \u00e0 enjeux \u00e9lev\u00e9s, que vous pr\u00e9sentiez des partenaires locaux ou que vous dirigiez une \u00e9quipe \u00e0 distance sur plusieurs fuseaux horaires, nos \u00e9quipements professionnels soigneusement con\u00e7us vous permettent de rester concentr\u00e9, connect\u00e9 et en avance sur votre planning.<\/p><div class=\"my-2\">\u00a0<\/div><h3>Un environnement productif con\u00e7u pour les professionnels<\/h3><p>Nos chambres sont bien plus que de simples lieux de repos\u00a0: ce sont des espaces de travail fonctionnels, \u00e9quip\u00e9s de tout le n\u00e9cessaire pour une productivit\u00e9 optimale en d\u00e9placement. Chaque chambre comprend\u00a0:<\/p><ul dir=\"auto\"><li><strong>Bureaux ergonomiques<\/strong> avec un \u00e9clairage suffisant<\/li><li><strong>Wi-Fi haut d\u00e9bit et stable<\/strong> dans toute la propri\u00e9t\u00e9<\/li><li><strong>T\u00e9l\u00e9viseurs intelligents<\/strong> compatible avec la mise en miroir d&#039;\u00e9cran sans fil<\/li><li><strong>Prises de courant universelles et ports de chargement USB<\/strong><\/li><li><strong>Climatisation silencieuse<\/strong> pour une concentration sans distraction<\/li><\/ul><p>Qu&#039;il s&#039;agisse de r\u00e9diger un rapport \u00e0 minuit ou de pr\u00e9parer une vid\u00e9oconf\u00e9rence matinale, l&#039;ambiance calme et la technologie moderne cr\u00e9ent la toile de fond id\u00e9ale pour un travail ininterrompu.<\/p><p>Pour les clients n\u00e9cessitant des espaces de r\u00e9union formels, notre h\u00f4tel offre l&#039;acc\u00e8s \u00e0 <strong>salles de conf\u00e9rence multifonctionnelles<\/strong> Id\u00e9al pour les petites r\u00e9unions d&#039;\u00e9quipe, les pr\u00e9sentations clients ou les discussions priv\u00e9es. \u00c9quip\u00e9s de syst\u00e8mes audiovisuels, de projecteurs, de microphones et d&#039;une connexion internet fiable, ces espaces flexibles s&#039;adaptent \u00e0 vos besoins sp\u00e9cifiques. Notre \u00e9quipe d&#039;accueil vous offre un accompagnement complet\u00a0: coordination de l&#039;installation, services d&#039;impression et assistance \u00e0 la planification, garantissant ainsi une gestion rigoureuse de chaque d\u00e9tail.<\/p><div class=\"my-2\">\u00a0<\/div><h3>Services de connectivit\u00e9 et d&#039;assistance transparents<\/h3><p>Dans le monde tr\u00e9pidant d&#039;aujourd&#039;hui, rester connect\u00e9 n&#039;est pas une option, c&#039;est essentiel. \u00c0 l&#039;Anyee Xinliang Grand Hotel, nous vous proposons <strong>Wi-Fi haut d\u00e9bit gratuit dans toutes les chambres et les espaces publics<\/strong>, vous permettant de diffuser, de t\u00e9l\u00e9charger et de collaborer sans d\u00e9lai. Le r\u00e9seau est optimis\u00e9 pour une utilisation professionnelle et prend en charge les appels vid\u00e9o s\u00e9curis\u00e9s via Zoom, Teams ou WeChat, pour que vous ne manquiez jamais un moment important.<\/p><p>Nous proposons \u00e9galement :<\/p><ul dir=\"auto\"><li><strong>Service de r\u00e9ception 24h\/24<\/strong> avec un personnel multilingue disponible pour r\u00e9pondre aux demandes de derni\u00e8re minute.<\/li><li><strong>Enregistrement et d\u00e9part express<\/strong> pour maximiser votre temps pr\u00e9cieux.<\/li><li><strong>Consigne \u00e0 bagages<\/strong> avant l&#039;arriv\u00e9e ou apr\u00e8s le d\u00e9part, id\u00e9al pour ceux qui ont des horaires de vol serr\u00e9s.<\/li><li><strong>Outils de traduction et conseils locaux<\/strong> pour vous aider \u00e0 naviguer en toute confiance dans le paysage commercial de Chengdu.<\/li><\/ul><p>Besoin d&#039;imprimer des contrats, d&#039;envoyer des documents ou de r\u00e9server un taxi pour un rendez-vous client\u00a0? Notre \u00e9quipe attentionn\u00e9e est l\u00e0 pour vous aider. <strong>services de fax\/copie<\/strong>, <strong>soutien postal<\/strong>, et <strong>modalit\u00e9s de transport<\/strong>, minimisant le stress logistique et vous permettant de vous concentrer sur ce qui compte le plus.<\/p><div class=\"my-2\">\u00a0<\/div><h3>Emplacement strat\u00e9gique pour la r\u00e9ussite commerciale<\/h3><p>Chengdu s&#039;impose rapidement comme un p\u00f4le mondial d&#039;innovation et de technologie, accueillant des multinationales, des start-ups technologiques, des institutions financi\u00e8res et des agences de cr\u00e9ation. Situ\u00e9e dans le prestigieux quartier de Chengdu, <strong>District de Jinjiang<\/strong>L&#039;Anyee Xinliang Grand Hotel offre un acc\u00e8s in\u00e9gal\u00e9 \u00e0 cet \u00e9cosyst\u00e8me dynamique.<\/p><p>\u00c0 quelques minutes seulement, <strong>Taikoo Li<\/strong> n&#039;est pas seulement une destination de shopping de luxe\u00a0: elle abrite des bureaux embl\u00e9matiques, des espaces de coworking et des lieux de r\u00e9seautage o\u00f9 se r\u00e9unissent les leaders du secteur. <strong>Route de Chunxi<\/strong> Le quartier constitue l&#039;\u00e9pine dorsale commerciale de la ville, bord\u00e9 de banques, de si\u00e8ges sociaux et de prestataires de services. Les transports en commun sont faciles d&#039;acc\u00e8s\u00a0: les stations de m\u00e9tro les plus proches sont accessibles \u00e0 pied, vous permettant de rejoindre directement les quartiers d&#039;affaires, les parcs d&#039;exposition et les administrations.<\/p><p>Ce positionnement central fait de notre h\u00f4tel un choix privil\u00e9gi\u00e9 pour les professionnels en visite pour des conf\u00e9rences \u00e0 <strong>Nouveau centre international de congr\u00e8s et d&#039;expositions de Chengdu Century City<\/strong>, en explorant les opportunit\u00e9s d&#039;investissement dans l&#039;\u00e9conomie en plein essor du Sichuan ou en menant des \u00e9tudes de march\u00e9 dans l&#039;ouest de la Chine.<\/p><div class=\"my-2\">\u00a0<\/div><h3>Le bien-\u00eatre rencontre l&#039;\u00e9quilibre entre vie professionnelle et vie priv\u00e9e<\/h3><p>Nous savons qu&#039;une performance durable exige un \u00e9quilibre. C&#039;est pourquoi nos offres d&#039;affaires vont au-del\u00e0 de la logistique et incluent des services ax\u00e9s sur le bien-\u00eatre qui favorisent la clart\u00e9 mentale et l&#039;\u00e9nergie physique. Bien que l&#039;h\u00f4tel ne dispose pas de salle de sport, son emplacement encourage l&#039;activit\u00e9 physique, qu&#039;il s&#039;agisse d&#039;une marche rapide dans les parcs voisins ou d&#039;une s\u00e9ance matinale de tai-chi. <strong>Parc du Peuple<\/strong>, ou une promenade apr\u00e8s la r\u00e9union le long des rues bord\u00e9es d&#039;arbres.<\/p><p>Le restaurant sur place propose des petits-d\u00e9jeuners nourrissants et des repas \u00e9quilibr\u00e9s, compos\u00e9s de cuisine chinoise et internationale, pour vous aider \u00e0 rester au meilleur de votre forme tout au long de votre s\u00e9jour. Apr\u00e8s une longue journ\u00e9e de n\u00e9gociations ou de pr\u00e9sentations, d\u00e9tendez-vous dans le confort paisible de votre chambre \u00e9l\u00e9gante, o\u00f9 la literie moelleuse et les fen\u00eatres insonoris\u00e9es vous garantissent un sommeil profond et r\u00e9parateur.<\/p><div class=\"my-2\">\u00a0<\/div><h3>Approuv\u00e9 par les voyageurs pour son confort et sa commodit\u00e9<\/h3><p>Les clients f\u00e9licitent r\u00e9guli\u00e8rement l&#039;h\u00f4tel pour son <strong>excellent emplacement<\/strong>, <strong>propret\u00e9<\/strong>, et <strong>service r\u00e9actif<\/strong> \u2014 autant de facteurs essentiels \u00e0 la r\u00e9ussite d&#039;un voyage d&#039;affaires. Gr\u00e2ce \u00e0 un acc\u00e8s facile aux restaurants, aux boutiques et aux transports en commun, vous passerez moins de temps \u00e0 vous d\u00e9placer et plus de temps \u00e0 atteindre vos objectifs.<\/p><p>\u00c0 <strong>Anyee Xinliang Grand Hotel (Chengdu Chunxi Road Taikoo Li)<\/strong>, nous ne fournissons pas seulement un lieu de s\u00e9jour \u2014 nous offrons une exp\u00e9rience de qualit\u00e9 professionnelle ancr\u00e9e dans <strong>efficacit\u00e9, fiabilit\u00e9 et sophistication urbaine<\/strong>De votre premier email envoy\u00e9 \u00e0 l&#039;aube jusqu&#039;\u00e0 votre derni\u00e8re poign\u00e9e de main de la journ\u00e9e, chaque aspect de votre parcours est pris en charge.<\/p><p data-spm-anchor-id=\"a2ty_o01.29997173.0.i54.4901c921uGWVOS\">Choisissez-nous comme partenaire strat\u00e9gique en voyages d&#039;affaires et d\u00e9couvrez comment un s\u00e9jour bien con\u00e7u peut am\u00e9liorer vos performances dans l&#039;une des villes les plus passionnantes d&#039;Asie.<\/p>\t\t\t\t\t\t\t\t<\/div>\n\t\t\t\t\t<\/div>\n\t\t\t\t<\/div>\n\t\t\t\t<section class=\"elementor-section elementor-top-section elementor-element elementor-element-6b70cc1f elementor-section-stretched elementor-section-boxed elementor-section-gap-beside-yes elementor-section-height-default elementor-section-height-default elementor-section-column-vertical-align-stretch\" data-id=\"6b70cc1f\" data-element_type=\"section\" data-e-type=\"section\" data-settings=\"{&quot;background_background&quot;:&quot;classic&quot;,&quot;stretch_section&quot;:&quot;section-stretched&quot;}\">\n\t\t\t\t\t\t<div class=\"elementor-container elementor-column-gap-extended\">\n\t\t\t\t\t<div class=\"elementor-column elementor-col-100 elementor-top-column elementor-element elementor-element-44479759\" data-id=\"44479759\" data-element_type=\"column\" data-e-type=\"column\">\n\t\t\t<div class=\"elementor-widget-wrap elementor-element-populated\">\n\t\t\t\t\t\t<div class=\"elementor-element elementor-element-6b02632b elementor-widget elementor-widget-nuss-heading\" data-id=\"6b02632b\" data-element_type=\"widget\" data-e-type=\"widget\" data-widget_type=\"nuss-heading.default\">\n\t\t\t\t<div class=\"elementor-widget-container\">\n\t\t\t\t\t\t\t<div class=\"nuss-modern-heading\">\r\n\t\t\t\t\t\t<div class=\"heading-secondary-wrap\">\r\n\t\t\t\t<h3 class=\"heading-secondary elementor-heading-title\">Ch\u00e8que disponible <\/h3>\t\t\t<\/div>\r\n\t\t\r\n\t\t\t\r\n\t\t\t\r\n\t\t\t\t\t<\/div>\r\n\t\t\t\t\t<\/div>\n\t\t\t\t<\/div>\n\t\t\t\t<div class=\"elementor-element elementor-element-736cf17b elementor-widget elementor-widget-text-editor\" data-id=\"736cf17b\" data-element_type=\"widget\" data-e-type=\"widget\" data-widget_type=\"text-editor.default\">\n\t\t\t\t\t\t\t\t\t<iframe border=\"0\" src=\"https:\/\/www.trip.com\/partners\/ad\/S5340708?Allianceid=4590391&#038;SID=258889625&#038;trip_sub1=\" style=\"width:1200px;height:200px\" frameborder=\"0\" scrolling=\"no\" id=\"S5340708\"><\/iframe>\t\t\t\t\t\t\t\t<\/div>\n\t\t\t\t\t<\/div>\n\t\t<\/div>\n\t\t\t\t\t<\/div>\n\t\t<\/section>\n\t\t\t\t<\/div>","protected":false},"excerpt":{"rendered":"<p>Sophisticated Business Facilities at Anyee Xinliang Grand Hotel (Chengdu Chunxi Road Taikoo Li) For the modern business traveler, success is not just measured by meetings held or deals closed \u2014 it&#8217;s defined by efficiency, connectivity, and comfort. At Anyee Xinliang Grand Hotel (Chengdu Chunxi Road Taikoo Li), located in the thriving heart of Chengdu\u2019s Jinjiang [&hellip;]<\/p>\n","protected":false},"author":1,"featured_media":0,"parent":0,"menu_order":0,"comment_status":"closed","ping_status":"closed","template":"","meta":{"footnotes":""},"class_list":["post-2109","page","type-page","status-publish","hentry","post-no-thumbnail"],"_links":{"self":[{"href":"https:\/\/anyeexinlianggrandhotel.com\/fr\/wp-json\/wp\/v2\/pages\/2109","targetHints":{"allow":["GET"]}}],"collection":[{"href":"https:\/\/anyeexinlianggrandhotel.com\/fr\/wp-json\/wp\/v2\/pages"}],"about":[{"href":"https:\/\/anyeexinlianggrandhotel.com\/fr\/wp-json\/wp\/v2\/types\/page"}],"author":[{"embeddable":true,"href":"https:\/\/anyeexinlianggrandhotel.com\/fr\/wp-json\/wp\/v2\/users\/1"}],"replies":[{"embeddable":true,"href":"https:\/\/anyeexinlianggrandhotel.com\/fr\/wp-json\/wp\/v2\/comments?post=2109"}],"version-history":[{"count":0,"href":"https:\/\/anyeexinlianggrandhotel.com\/fr\/wp-json\/wp\/v2\/pages\/2109\/revisions"}],"wp:attachment":[{"href":"https:\/\/anyeexinlianggrandhotel.com\/fr\/wp-json\/wp\/v2\/media?parent=2109"}],"curies":[{"name":"wp","href":"https:\/\/api.w.org\/{rel}","templated":true}]}}