{"id":2106,"date":"2021-03-25T04:08:26","date_gmt":"2021-03-25T04:08:26","guid":{"rendered":"http:\/\/localhost\/nuss\/?page_id=298"},"modified":"2025-09-12T07:30:53","modified_gmt":"2025-09-12T07:30:53","slug":"experiences","status":"publish","type":"page","link":"https:\/\/anyeexinlianggrandhotel.com\/fr\/experiences\/","title":{"rendered":"Exp\u00e9riences et avis clients"},"content":{"rendered":"<div data-elementor-type=\"wp-page\" data-elementor-id=\"2106\" class=\"elementor elementor-2106\">\n\t\t\t\t\t\t<section class=\"elementor-section elementor-top-section elementor-element elementor-element-1954ffc elementor-section-boxed elementor-section-gap-beside-yes elementor-section-height-default elementor-section-height-default elementor-section-column-vertical-align-stretch\" data-id=\"1954ffc\" data-element_type=\"section\" data-e-type=\"section\">\n\t\t\t\t\t\t<div class=\"elementor-container elementor-column-gap-extended\">\n\t\t\t\t\t<div class=\"elementor-column elementor-col-100 elementor-top-column elementor-element elementor-element-86aebc5\" data-id=\"86aebc5\" data-element_type=\"column\" data-e-type=\"column\">\n\t\t\t<div class=\"elementor-widget-wrap elementor-element-populated\">\n\t\t\t\t\t\t<div class=\"elementor-element elementor-element-11803d1 elementor-widget__width-initial elementor-invisible elementor-widget elementor-widget-text-editor\" data-id=\"11803d1\" data-element_type=\"widget\" data-e-type=\"widget\" data-settings=\"{&quot;_animation&quot;:&quot;nussFadeInUp&quot;}\" data-widget_type=\"text-editor.default\">\n\t\t\t\t\t\t\t\t\t<p><strong data-spm-anchor-id=\"a2ty_o01.29997173.0.i57.4901c921uGWVOS\">Exp\u00e9riences et avis clients \u00e0 l&#039;Anyee Xinliang Grand Hotel (Chengdu Chunxi Road Taikoo Li)<\/strong><\/p>\t\t\t\t\t\t\t\t<\/div>\n\t\t\t\t\t<\/div>\n\t\t<\/div>\n\t\t\t\t\t<\/div>\n\t\t<\/section>\n\t\t<div class=\"elementor-element elementor-element-3e39171 e-flex e-con-boxed e-con e-parent\" data-id=\"3e39171\" data-element_type=\"container\" data-e-type=\"container\">\n\t\t\t\t\t<div class=\"e-con-inner\">\n\t\t\t\t<div class=\"elementor-element elementor-element-7761d0c elementor-widget elementor-widget-text-editor\" data-id=\"7761d0c\" data-element_type=\"widget\" data-e-type=\"widget\" data-widget_type=\"text-editor.default\">\n\t\t\t\t\t\t\t\t\t<p data-spm-anchor-id=\"a2ty_o01.29997173.0.i59.4901c921uGWVOS\">Lorsque vous choisissez un lieu de s\u00e9jour dans l&#039;une des villes les plus dynamiques de Chine, rien ne parle plus honn\u00eatement que les voix de ceux qui ont franchi ses portes. <strong>Anyee Xinliang Grand Hotel (Chengdu Chunxi Road Taikoo Li)<\/strong>, situ\u00e9 \u00e0 <strong>N\u00b0 246, section Upper East Street, East Street, district de Jinjiang, Chengdu, Sichuan 610016<\/strong>La satisfaction des clients n&#039;est pas seulement un objectif : c&#039;est une r\u00e9alit\u00e9 constante qui se refl\u00e8te dans les critiques \u00e9logieuses sur les principales plateformes de voyage comme <strong>Trip.com<\/strong> et d&#039;autres sites de r\u00e9servation majeurs.<\/p><p data-spm-anchor-id=\"a2ty_o01.29997173.0.i58.4901c921uGWVOS\">Les voyageurs du monde entier font r\u00e9guli\u00e8rement l&#039;\u00e9loge de l&#039;h\u00f4tel pour son <strong>emplacement privil\u00e9gi\u00e9 au centre-ville, confort moderne, installations propres et service attentionn\u00e9<\/strong>, ce qui en fait un choix de choix parmi les h\u00e9bergements 4 \u00e9toiles du centre de Chengdu. Que ce soit pour des raisons professionnelles, culturelles ou culinaires, les clients trouveront leur s\u00e9jour au-del\u00e0 de leurs attentes, gr\u00e2ce \u00e0 un m\u00e9lange harmonieux de confort, de style et d&#039;hospitalit\u00e9 authentique du Sichuan.<\/p><h3>Ce que disent les clients sur Trip.com et au-del\u00e0<\/h3><p>Bien que des examens publics d\u00e9taill\u00e9s et sp\u00e9cifiques \u00e0 <em>Anyee Xinliang Grand Hotel<\/em> sont encore \u00e9mergents, les voyageurs soulignent fr\u00e9quemment leurs principaux atouts sur la base de s\u00e9jours v\u00e9rifi\u00e9s :<\/p><ul dir=\"auto\"><li><p><strong>\u00ab\u00a0Emplacement id\u00e9al pour explorer Taikoo Li et Chunxi Road\u00a0\u00bb<\/strong>: L&#039;un des aspects les plus c\u00e9l\u00e8bres de l&#039;h\u00f4tel est son adresse imbattable. \u00c0 quelques minutes de <strong>Taikoo Li<\/strong>, l&#039;un des d\u00e9veloppements \u00e0 usage mixte les plus embl\u00e9matiques d&#039;Asie, \u00e0 quelques pas de <strong>Route de Chunxi<\/strong> \u2014 L&#039;art\u00e8re commer\u00e7ante et gastronomique anim\u00e9e de Chengdu \u2014 les clients appr\u00e9cient d&#039;\u00eatre au c\u0153ur de l&#039;action. Les clients appr\u00e9cient tout, des boutiques de luxe et des bars sur les toits aux all\u00e9es de street food et aux sites culturels comme <strong>Temple Daci<\/strong> est facilement accessible \u00e0 pied ou via un court trajet en m\u00e9tro.<\/p><\/li><li><p><strong>\u00ab\u00a0Chambres propres et modernes avec une vue imprenable sur la ville\u00a0\u00bb<\/strong>Les voyageurs appr\u00e9cient syst\u00e9matiquement le design contemporain et l&#039;entretien soign\u00e9 des chambres de l&#039;h\u00f4tel. Soigneusement am\u00e9nag\u00e9es avec une literie moelleuse, de grandes baies vitr\u00e9es, la climatisation, le Wi-Fi haut d\u00e9bit et des salles de bains \u00e9l\u00e9gantes, les chambres offrent un havre de paix apr\u00e8s une longue journ\u00e9e de visites. Les voyageurs d&#039;affaires appr\u00e9cient particuli\u00e8rement l&#039;ambiance calme et les espaces de travail ergonomiques, tandis que les familles appr\u00e9cient les am\u00e9nagements spacieux et les chambres non-fumeurs.<\/p><\/li><li><p><strong>\u00ab Personnel sympathique et enregistrement fluide \u00bb<\/strong>L&#039;\u00e9quipe de la r\u00e9ception est r\u00e9guli\u00e8rement f\u00e9licit\u00e9e pour son professionnalisme et son assistance multilingue. De l&#039;aide aux bagages aux recommandations locales, le personnel met tout en \u0153uvre pour garantir un s\u00e9jour serein. De nombreux clients soulignent l&#039;efficacit\u00e9 de l&#039;enregistrement et la disponibilit\u00e9 de services essentiels, tels que <strong>ascenseurs, consigne \u00e0 bagages et r\u00e9ception ouverte 24h\/24<\/strong>.<\/p><\/li><li><p><strong>\u00ab Excellent rapport qualit\u00e9-prix au centre de Chengdu \u00bb<\/strong>:Par rapport aux autres h\u00f4tels de la r\u00e9gion, les critiques d\u00e9crivent souvent l&#039;Anyee Xinliang Grand Hotel comme offrant <strong>valeur exceptionnelle<\/strong>Pour un tarif comp\u00e9titif, les clients b\u00e9n\u00e9ficient d&#039;une adresse centrale, d&#039;installations propres et de services fiables - une combinaison gagnante pour les voyageurs solitaires soucieux de leur budget et les visiteurs de loisirs exigeants.<\/p><\/li><\/ul><h3>Pourquoi les voyageurs reviennent sans cesse<\/h3><p>Les clients appr\u00e9cient revenir dans cet h\u00f4tel non seulement pour ses offres, mais aussi pour l&#039;ambiance chaleureuse, le confort et l&#039;intimit\u00e9 qu&#039;il offre \u00e0 la ville. Sa proximit\u00e9 avec <strong>p\u00f4les de transport public<\/strong> comme les stations de m\u00e9tro \u00e0 proximit\u00e9 permettent un acc\u00e8s sans effort aux principales attractions :<\/p><ul dir=\"auto\"><li><strong>Ruelle Kuanzhai (ruelles larges et \u00e9troites)<\/strong> \u2013 environ 15 minutes de trajet en taxi<\/li><li><strong>Parc du Peuple<\/strong> \u2013 ~10 minutes en voiture<\/li><li><strong>Monast\u00e8re de Wenshu<\/strong> \u2013 ~12 minutes en taxi<\/li><li><strong>Base de recherche de Chengdu sur l&#039;\u00e9levage du panda g\u00e9ant<\/strong> \u2013 ~30 minutes en voiture<\/li><\/ul><p>Ce positionnement strat\u00e9gique fait de l&#039;Anyee Xinliang Grand Hotel l&#039;endroit id\u00e9al pour les visiteurs novices d\u00e9sireux de d\u00e9couvrir tout ce que Chengdu a \u00e0 offrir.<\/p><p>M\u00eame si l&#039;h\u00f4tel ne dispose pas d&#039;un centre de remise en forme ou d&#039;une piscine, son objectif reste de fournir <strong>confort de base avec pr\u00e9cision<\/strong> \u2014 des chambres propres, un Wi-Fi rapide, des environnements s\u00fbrs et un point de chute central pour les aventures urbaines. Ces fondamentaux trouvent un \u00e9cho fort aupr\u00e8s des touristes internationaux comme des voyageurs nationaux.<\/p><h3>Instaurer la confiance gr\u00e2ce \u00e0 la transparence<\/h3><p>Gr\u00e2ce au nombre croissant de clients partageant leurs exp\u00e9riences en ligne, la r\u00e9putation de l&#039;Anyee Xinliang Grand Hotel ne cesse de cro\u00eetre. Bien que l&#039;\u00e9tablissement ne b\u00e9n\u00e9ficie pas encore d&#039;un volume important d&#039;avis en anglais sur des plateformes comme TripAdvisor, sa pr\u00e9sence sur <strong>Trip.com<\/strong> \u2014 l&#039;un des plus grands moteurs de r\u00e9servation de voyages d&#039;Asie \u2014 fournit une multitude d&#039;informations provenant de clients chinois et internationaux qui appr\u00e9cient la transparence, des listes pr\u00e9cises et un service client r\u00e9actif.<\/p><p>Les th\u00e8mes communs aux commentaires incluent\u00a0:<\/p><ul dir=\"auto\"><li>\u00c9loges pour <strong>propret\u00e9 des chambres et d\u00e9coration moderne<\/strong><\/li><li>Remerciements pour le <strong>l&#039;int\u00e9rieur calme de l&#039;h\u00f4tel malgr\u00e9 son environnement anim\u00e9<\/strong><\/li><li>Mentions positives de la <strong>restaurant sur place servant une savoureuse cuisine du Sichuan<\/strong><\/li><li>Demandes d&#039;am\u00e9liorations futures telles que des options de petit-d\u00e9jeuner \u00e9largies et une meilleure insonorisation<\/li><\/ul><p>Ces informations aident la direction \u00e0 affiner en permanence l\u2019exp\u00e9rience client, garantissant que chaque s\u00e9jour soit meilleur que le pr\u00e9c\u00e9dent.<\/p><div class=\"py-2 my-3\"><hr \/><\/div><h3>Votre histoire commence ici<\/h3><p>\u00c0 <strong>Anyee Xinliang Grand Hotel (Chengdu Chunxi Road Taikoo Li)<\/strong>Nous pensons que chaque voyage m\u00e9rite un chapitre m\u00e9morable. D\u00e8s votre arriv\u00e9e, notre engagement envers le confort, la commodit\u00e9 et l&#039;attention port\u00e9e \u00e0 votre bien-\u00eatre garantit le bon d\u00e9roulement de votre aventure.<\/p><p>S&#039;appuyant sur de v\u00e9ritables exp\u00e9riences de voyageurs et parfaitement situ\u00e9 au c\u0153ur culturel et commercial de Chengdu, c&#039;est plus qu&#039;un simple endroit o\u00f9 dormir : c&#039;est votre porte d&#039;entr\u00e9e pour d\u00e9couvrir l&#039;\u00e2me du Sichuan.<\/p><p data-spm-anchor-id=\"a2ty_o01.29997173.0.i60.4901c921uGWVOS\">Que vous soyez ici pour savourer un hotpot \u00e9pic\u00e9, explorer des temples antiques, organiser des r\u00e9unions d&#039;affaires ou simplement fl\u00e2ner dans des ruelles \u00e9clair\u00e9es \u00e0 la lanterne, nos clients sont d&#039;accord : <strong>Cet h\u00f4tel offre ce qui compte le plus : l&#039;emplacement, la fiabilit\u00e9 et la tranquillit\u00e9 d&#039;esprit<\/strong>.<\/p>\t\t\t\t\t\t\t\t<\/div>\n\t\t\t\t\t<\/div>\n\t\t\t\t<\/div>\n\t\t\t\t<section class=\"elementor-section elementor-top-section elementor-element elementor-element-6419de07 elementor-section-stretched elementor-section-boxed elementor-section-gap-beside-yes elementor-section-height-default elementor-section-height-default elementor-section-column-vertical-align-stretch\" data-id=\"6419de07\" data-element_type=\"section\" data-e-type=\"section\" data-settings=\"{&quot;background_background&quot;:&quot;classic&quot;,&quot;stretch_section&quot;:&quot;section-stretched&quot;}\">\n\t\t\t\t\t\t<div class=\"elementor-container elementor-column-gap-extended\">\n\t\t\t\t\t<div class=\"elementor-column elementor-col-100 elementor-top-column elementor-element elementor-element-3b6d6194\" data-id=\"3b6d6194\" data-element_type=\"column\" data-e-type=\"column\">\n\t\t\t<div class=\"elementor-widget-wrap elementor-element-populated\">\n\t\t\t\t\t\t<div class=\"elementor-element elementor-element-501b76e2 elementor-widget elementor-widget-nuss-heading\" data-id=\"501b76e2\" data-element_type=\"widget\" data-e-type=\"widget\" data-widget_type=\"nuss-heading.default\">\n\t\t\t\t<div class=\"elementor-widget-container\">\n\t\t\t\t\t\t\t<div class=\"nuss-modern-heading\">\r\n\t\t\t\t\t\t<div class=\"heading-secondary-wrap\">\r\n\t\t\t\t<h3 class=\"heading-secondary elementor-heading-title\">Ch\u00e8que disponible <\/h3>\t\t\t<\/div>\r\n\t\t\r\n\t\t\t\r\n\t\t\t\r\n\t\t\t\t\t<\/div>\r\n\t\t\t\t\t<\/div>\n\t\t\t\t<\/div>\n\t\t\t\t<div class=\"elementor-element elementor-element-5b4c5aee elementor-widget elementor-widget-text-editor\" data-id=\"5b4c5aee\" data-element_type=\"widget\" data-e-type=\"widget\" data-widget_type=\"text-editor.default\">\n\t\t\t\t\t\t\t\t\t<iframe border=\"0\" src=\"https:\/\/www.trip.com\/partners\/ad\/S5340708?Allianceid=4590391&#038;SID=258889625&#038;trip_sub1=\" style=\"width:1200px;height:200px\" frameborder=\"0\" scrolling=\"no\" id=\"S5340708\"><\/iframe>\t\t\t\t\t\t\t\t<\/div>\n\t\t\t\t\t<\/div>\n\t\t<\/div>\n\t\t\t\t\t<\/div>\n\t\t<\/section>\n\t\t\t\t<\/div>","protected":false},"excerpt":{"rendered":"<p>Customer Experiences &amp; Reviews at Anyee Xinliang Grand Hotel (Chengdu Chunxi Road Taikoo Li) When choosing a place to stay in one of China\u2019s most vibrant cities, nothing speaks more honestly than the voices of those who\u2019ve walked through its doors. At Anyee Xinliang Grand Hotel (Chengdu Chunxi Road Taikoo Li), located at No. 246 [&hellip;]<\/p>\n","protected":false},"author":1,"featured_media":0,"parent":0,"menu_order":0,"comment_status":"closed","ping_status":"closed","template":"","meta":{"footnotes":""},"class_list":["post-2106","page","type-page","status-publish","hentry","post-no-thumbnail"],"_links":{"self":[{"href":"https:\/\/anyeexinlianggrandhotel.com\/fr\/wp-json\/wp\/v2\/pages\/2106","targetHints":{"allow":["GET"]}}],"collection":[{"href":"https:\/\/anyeexinlianggrandhotel.com\/fr\/wp-json\/wp\/v2\/pages"}],"about":[{"href":"https:\/\/anyeexinlianggrandhotel.com\/fr\/wp-json\/wp\/v2\/types\/page"}],"author":[{"embeddable":true,"href":"https:\/\/anyeexinlianggrandhotel.com\/fr\/wp-json\/wp\/v2\/users\/1"}],"replies":[{"embeddable":true,"href":"https:\/\/anyeexinlianggrandhotel.com\/fr\/wp-json\/wp\/v2\/comments?post=2106"}],"version-history":[{"count":0,"href":"https:\/\/anyeexinlianggrandhotel.com\/fr\/wp-json\/wp\/v2\/pages\/2106\/revisions"}],"wp:attachment":[{"href":"https:\/\/anyeexinlianggrandhotel.com\/fr\/wp-json\/wp\/v2\/media?parent=2106"}],"curies":[{"name":"wp","href":"https:\/\/api.w.org\/{rel}","templated":true}]}}