{"id":647,"date":"2021-03-29T02:13:52","date_gmt":"2021-03-29T02:13:52","guid":{"rendered":"http:\/\/localhost\/nuss\/?page_id=647"},"modified":"2025-09-12T08:35:13","modified_gmt":"2025-09-12T08:35:13","slug":"servicios","status":"publish","type":"page","link":"https:\/\/anyeexinlianggrandhotel.com\/es\/servicios\/","title":{"rendered":"Servicios"},"content":{"rendered":"<div data-elementor-type=\"wp-page\" data-elementor-id=\"647\" class=\"elementor elementor-647\">\n\t\t\t\t\t\t<section class=\"elementor-section elementor-top-section elementor-element elementor-element-3353bc8 elementor-section-boxed elementor-section-gap-beside-yes elementor-section-height-default elementor-section-height-default elementor-section-column-vertical-align-stretch\" data-id=\"3353bc8\" data-element_type=\"section\" data-e-type=\"section\">\n\t\t\t\t\t\t<div class=\"elementor-container elementor-column-gap-extended\">\n\t\t\t\t\t<div class=\"elementor-column elementor-col-100 elementor-top-column elementor-element elementor-element-0a2bc64\" data-id=\"0a2bc64\" data-element_type=\"column\" data-e-type=\"column\">\n\t\t\t<div class=\"elementor-widget-wrap elementor-element-populated\">\n\t\t\t\t\t\t<div class=\"elementor-element elementor-element-447e3ef elementor-widget__width-initial elementor-invisible elementor-widget elementor-widget-text-editor\" data-id=\"447e3ef\" data-element_type=\"widget\" data-e-type=\"widget\" data-settings=\"{&quot;_animation&quot;:&quot;nussFadeInUp&quot;}\" data-widget_type=\"text-editor.default\">\n\t\t\t\t\t\t\t\t\t<p><strong data-spm-anchor-id=\"a2ty_o01.29997173.0.i82.4901c921uGWVOS\">Hospitalidad de primer nivel y servicios integrales en el Anyee Xinliang Grand Hotel (Chengdu Chunxi Road Taikoo Li)<\/strong><\/p>\t\t\t\t\t\t\t\t<\/div>\n\t\t\t\t\t<\/div>\n\t\t<\/div>\n\t\t\t\t\t<\/div>\n\t\t<\/section>\n\t\t<div class=\"elementor-element elementor-element-76953f7 e-flex e-con-boxed e-con e-parent\" data-id=\"76953f7\" data-element_type=\"container\" data-e-type=\"container\">\n\t\t\t\t\t<div class=\"e-con-inner\">\n\t\t\t\t<div class=\"elementor-element elementor-element-2f32cd6 elementor-widget elementor-widget-text-editor\" data-id=\"2f32cd6\" data-element_type=\"widget\" data-e-type=\"widget\" data-widget_type=\"text-editor.default\">\n\t\t\t\t\t\t\t\t\t<p data-spm-anchor-id=\"a2ty_o01.29997173.0.i83.4901c921uGWVOS\">En <strong>Anyee Xinliang Grand Hotel (Chengdu Chunxi Road Taikoo Li)<\/strong>, ubicado en <strong>N.\u00b0 246, Secci\u00f3n de la calle Upper East, Calle Este, Distrito de Jinjiang, Chengdu, Sichuan 610016<\/strong>El servicio no es solo una funci\u00f3n: es la piedra angular de una experiencia excepcional para el hu\u00e9sped. Durante m\u00e1s de dos d\u00e9cadas, desde su apertura en el a\u00f1o 2000, este distinguido hotel de 4 estrellas ha perfeccionado sus operaciones para ofrecer una combinaci\u00f3n perfecta de hospitalidad tradicional china y comodidad moderna, atendiendo tanto a viajeros de placer como a profesionales de negocios que buscan eficiencia y comodidad en el coraz\u00f3n de una de las ciudades m\u00e1s vibrantes de China.<\/p><p>Desde el momento de su llegada, el compromiso con la excelencia se hace evidente. El <strong>Recepci\u00f3n 24 horas<\/strong> Recibe a sus hu\u00e9spedes con calidez y profesionalismo, atendido por personal multiling\u00fce que habla fluidamente <strong>Ingl\u00e9s y chino mandar\u00edn<\/strong>, garantizando una comunicaci\u00f3n fluida para los visitantes internacionales. Ya sea que llegue tarde por la noche despu\u00e9s de un largo viaje o necesite asistencia inmediata a su llegada, nuestro equipo dedicado siempre est\u00e1 disponible. Los hu\u00e9spedes han elogiado al personal por su amabilidad, y un usuario coment\u00f3: <em>\u201cEl personal de recepci\u00f3n es muy servicial y entusiasta al ayudarme con mis consultas sobre c\u00f3mo moverme por Chengdu\u201d.<\/em> Cuando es posible, a menudo se aceptan check-in anticipados, convirtiendo una simple solicitud en un gesto de atenci\u00f3n memorable.<\/p><div class=\"my-2\">\u00a0<\/div><h3>Comodidades pensadas para la comodidad y conveniencia<\/h3><p>Cada aspecto del ecosistema de servicios del hotel est\u00e1 dise\u00f1ado para que su estad\u00eda sea sencilla. <strong>quiosco de auto check-in<\/strong> Ofrece una alternativa r\u00e1pida y eficiente al registro tradicional, ideal para viajeros con conocimientos tecnol\u00f3gicos o para quienes llegan fuera de las horas punta. Para mayor seguridad y privacidad, las habitaciones solo reciben electricidad al insertar la tarjeta, controlando la iluminaci\u00f3n, el aire acondicionado y la electricidad: un detalle peque\u00f1o pero significativo que mejora tanto la seguridad como la eficiencia energ\u00e9tica.<\/p><p>Los hu\u00e9spedes aprecian los toques pr\u00e1cticos que elevan la comodidad diaria:<\/p><ul dir=\"auto\"><li><strong>Consigna de equipaje gratuita<\/strong> antes del check-in o despu\u00e9s del check-out, ideal para viajeros que exploran la ciudad en su \u00faltimo d\u00eda.<\/li><li><strong>Herramientas de traducci\u00f3n disponibles<\/strong> en la recepci\u00f3n, ayudando a los chinos en el extranjero y a los hu\u00e9spedes extranjeros que puedan enfrentar barreras ling\u00fc\u00edsticas.<\/li><li><strong>Servicio de conserjer\u00eda<\/strong> y <strong>Asistencia para la reserva de tours y entradas<\/strong> para ayudar a planificar visitas a las principales atracciones como <strong>Calle Jinli<\/strong>, <strong>Callej\u00f3n Kuanzhai<\/strong>, o el <strong>Base de cr\u00eda de pandas<\/strong>.<\/li><li><strong>Check-in y check-out expr\u00e9s<\/strong> opciones para minimizar los tiempos de espera y maximizar su valioso tiempo en Chengdu.<\/li><\/ul><div class=\"my-2\">\u00a0<\/div><h3>Instalaciones preparadas para los negocios para el profesional moderno<\/h3><p>Con <strong>345 habitaciones y suites bien equipadas<\/strong>El Anyee Xinliang Grand Hotel, que incluye espacios dedicados a negocios, est\u00e1 equipado para satisfacer las necesidades de los viajeros corporativos. La propiedad cuenta con un completo... <strong>centro de negocios<\/strong> ofreciendo servicios esenciales como:<\/p><ul dir=\"auto\"><li><strong>Fax y fotocopias<\/strong> (por una tarifa)<\/li><li><strong>Servicio postal<\/strong><\/li><li><strong>Apoyo secretarial<\/strong><\/li><li><strong>Sistemas de visualizaci\u00f3n multimedia<\/strong><\/li><li><strong>Espacios de coworking<\/strong> y <strong>seis salas multifunci\u00f3n<\/strong><\/li><\/ul><p>Estas instalaciones se complementan con un servicio formal <strong>sala de conferencias<\/strong> (Disponible con cargo adicional), lo que lo convierte en el hotel ideal para reuniones, presentaciones y eventos peque\u00f1os. El acceso a internet de alta velocidad en todo el hotel garantiza una conectividad ininterrumpida para teletrabajo, videollamadas o colaboraci\u00f3n digital.<\/p><p>Para los hu\u00e9spedes que requieran transporte terrestre, el hotel ofrece <strong>servicios de reserva de taxis<\/strong> y <strong>alquiler de coches<\/strong>Ofrece opciones confiables para llegar a distritos comerciales, centros de exposiciones o traslados al aeropuerto. Si bien el hotel no ofrece servicio de transporte al aeropuerto, se puede acceder f\u00e1cilmente a taxis y aplicaciones de transporte como Didi desde la entrada principal.<\/p><div class=\"my-2\">\u00a0<\/div><h3>Bienestar, limpieza y atenci\u00f3n al cliente<\/h3><p>La limpieza y el cuidado personal se priorizan en todos los servicios. <strong>lavadero<\/strong> En el segundo piso hay una caracter\u00edstica destacada que ofrece <strong>lavadoras de autoservicio gratuitas<\/strong> Incluye detergente de cortes\u00eda, un detalle poco com\u00fan y apreciado para estancias largas. Aunque algunos hu\u00e9spedes han notado problemas con las secadoras, la disponibilidad de varias perchas en cada armario permite secar la ropa f\u00e1cilmente al aire libre dentro de la habitaci\u00f3n.<\/p><p>Los servicios de limpieza adicionales incluyen:<\/p><ul dir=\"auto\"><li><strong>Servicio de lavander\u00eda en el establecimiento<\/strong> (por una tarifa)<\/li><li><strong>Limpieza en seco<\/strong><\/li><li><strong>Servicio de planchado<\/strong> (por una tarifa)<\/li><li><strong>Vaporizador y secadora de ropa<\/strong> acceso<\/li><\/ul><p>El hotel tambi\u00e9n ofrece <strong>comodidades para ni\u00f1os<\/strong> como <strong>Juguetes, pantuflas, batas de ba\u00f1o, cepillos de dientes y opciones de comida.<\/strong>, lo que refuerza su reputaci\u00f3n como destino familiar. Un hu\u00e9sped encantado comparti\u00f3: <em>\u201cIncluso nos dieron una bolsa de lona con dise\u00f1o de panda el d\u00eda de la salida como recuerdo\u201d.<\/em> Destacando los gestos reflexivos que crean impresiones duraderas.<\/p><div class=\"my-2\">\u00a0<\/div><h3>Accesibilidad e Inclusi\u00f3n<\/h3><p>Anyee Xinliang Grand Hotel demuestra un fuerte compromiso con la accesibilidad, garantizando una estad\u00eda c\u00f3moda para todos los hu\u00e9spedes:<\/p><ul dir=\"auto\"><li><strong>Sillas de ruedas disponibles<\/strong> a pedido<\/li><li><strong>Pasamanos en pasillos y escaleras<\/strong><\/li><li><strong>Dispositivos de alarma visual en los pasillos<\/strong><\/li><li><strong>Entrada principal sin escaleras<\/strong><\/li><li><strong>Lector de identificaci\u00f3n electr\u00f3nica para el check-in<\/strong>, agilizando el proceso tanto para hu\u00e9spedes nacionales como internacionales<\/li><\/ul><div class=\"my-2\">\u00a0<\/div><h3>Servicios culinarios y de estilo de vida<\/h3><p>Adem\u00e1s del alojamiento, el hotel cubre una gama completa de necesidades diarias:<\/p><ul dir=\"auto\"><li>Un sitio en el sitio <strong>restaurante<\/strong> sirviendo aut\u00e9ntico <strong>Cocina de Sichuan y cantonesa<\/strong>, junto con opciones occidentales.<\/li><li>Un acogedor <strong>cafeter\u00eda<\/strong> y <strong>bar del vest\u00edbulo<\/strong> Para bebidas informales o bocadillos ligeros.<\/li><li>A <strong>tienda de conveniencia\/quiosco<\/strong> y <strong>bar<\/strong> Para compras r\u00e1pidas.<\/li><li><strong>Servicio de habitaciones<\/strong> Disponible las 24 horas, lo que permite a los hu\u00e9spedes cenar con privacidad y comodidad.<\/li><\/ul><p>Los hu\u00e9spedes han disfrutado del desayuno gratuito <strong>bebidas y aperitivos<\/strong> Se ofrece en el vest\u00edbulo, lo que contribuye a un ambiente acogedor. Su c\u00e9ntrica ubicaci\u00f3n permite acceder f\u00e1cilmente a innumerables restaurantes y tiendas, incluyendo acceso directo a los lujosos... <strong>Taikoo Li<\/strong> complejo.<\/p><div class=\"my-2\">\u00a0<\/div><div class=\"py-2 my-3\"><hr \/><\/div><h3>Un legado de excelencia en el servicio<\/h3><p>Con una destacada <strong>Calificaci\u00f3n de 9,6\/10 para el servicio<\/strong> Seg\u00fan m\u00e1s de 13.800 opiniones verificadas en Trip.com, el Anyee Xinliang Grand Hotel se ha forjado un legado de fiabilidad y satisfacci\u00f3n del cliente. Los viajeros lo recomiendan constantemente. <strong>Personal amable, ubicaci\u00f3n privilegiada y soporte receptivo.<\/strong>, lo que lo convierte en uno de los hoteles de 4 estrellas mejor valorados de Chengdu.<\/p><p data-spm-anchor-id=\"a2ty_o01.29997173.0.i84.4901c921uGWVOS\">Ya sea que viaje por negocios, para explorar en familia o para disfrutar de una inmersi\u00f3n cultural, los servicios del Anyee Xinliang Grand Hotel est\u00e1n dise\u00f1ados para anticiparse a sus necesidades, simplificar su viaje y garantizar que cada momento de su estancia sea lo m\u00e1s agradable y placentero posible. Este hotel es m\u00e1s que un simple hotel: es un socio de confianza en su aventura en Chengdu.<\/p>\t\t\t\t\t\t\t\t<\/div>\n\t\t\t\t\t<\/div>\n\t\t\t\t<\/div>\n\t\t\t\t<section class=\"elementor-section elementor-top-section elementor-element elementor-element-285e6f6c elementor-section-stretched elementor-section-boxed elementor-section-gap-beside-yes elementor-section-height-default elementor-section-height-default elementor-section-column-vertical-align-stretch\" data-id=\"285e6f6c\" data-element_type=\"section\" data-e-type=\"section\" data-settings=\"{&quot;background_background&quot;:&quot;classic&quot;,&quot;stretch_section&quot;:&quot;section-stretched&quot;}\">\n\t\t\t\t\t\t<div class=\"elementor-container elementor-column-gap-extended\">\n\t\t\t\t\t<div class=\"elementor-column elementor-col-100 elementor-top-column elementor-element elementor-element-4ad608d4\" data-id=\"4ad608d4\" data-element_type=\"column\" data-e-type=\"column\">\n\t\t\t<div class=\"elementor-widget-wrap elementor-element-populated\">\n\t\t\t\t\t\t<div class=\"elementor-element elementor-element-1dbd40c5 elementor-widget elementor-widget-nuss-heading\" data-id=\"1dbd40c5\" data-element_type=\"widget\" data-e-type=\"widget\" data-widget_type=\"nuss-heading.default\">\n\t\t\t\t<div class=\"elementor-widget-container\">\n\t\t\t\t\t\t\t<div class=\"nuss-modern-heading\">\r\n\t\t\t\t\t\t<div class=\"heading-secondary-wrap\">\r\n\t\t\t\t<h3 class=\"heading-secondary elementor-heading-title\">Consultar disponibilidad <\/h3>\t\t\t<\/div>\r\n\t\t\r\n\t\t\t\r\n\t\t\t\r\n\t\t\t\t\t<\/div>\r\n\t\t\t\t\t<\/div>\n\t\t\t\t<\/div>\n\t\t\t\t<div class=\"elementor-element elementor-element-74af01cf elementor-widget elementor-widget-text-editor\" data-id=\"74af01cf\" data-element_type=\"widget\" data-e-type=\"widget\" data-widget_type=\"text-editor.default\">\n\t\t\t\t\t\t\t\t\t<iframe border=\"0\" src=\"https:\/\/www.trip.com\/partners\/ad\/S5340708?Allianceid=4590391&#038;SID=258889625&#038;trip_sub1=\" style=\"width:1200px;height:200px\" frameborder=\"0\" scrolling=\"no\" id=\"S5340708\"><\/iframe>\t\t\t\t\t\t\t\t<\/div>\n\t\t\t\t\t<\/div>\n\t\t<\/div>\n\t\t\t\t\t<\/div>\n\t\t<\/section>\n\t\t\t\t<\/div>","protected":false},"excerpt":{"rendered":"<p>Elevated Hospitality &amp; Comprehensive Services at Anyee Xinliang Grand Hotel (Chengdu Chunxi Road Taikoo Li) At Anyee Xinliang Grand Hotel (Chengdu Chunxi Road Taikoo Li), located at No. 246 Upper East Street Section, East Street, Jinjiang District, Chengdu, Sichuan 610016, service is not merely a function \u2014 it\u2019s the cornerstone of an exceptional guest experience. [&hellip;]<\/p>\n","protected":false},"author":1,"featured_media":0,"parent":0,"menu_order":0,"comment_status":"closed","ping_status":"closed","template":"","meta":{"footnotes":""},"class_list":["post-647","page","type-page","status-publish","hentry","post-no-thumbnail"],"_links":{"self":[{"href":"https:\/\/anyeexinlianggrandhotel.com\/es\/wp-json\/wp\/v2\/pages\/647","targetHints":{"allow":["GET"]}}],"collection":[{"href":"https:\/\/anyeexinlianggrandhotel.com\/es\/wp-json\/wp\/v2\/pages"}],"about":[{"href":"https:\/\/anyeexinlianggrandhotel.com\/es\/wp-json\/wp\/v2\/types\/page"}],"author":[{"embeddable":true,"href":"https:\/\/anyeexinlianggrandhotel.com\/es\/wp-json\/wp\/v2\/users\/1"}],"replies":[{"embeddable":true,"href":"https:\/\/anyeexinlianggrandhotel.com\/es\/wp-json\/wp\/v2\/comments?post=647"}],"version-history":[{"count":0,"href":"https:\/\/anyeexinlianggrandhotel.com\/es\/wp-json\/wp\/v2\/pages\/647\/revisions"}],"wp:attachment":[{"href":"https:\/\/anyeexinlianggrandhotel.com\/es\/wp-json\/wp\/v2\/media?parent=647"}],"curies":[{"name":"wp","href":"https:\/\/api.w.org\/{rel}","templated":true}]}}