{"id":5266,"date":"2021-07-18T08:03:35","date_gmt":"2021-07-18T08:03:35","guid":{"rendered":"https:\/\/nuss.uxper.co\/luxury-resort\/?page_id=5266"},"modified":"2025-09-12T06:52:14","modified_gmt":"2025-09-12T06:52:14","slug":"sobre-nosotros","status":"publish","type":"page","link":"https:\/\/anyeexinlianggrandhotel.com\/es\/sobre-nosotros\/","title":{"rendered":"Sobre nosotros"},"content":{"rendered":"<div data-elementor-type=\"wp-page\" data-elementor-id=\"5266\" class=\"elementor elementor-5266\">\n\t\t\t\t\t\t<section class=\"elementor-section elementor-top-section elementor-element elementor-element-10416953 elementor-section-boxed elementor-section-gap-beside-yes elementor-section-height-default elementor-section-height-default elementor-section-column-vertical-align-stretch\" data-id=\"10416953\" data-element_type=\"section\" data-e-type=\"section\">\n\t\t\t\t\t\t<div class=\"elementor-container elementor-column-gap-extended\">\n\t\t\t\t\t<div class=\"elementor-column elementor-col-100 elementor-top-column elementor-element elementor-element-29c6aa8\" data-id=\"29c6aa8\" data-element_type=\"column\" data-e-type=\"column\">\n\t\t\t<div class=\"elementor-widget-wrap elementor-element-populated\">\n\t\t\t\t\t\t<div class=\"elementor-element elementor-element-7be18fe7 elementor-widget__width-initial elementor-invisible elementor-widget elementor-widget-text-editor\" data-id=\"7be18fe7\" data-element_type=\"widget\" data-e-type=\"widget\" data-settings=\"{&quot;_animation&quot;:&quot;nussFadeInUp&quot;}\" data-widget_type=\"text-editor.default\">\n\t\t\t\t\t\t\t\t\t<p><strong data-spm-anchor-id=\"a2ty_o01.29997173.0.i42.4901c921uGWVOS\">Una escapada urbana de lujo en Anyee Xinliang Grand Hotel (Chengdu Chunxi Road Taikoo Li)<\/strong><\/p>\t\t\t\t\t\t\t\t<\/div>\n\t\t\t\t\t<\/div>\n\t\t<\/div>\n\t\t\t\t\t<\/div>\n\t\t<\/section>\n\t\t\t\t<section class=\"elementor-section elementor-top-section elementor-element elementor-element-7d18327f elementor-section-boxed elementor-section-gap-beside-yes elementor-section-height-default elementor-section-height-default elementor-section-column-vertical-align-stretch\" data-id=\"7d18327f\" data-element_type=\"section\" data-e-type=\"section\">\n\t\t\t\t\t\t<div class=\"elementor-container elementor-column-gap-extended\">\n\t\t\t\t\t<div class=\"elementor-column elementor-col-50 elementor-top-column elementor-element elementor-element-56533670\" data-id=\"56533670\" data-element_type=\"column\" data-e-type=\"column\">\n\t\t\t<div class=\"elementor-widget-wrap elementor-element-populated\">\n\t\t\t\t\t\t<div class=\"elementor-element elementor-element-19c3f543 elementor-invisible elementor-widget elementor-widget-text-editor\" data-id=\"19c3f543\" data-element_type=\"widget\" data-e-type=\"widget\" data-settings=\"{&quot;_animation&quot;:&quot;nussFadeInUp&quot;}\" data-widget_type=\"text-editor.default\">\n\t\t\t\t\t\t\t\t\t<p>Ubicado en el vibrante pulso de una de las ciudades m\u00e1s din\u00e1micas y culturalmente ricas de China, <strong>Anyee Xinliang Grand Hotel (Chengdu Chunxi Road Taikoo Li)<\/strong> Ofrece una combinaci\u00f3n excepcional de sofisticaci\u00f3n moderna, ubicaci\u00f3n estrat\u00e9gica y la aut\u00e9ntica hospitalidad de Sichuan. Ubicado en <strong>N.\u00b0 246, Secci\u00f3n de la calle Upper East, Calle Este, Distrito de Jinjiang, Chengdu, Sichuan 610016<\/strong>Este elegante hotel de 4 estrellas lo ubica en el centro de todo, a solo unos minutos del mundialmente famoso <strong>Taikoo Li<\/strong> distrito comercial, la bulliciosa arteria comercial de <strong>Carretera Chunxi<\/strong>, y el encanto hist\u00f3rico de <strong>Templo de Daci<\/strong>.<\/p>\t\t\t\t\t\t\t\t<\/div>\n\t\t\t\t\t<\/div>\n\t\t<\/div>\n\t\t\t\t<div class=\"elementor-column elementor-col-50 elementor-top-column elementor-element elementor-element-30f14127\" data-id=\"30f14127\" data-element_type=\"column\" data-e-type=\"column\">\n\t\t\t<div class=\"elementor-widget-wrap elementor-element-populated\">\n\t\t\t\t\t\t<div class=\"elementor-element elementor-element-59aea08 elementor-widget elementor-widget-image\" data-id=\"59aea08\" data-element_type=\"widget\" data-e-type=\"widget\" data-widget_type=\"image.default\">\n\t\t\t\t\t\t\t\t\t\t\t\t\t\t\t<img fetchpriority=\"high\" decoding=\"async\" width=\"514\" height=\"853\" src=\"https:\/\/anyeexinlianggrandhotel.com\/wp-content\/uploads\/2025\/09\/Anyee-Xinliang-Grand-Hotel-8.webp\" class=\"attachment-large size-large wp-image-5585\" alt=\"\" srcset=\"https:\/\/anyeexinlianggrandhotel.com\/wp-content\/uploads\/2025\/09\/Anyee-Xinliang-Grand-Hotel-8.webp 514w, https:\/\/anyeexinlianggrandhotel.com\/wp-content\/uploads\/2025\/09\/Anyee-Xinliang-Grand-Hotel-8-181x300.webp 181w, https:\/\/anyeexinlianggrandhotel.com\/wp-content\/uploads\/2025\/09\/Anyee-Xinliang-Grand-Hotel-8-7x12.webp 7w\" sizes=\"(max-width: 514px) 100vw, 514px\" \/>\t\t\t\t\t\t\t\t\t\t\t\t\t\t\t<\/div>\n\t\t\t\t\t<\/div>\n\t\t<\/div>\n\t\t\t\t\t<\/div>\n\t\t<\/section>\n\t\t\t\t<section class=\"elementor-section elementor-top-section elementor-element elementor-element-29fb8578 elementor-section-height-min-height elementor-section-stretched elementor-section-full_width elementor-section-items-stretch elementor-section-height-default elementor-section-column-vertical-align-stretch\" data-id=\"29fb8578\" data-element_type=\"section\" data-e-type=\"section\" data-settings=\"{&quot;stretch_section&quot;:&quot;section-stretched&quot;}\">\n\t\t\t\t\t\t<div class=\"elementor-container elementor-column-gap-no\">\n\t\t\t\t\t<div class=\"elementor-column elementor-col-50 elementor-top-column elementor-element elementor-element-40ac270b\" data-id=\"40ac270b\" data-element_type=\"column\" data-e-type=\"column\">\n\t\t\t<div class=\"elementor-widget-wrap elementor-element-populated\">\n\t\t\t\t\t\t<div class=\"elementor-element elementor-element-20872773 elementor-widget__width-initial elementor-widget-mobile__width-inherit elementor-invisible nuss-elementor-loading nuss-slide-in-right elementor-widget elementor-widget-image\" data-id=\"20872773\" data-element_type=\"widget\" data-e-type=\"widget\" data-settings=\"{&quot;_animation&quot;:&quot;nussSlideInRight&quot;}\" data-widget_type=\"image.default\">\n\t\t\t\t\t\t\t\t\t\t\t\t\t\t\t<img decoding=\"async\" width=\"1280\" height=\"853\" src=\"https:\/\/anyeexinlianggrandhotel.com\/wp-content\/uploads\/2025\/09\/Anyee-Xinliang-Grand-Hotel-74.webp\" class=\"attachment-full size-full wp-image-5651\" alt=\"\" srcset=\"https:\/\/anyeexinlianggrandhotel.com\/wp-content\/uploads\/2025\/09\/Anyee-Xinliang-Grand-Hotel-74.webp 1280w, https:\/\/anyeexinlianggrandhotel.com\/wp-content\/uploads\/2025\/09\/Anyee-Xinliang-Grand-Hotel-74-300x200.webp 300w, https:\/\/anyeexinlianggrandhotel.com\/wp-content\/uploads\/2025\/09\/Anyee-Xinliang-Grand-Hotel-74-1024x682.webp 1024w, https:\/\/anyeexinlianggrandhotel.com\/wp-content\/uploads\/2025\/09\/Anyee-Xinliang-Grand-Hotel-74-768x512.webp 768w, https:\/\/anyeexinlianggrandhotel.com\/wp-content\/uploads\/2025\/09\/Anyee-Xinliang-Grand-Hotel-74-18x12.webp 18w\" sizes=\"(max-width: 1280px) 100vw, 1280px\" \/>\t\t\t\t\t\t\t\t\t\t\t\t\t\t\t<\/div>\n\t\t\t\t\t<\/div>\n\t\t<\/div>\n\t\t\t\t<div class=\"elementor-column elementor-col-50 elementor-top-column elementor-element elementor-element-2dac103\" data-id=\"2dac103\" data-element_type=\"column\" data-e-type=\"column\">\n\t\t\t<div class=\"elementor-widget-wrap elementor-element-populated\">\n\t\t\t\t\t\t<div class=\"elementor-element elementor-element-6f1b8966 elementor-invisible elementor-widget elementor-widget-text-editor\" data-id=\"6f1b8966\" data-element_type=\"widget\" data-e-type=\"widget\" data-settings=\"{&quot;_animation&quot;:&quot;nussFadeInUp&quot;}\" data-widget_type=\"text-editor.default\">\n\t\t\t\t\t\t\t\t\t<p data-spm-anchor-id=\"a2ty_o01.29997173.0.i45.4901c921uGWVOS\">Con una ubicaci\u00f3n ideal tanto para viajeros de ocio como para profesionales, el Anyee Xinliang Grand Hotel es m\u00e1s que un simple lugar de descanso: es su puerta de entrada para descubrir la aut\u00e9ntica esencia de Chengdu. Ya sea que est\u00e9 aqu\u00ed para saborear la legendaria cocina picante de la ciudad, explorar sus antiguos templos, asistir a una importante reuni\u00f3n de negocios o simplemente sumergirse en la relajada cultura de las casas de t\u00e9 que define la vida local, nuestro hotel le garantiza comodidad, estilo y una comodidad inigualable.<\/p><div class=\"my-2\">\u00a0<\/div><p data-spm-anchor-id=\"a2ty_o01.29997173.0.i44.4901c921uGWVOS\">Desde su llegada, le recibir\u00e1 una elegante arquitectura contempor\u00e1nea y un ambiente c\u00e1lido y acogedor, dise\u00f1ado para reflejar la armon\u00eda entre tradici\u00f3n e innovaci\u00f3n. Las habitaciones y suites, cuidadosamente seleccionadas, ofrecen elegancia minimalista, ropa de cama de lujo, ventanales que ofrecen vistas panor\u00e1micas del horizonte de la ciudad y comodidades premium, como wifi de alta velocidad, televisores inteligentes, aire acondicionado y ba\u00f1os privados con accesorios modernos. Cada detalle ha sido dise\u00f1ado para ofrecer un remanso de paz tras un d\u00eda recorriendo las animadas calles del centro de Chengdu.<\/p>\t\t\t\t\t\t\t\t<\/div>\n\t\t\t\t\t<\/div>\n\t\t<\/div>\n\t\t\t\t\t<\/div>\n\t\t<\/section>\n\t\t\t\t<section class=\"elementor-section elementor-top-section elementor-element elementor-element-1ccdf95 elementor-section-height-min-height elementor-section-stretched elementor-section-full_width elementor-section-items-stretch elementor-section-height-default elementor-section-column-vertical-align-stretch\" data-id=\"1ccdf95\" data-element_type=\"section\" data-e-type=\"section\" data-settings=\"{&quot;stretch_section&quot;:&quot;section-stretched&quot;}\">\n\t\t\t\t\t\t<div class=\"elementor-container elementor-column-gap-no\">\n\t\t\t\t\t<div class=\"elementor-column elementor-col-50 elementor-top-column elementor-element elementor-element-a0f0a37\" data-id=\"a0f0a37\" data-element_type=\"column\" data-e-type=\"column\">\n\t\t\t<div class=\"elementor-widget-wrap elementor-element-populated\">\n\t\t\t\t\t\t<div class=\"elementor-element elementor-element-9b72b97 elementor-invisible elementor-widget elementor-widget-text-editor\" data-id=\"9b72b97\" data-element_type=\"widget\" data-e-type=\"widget\" data-settings=\"{&quot;_animation&quot;:&quot;nussFadeInUp&quot;}\" data-widget_type=\"text-editor.default\">\n\t\t\t\t\t\t\t\t\t<p data-spm-anchor-id=\"a2ty_o01.29997173.0.i47.4901c921uGWVOS\">Cenar en el hotel celebra los sabores atrevidos y arom\u00e1ticos de <strong>cocina de sichuan<\/strong>, reconocido mundialmente por su sabor que provoca hormigueo en la boca. <em>mala<\/em> Nuestro restaurante ofrece una refinada experiencia culinaria, combinando platos de inspiraci\u00f3n local con una presentaci\u00f3n contempor\u00e1nea. Desde un picante estofado reinventado para paladares modernos hasta un delicado dim sum y un reconfortante congee, cada comida se prepara con ingredientes frescos de temporada procedentes de mercados regionales. Comience el d\u00eda con un revitalizante desayuno buffet o rel\u00e1jese por la noche con una copa de vino y un pollo Kung Pao con especias expertas, todo a pasos de su habitaci\u00f3n.<\/p><div class=\"my-2\">\u00a0<\/div><p>La ubicaci\u00f3n privilegiada del hotel facilita la exploraci\u00f3n. Un corto paseo le llevar\u00e1 a... <strong>Taikoo Li<\/strong>, donde boutiques de lujo, instalaciones de arte, cafeter\u00edas en azoteas y la ic\u00f3nica escultura del panda trepador crean una experiencia urbana rica en sentidos. Sum\u00e9rgete en la energ\u00eda de <strong>Carretera Chunxi<\/strong>, el corredor comercial y gastron\u00f3mico m\u00e1s concurrido de Chengdu, o d\u00e9 un tranquilo paseo por el cercano <strong>Parque del Pueblo<\/strong>, donde los lugare\u00f1os practican tai chi, toman t\u00e9 bajo \u00e1rboles centenarios y juegan mahjong en bandejas de bamb\u00fa. Para los amantes de la historia, lugares emblem\u00e1ticos como <strong>Callej\u00f3n Kuanzhai (Callejones anchos y estrechos)<\/strong> y <strong>Monasterio Wenshu<\/strong> Son f\u00e1cilmente accesibles a trav\u00e9s del metro o un r\u00e1pido viaje en taxi.<\/p>\t\t\t\t\t\t\t\t<\/div>\n\t\t\t\t\t<\/div>\n\t\t<\/div>\n\t\t\t\t<div class=\"elementor-column elementor-col-50 elementor-top-column elementor-element elementor-element-490b0a5\" data-id=\"490b0a5\" data-element_type=\"column\" data-e-type=\"column\">\n\t\t\t<div class=\"elementor-widget-wrap elementor-element-populated\">\n\t\t\t\t\t\t<div class=\"elementor-element elementor-element-fd94c60 elementor-widget__width-initial elementor-widget-mobile__width-inherit elementor-invisible nuss-elementor-loading nuss-slide-in-right elementor-widget elementor-widget-image\" data-id=\"fd94c60\" data-element_type=\"widget\" data-e-type=\"widget\" data-settings=\"{&quot;_animation&quot;:&quot;nussSlideInRight&quot;}\" data-widget_type=\"image.default\">\n\t\t\t\t\t\t\t\t\t\t\t\t\t\t\t<img decoding=\"async\" width=\"1280\" height=\"853\" src=\"https:\/\/anyeexinlianggrandhotel.com\/wp-content\/uploads\/2025\/09\/Anyee-Xinliang-Grand-Hotel-20.webp\" class=\"attachment-full size-full wp-image-5597\" alt=\"\" srcset=\"https:\/\/anyeexinlianggrandhotel.com\/wp-content\/uploads\/2025\/09\/Anyee-Xinliang-Grand-Hotel-20.webp 1280w, https:\/\/anyeexinlianggrandhotel.com\/wp-content\/uploads\/2025\/09\/Anyee-Xinliang-Grand-Hotel-20-300x200.webp 300w, https:\/\/anyeexinlianggrandhotel.com\/wp-content\/uploads\/2025\/09\/Anyee-Xinliang-Grand-Hotel-20-1024x682.webp 1024w, https:\/\/anyeexinlianggrandhotel.com\/wp-content\/uploads\/2025\/09\/Anyee-Xinliang-Grand-Hotel-20-768x512.webp 768w, https:\/\/anyeexinlianggrandhotel.com\/wp-content\/uploads\/2025\/09\/Anyee-Xinliang-Grand-Hotel-20-18x12.webp 18w\" sizes=\"(max-width: 1280px) 100vw, 1280px\" \/>\t\t\t\t\t\t\t\t\t\t\t\t\t\t\t<\/div>\n\t\t\t\t\t<\/div>\n\t\t<\/div>\n\t\t\t\t\t<\/div>\n\t\t<\/section>\n\t\t\t\t<section class=\"elementor-section elementor-top-section elementor-element elementor-element-16d7881 elementor-section-height-min-height elementor-section-stretched elementor-section-full_width elementor-section-items-stretch elementor-section-height-default elementor-section-column-vertical-align-stretch\" data-id=\"16d7881\" data-element_type=\"section\" data-e-type=\"section\" data-settings=\"{&quot;stretch_section&quot;:&quot;section-stretched&quot;}\">\n\t\t\t\t\t\t<div class=\"elementor-container elementor-column-gap-no\">\n\t\t\t\t\t<div class=\"elementor-column elementor-col-50 elementor-top-column elementor-element elementor-element-1062dba\" data-id=\"1062dba\" data-element_type=\"column\" data-e-type=\"column\">\n\t\t\t<div class=\"elementor-widget-wrap elementor-element-populated\">\n\t\t\t\t\t\t<div class=\"elementor-element elementor-element-6510746 elementor-widget__width-initial elementor-widget-mobile__width-inherit elementor-invisible nuss-elementor-loading nuss-slide-in-right elementor-widget elementor-widget-image\" data-id=\"6510746\" data-element_type=\"widget\" data-e-type=\"widget\" data-settings=\"{&quot;_animation&quot;:&quot;nussSlideInRight&quot;}\" data-widget_type=\"image.default\">\n\t\t\t\t\t\t\t\t\t\t\t\t\t\t\t<img loading=\"lazy\" decoding=\"async\" width=\"1280\" height=\"853\" src=\"https:\/\/anyeexinlianggrandhotel.com\/wp-content\/uploads\/2025\/09\/Anyee-Xinliang-Grand-Hotel-16.webp\" class=\"attachment-full size-full wp-image-5593\" alt=\"\" srcset=\"https:\/\/anyeexinlianggrandhotel.com\/wp-content\/uploads\/2025\/09\/Anyee-Xinliang-Grand-Hotel-16.webp 1280w, https:\/\/anyeexinlianggrandhotel.com\/wp-content\/uploads\/2025\/09\/Anyee-Xinliang-Grand-Hotel-16-300x200.webp 300w, https:\/\/anyeexinlianggrandhotel.com\/wp-content\/uploads\/2025\/09\/Anyee-Xinliang-Grand-Hotel-16-1024x682.webp 1024w, https:\/\/anyeexinlianggrandhotel.com\/wp-content\/uploads\/2025\/09\/Anyee-Xinliang-Grand-Hotel-16-768x512.webp 768w, https:\/\/anyeexinlianggrandhotel.com\/wp-content\/uploads\/2025\/09\/Anyee-Xinliang-Grand-Hotel-16-18x12.webp 18w\" sizes=\"(max-width: 1280px) 100vw, 1280px\" \/>\t\t\t\t\t\t\t\t\t\t\t\t\t\t\t<\/div>\n\t\t\t\t\t<\/div>\n\t\t<\/div>\n\t\t\t\t<div class=\"elementor-column elementor-col-50 elementor-top-column elementor-element elementor-element-5fce809\" data-id=\"5fce809\" data-element_type=\"column\" data-e-type=\"column\">\n\t\t\t<div class=\"elementor-widget-wrap elementor-element-populated\">\n\t\t\t\t\t\t<div class=\"elementor-element elementor-element-4304fd1 elementor-invisible elementor-widget elementor-widget-text-editor\" data-id=\"4304fd1\" data-element_type=\"widget\" data-e-type=\"widget\" data-settings=\"{&quot;_animation&quot;:&quot;nussFadeInUp&quot;}\" data-widget_type=\"text-editor.default\">\n\t\t\t\t\t\t\t\t\t<p data-spm-anchor-id=\"a2ty_o01.29997173.0.i49.4901c921uGWVOS\">Los hu\u00e9spedes disfrutan de una gama de servicios pensados para mejorar su estancia: recepci\u00f3n 24 horas, check-in\/out expr\u00e9s, consigna de equipaje gratuita, ascensor y plantas para no fumadores para mayor comodidad. Si bien el hotel no dispone de gimnasio ni piscina, su c\u00e9ntrica ubicaci\u00f3n ofrece acceso inmediato a opciones de bienestar en toda la ciudad, desde estudios de yoga hasta pintorescos paseos por el parque.<\/p><div class=\"my-2\">\u00a0<\/div><p>Ya sea que est\u00e9 de visita para una escapada rom\u00e1ntica, una aventura familiar o un viaje de negocios productivo, <strong>Anyee Xinliang Grand Hotel (Chengdu Chunxi Road Taikoo Li)<\/strong> Ofrece una experiencia urbana de primer nivel, basada en la accesibilidad, el dise\u00f1o y la calidez genuina. Con una ubicaci\u00f3n inmejorable, alojamiento elegante y una conexi\u00f3n con el alma de Chengdu, este hotel es m\u00e1s que un hotel: es su hogar en el coraz\u00f3n de la ciudad.<\/p>\t\t\t\t\t\t\t\t<\/div>\n\t\t\t\t\t<\/div>\n\t\t<\/div>\n\t\t\t\t\t<\/div>\n\t\t<\/section>\n\t\t\t\t<section class=\"elementor-section elementor-top-section elementor-element elementor-element-2092b7d0 elementor-section-stretched elementor-section-boxed elementor-section-gap-beside-yes elementor-section-height-default elementor-section-height-default elementor-section-column-vertical-align-stretch\" data-id=\"2092b7d0\" data-element_type=\"section\" data-e-type=\"section\" data-settings=\"{&quot;background_background&quot;:&quot;classic&quot;,&quot;stretch_section&quot;:&quot;section-stretched&quot;}\">\n\t\t\t\t\t\t<div class=\"elementor-container elementor-column-gap-extended\">\n\t\t\t\t\t<div class=\"elementor-column elementor-col-100 elementor-top-column elementor-element elementor-element-be69d75\" data-id=\"be69d75\" data-element_type=\"column\" data-e-type=\"column\">\n\t\t\t<div class=\"elementor-widget-wrap elementor-element-populated\">\n\t\t\t\t\t\t<div class=\"elementor-element elementor-element-320c022 elementor-widget elementor-widget-nuss-heading\" data-id=\"320c022\" data-element_type=\"widget\" data-e-type=\"widget\" data-widget_type=\"nuss-heading.default\">\n\t\t\t\t<div class=\"elementor-widget-container\">\n\t\t\t\t\t\t\t<div class=\"nuss-modern-heading\">\r\n\t\t\t\t\t\t<div class=\"heading-secondary-wrap\">\r\n\t\t\t\t<h3 class=\"heading-secondary elementor-heading-title\">Consultar disponibilidad <\/h3>\t\t\t<\/div>\r\n\t\t\r\n\t\t\t\r\n\t\t\t\r\n\t\t\t\t\t<\/div>\r\n\t\t\t\t\t<\/div>\n\t\t\t\t<\/div>\n\t\t\t\t<div class=\"elementor-element elementor-element-fe69a93 elementor-widget elementor-widget-text-editor\" data-id=\"fe69a93\" data-element_type=\"widget\" data-e-type=\"widget\" data-widget_type=\"text-editor.default\">\n\t\t\t\t\t\t\t\t\t<iframe border=\"0\" src=\"https:\/\/www.trip.com\/partners\/ad\/S5340708?Allianceid=4590391&#038;SID=258889625&#038;trip_sub1=\" style=\"width:1200px;height:200px\" frameborder=\"0\" scrolling=\"no\" id=\"S5340708\"><\/iframe>\t\t\t\t\t\t\t\t<\/div>\n\t\t\t\t\t<\/div>\n\t\t<\/div>\n\t\t\t\t\t<\/div>\n\t\t<\/section>\n\t\t\t\t<\/div>","protected":false},"excerpt":{"rendered":"<p>A Luxurious Urban Escape at Anyee Xinliang Grand Hotel (Chengdu Chunxi Road Taikoo Li) Nestled in the vibrant pulse of one of China\u2019s most dynamic and culturally rich cities, Anyee Xinliang Grand Hotel (Chengdu Chunxi Road Taikoo Li) offers an exceptional blend of modern sophistication, strategic location, and authentic Sichuan hospitality. Located at No. 246 [&hellip;]<\/p>\n","protected":false},"author":1,"featured_media":0,"parent":0,"menu_order":0,"comment_status":"closed","ping_status":"closed","template":"","meta":{"footnotes":""},"class_list":["post-5266","page","type-page","status-publish","hentry","post-no-thumbnail"],"_links":{"self":[{"href":"https:\/\/anyeexinlianggrandhotel.com\/es\/wp-json\/wp\/v2\/pages\/5266","targetHints":{"allow":["GET"]}}],"collection":[{"href":"https:\/\/anyeexinlianggrandhotel.com\/es\/wp-json\/wp\/v2\/pages"}],"about":[{"href":"https:\/\/anyeexinlianggrandhotel.com\/es\/wp-json\/wp\/v2\/types\/page"}],"author":[{"embeddable":true,"href":"https:\/\/anyeexinlianggrandhotel.com\/es\/wp-json\/wp\/v2\/users\/1"}],"replies":[{"embeddable":true,"href":"https:\/\/anyeexinlianggrandhotel.com\/es\/wp-json\/wp\/v2\/comments?post=5266"}],"version-history":[{"count":0,"href":"https:\/\/anyeexinlianggrandhotel.com\/es\/wp-json\/wp\/v2\/pages\/5266\/revisions"}],"wp:attachment":[{"href":"https:\/\/anyeexinlianggrandhotel.com\/es\/wp-json\/wp\/v2\/media?parent=5266"}],"curies":[{"name":"wp","href":"https:\/\/api.w.org\/{rel}","templated":true}]}}