{"id":2109,"date":"2021-03-26T08:35:58","date_gmt":"2021-03-26T08:35:58","guid":{"rendered":"http:\/\/localhost\/nuss\/?page_id=536"},"modified":"2025-09-12T06:55:31","modified_gmt":"2025-09-12T06:55:31","slug":"instalaciones-comerciales","status":"publish","type":"page","link":"https:\/\/anyeexinlianggrandhotel.com\/es\/instalaciones-comerciales\/","title":{"rendered":"Instalaciones comerciales"},"content":{"rendered":"<div data-elementor-type=\"wp-page\" data-elementor-id=\"2109\" class=\"elementor elementor-2109\">\n\t\t\t\t\t\t<section class=\"elementor-section elementor-top-section elementor-element elementor-element-bb2901b elementor-section-boxed elementor-section-gap-beside-yes elementor-section-height-default elementor-section-height-default elementor-section-column-vertical-align-stretch\" data-id=\"bb2901b\" data-element_type=\"section\" data-e-type=\"section\">\n\t\t\t\t\t\t<div class=\"elementor-container elementor-column-gap-extended\">\n\t\t\t\t\t<div class=\"elementor-column elementor-col-100 elementor-top-column elementor-element elementor-element-1919db9\" data-id=\"1919db9\" data-element_type=\"column\" data-e-type=\"column\">\n\t\t\t<div class=\"elementor-widget-wrap elementor-element-populated\">\n\t\t\t\t\t\t<div class=\"elementor-element elementor-element-41a7b9c elementor-widget__width-initial elementor-invisible elementor-widget elementor-widget-text-editor\" data-id=\"41a7b9c\" data-element_type=\"widget\" data-e-type=\"widget\" data-settings=\"{&quot;_animation&quot;:&quot;nussFadeInUp&quot;}\" data-widget_type=\"text-editor.default\">\n\t\t\t\t\t\t\t\t\t<p><strong data-spm-anchor-id=\"a2ty_o01.29997173.0.i51.4901c921uGWVOS\">Instalaciones de negocios sofisticadas en el Anyee Xinliang Grand Hotel (Chengdu Chunxi Road Taikoo Li)<\/strong><\/p>\t\t\t\t\t\t\t\t<\/div>\n\t\t\t\t\t<\/div>\n\t\t<\/div>\n\t\t\t\t\t<\/div>\n\t\t<\/section>\n\t\t<div class=\"elementor-element elementor-element-57f7c85 e-flex e-con-boxed e-con e-parent\" data-id=\"57f7c85\" data-element_type=\"container\" data-e-type=\"container\">\n\t\t\t\t\t<div class=\"e-con-inner\">\n\t\t\t\t<div class=\"elementor-element elementor-element-9eea971 elementor-widget elementor-widget-nuss-image-gallery\" data-id=\"9eea971\" data-element_type=\"widget\" data-e-type=\"widget\" data-widget_type=\"nuss-image-gallery.default\">\n\t\t\t\t<div class=\"elementor-widget-container\">\n\t\t\t\t\t\t\t<div class=\"nuss-grid-wrapper\" data-grid=\"{&quot;type&quot;:&quot;grid&quot;,&quot;ratio&quot;:null,&quot;columns&quot;:3,&quot;gutter&quot;:30}\">\r\n\t\t\t<div class=\"nuss-grid lazy-grid\">\r\n\t\t\t\t<div class=\"grid-sizer\"><\/div>\r\n\r\n\t\t\t\t\t\t\t\t\t\t\t\t<div class=\"grid-item\">\r\n\t\t\t\t\t\t<div class=\"nuss-box\">\t\t<div class=\"nuss-image image\">\r\n\t\t\t<img decoding=\"async\"  src=\"https:\/\/anyeexinlianggrandhotel.com\/wp-content\/uploads\/2025\/09\/Anyee-Xinliang-Grand-Hotel-154.webp\" alt=\"Anyee Xinliang Grand Hotel (154)\" \/>\t\t<\/div>\r\n\t\t\t\t<\/div>\t\t\t\t\t<\/div>\r\n\t\t\t\t\t\t<div class=\"grid-item\">\r\n\t\t\t\t\t\t<div class=\"nuss-box\">\t\t<div class=\"nuss-image image\">\r\n\t\t\t<img decoding=\"async\"  src=\"https:\/\/anyeexinlianggrandhotel.com\/wp-content\/uploads\/2025\/09\/Anyee-Xinliang-Grand-Hotel-131.webp\" alt=\"Anyee Xinliang Grand Hotel (131)\" \/>\t\t<\/div>\r\n\t\t\t\t<\/div>\t\t\t\t\t<\/div>\r\n\t\t\t\t\t\t<div class=\"grid-item\">\r\n\t\t\t\t\t\t<div class=\"nuss-box\">\t\t<div class=\"nuss-image image\">\r\n\t\t\t<img decoding=\"async\"  src=\"https:\/\/anyeexinlianggrandhotel.com\/wp-content\/uploads\/2025\/09\/Anyee-Xinliang-Grand-Hotel-129.webp\" alt=\"Anyee Xinliang Grand Hotel (129)\" \/>\t\t<\/div>\r\n\t\t\t\t<\/div>\t\t\t\t\t<\/div>\r\n\t\t\t\t\t\t<div class=\"grid-item\">\r\n\t\t\t\t\t\t<div class=\"nuss-box\">\t\t<div class=\"nuss-image image\">\r\n\t\t\t<img decoding=\"async\"  src=\"https:\/\/anyeexinlianggrandhotel.com\/wp-content\/uploads\/2025\/09\/Anyee-Xinliang-Grand-Hotel-130.webp\" alt=\"Anyee Xinliang Grand Hotel (130)\" \/>\t\t<\/div>\r\n\t\t\t\t<\/div>\t\t\t\t\t<\/div>\r\n\t\t\t\t\t\t<div class=\"grid-item\">\r\n\t\t\t\t\t\t<div class=\"nuss-box\">\t\t<div class=\"nuss-image image\">\r\n\t\t\t<img decoding=\"async\"  src=\"https:\/\/anyeexinlianggrandhotel.com\/wp-content\/uploads\/2025\/09\/Anyee-Xinliang-Grand-Hotel-105.webp\" alt=\"Anyee Xinliang Grand Hotel (105)\" \/>\t\t<\/div>\r\n\t\t\t\t<\/div>\t\t\t\t\t<\/div>\r\n\t\t\t\t\t\t<div class=\"grid-item\">\r\n\t\t\t\t\t\t<div class=\"nuss-box\">\t\t<div class=\"nuss-image image\">\r\n\t\t\t<img decoding=\"async\"  src=\"https:\/\/anyeexinlianggrandhotel.com\/wp-content\/uploads\/2025\/09\/Anyee-Xinliang-Grand-Hotel-13.webp\" alt=\"Anyee Xinliang Grand Hotel (13)\" \/>\t\t<\/div>\r\n\t\t\t\t<\/div>\t\t\t\t\t<\/div>\r\n\t\t\t\t\t\t<div class=\"grid-item\">\r\n\t\t\t\t\t\t<div class=\"nuss-box\">\t\t<div class=\"nuss-image image\">\r\n\t\t\t<img decoding=\"async\"  src=\"https:\/\/anyeexinlianggrandhotel.com\/wp-content\/uploads\/2025\/09\/Anyee-Xinliang-Grand-Hotel-12.webp\" alt=\"Anyee Xinliang Grand Hotel (12)\" \/>\t\t<\/div>\r\n\t\t\t\t<\/div>\t\t\t\t\t<\/div>\r\n\t\t\t\t\t\t<div class=\"grid-item\">\r\n\t\t\t\t\t\t<div class=\"nuss-box\">\t\t<div class=\"nuss-image image\">\r\n\t\t\t<img decoding=\"async\"  src=\"https:\/\/anyeexinlianggrandhotel.com\/wp-content\/uploads\/2025\/09\/Anyee-Xinliang-Grand-Hotel-119.webp\" alt=\"Anyee Xinliang Grand Hotel (119)\" \/>\t\t<\/div>\r\n\t\t\t\t<\/div>\t\t\t\t\t<\/div>\r\n\t\t\t\t\t\t<div class=\"grid-item\">\r\n\t\t\t\t\t\t<div class=\"nuss-box\">\t\t<div class=\"nuss-image image\">\r\n\t\t\t<img decoding=\"async\"  src=\"https:\/\/anyeexinlianggrandhotel.com\/wp-content\/uploads\/2025\/09\/Anyee-Xinliang-Grand-Hotel-101.webp\" alt=\"Anyee Xinliang Grand Hotel (101)\" \/>\t\t<\/div>\r\n\t\t\t\t<\/div>\t\t\t\t\t<\/div>\r\n\t\t\t\t\t\t\t\r\n\t\t\t<\/div>\r\n\t\t<\/div>\r\n\t\t\t\t\t\t<\/div>\n\t\t\t\t<\/div>\n\t\t\t\t\t<\/div>\n\t\t\t\t<\/div>\n\t\t<div class=\"elementor-element elementor-element-2476d16 e-flex e-con-boxed e-con e-parent\" data-id=\"2476d16\" data-element_type=\"container\" data-e-type=\"container\">\n\t\t\t\t\t<div class=\"e-con-inner\">\n\t\t\t\t<div class=\"elementor-element elementor-element-cbefb1c elementor-widget elementor-widget-text-editor\" data-id=\"cbefb1c\" data-element_type=\"widget\" data-e-type=\"widget\" data-widget_type=\"text-editor.default\">\n\t\t\t\t\t\t\t\t\t<p data-spm-anchor-id=\"a2ty_o01.29997173.0.i53.4901c921uGWVOS\">Para el viajero de negocios moderno, el \u00e9xito no se mide solo por las reuniones celebradas o los acuerdos cerrados, sino que se define por la eficiencia, la conectividad y la comodidad. <strong>Anyee Xinliang Grand Hotel (Chengdu Chunxi Road Taikoo Li)<\/strong>, ubicado en el pr\u00f3spero coraz\u00f3n del distrito Jinjiang de Chengdu en <strong>Secci\u00f3n n.\u00b0 246 de Upper East Street, East Street<\/strong>Entendemos que un viaje productivo comienza con un entorno impecable. Por eso, nuestro hotel va m\u00e1s all\u00e1 del alojamiento est\u00e1ndar para ofrecer una suite refinada de... <strong>instalaciones y servicios empresariales<\/strong> Dise\u00f1ado para profesionales que exigen excelencia.<\/p><p>Ubicado en uno de los centros econ\u00f3micos m\u00e1s din\u00e1micos de China, nuestro hotel lo coloca a pasos de <strong>Taikoo Li<\/strong>, <strong>Carretera Chunxi<\/strong>y los principales centros comerciales de la ciudad, lo que la convierte en la base ideal para viajeros corporativos, emprendedores y delegados internacionales. Ya sea que asista a una negociaci\u00f3n importante, realice una presentaci\u00f3n ante socios locales o gestione un equipo remoto en diferentes zonas horarias, nuestras comodidades empresariales cuidadosamente seleccionadas le garantizan mantenerse concentrado, conectado y a la vanguardia.<\/p><div class=\"my-2\">\u00a0<\/div><h3>Un entorno productivo dise\u00f1ado para profesionales<\/h3><p>Nuestras habitaciones son m\u00e1s que un simple lugar de descanso: son espacios de trabajo funcionales, equipados con todo lo necesario para la productividad en movimiento. Cada habitaci\u00f3n cuenta con:<\/p><ul dir=\"auto\"><li><strong>Escritorios ergon\u00f3micos<\/strong> con amplia iluminaci\u00f3n<\/li><li><strong>Wi-Fi estable y de alta velocidad<\/strong> en toda la propiedad<\/li><li><strong>Televisores inteligentes<\/strong> compatible con duplicaci\u00f3n de pantalla inal\u00e1mbrica<\/li><li><strong>Tomas de corriente universales y puertos de carga USB<\/strong><\/li><li><strong>Aire acondicionado silencioso<\/strong> Para concentrarse sin distracciones<\/li><\/ul><p>Ya sea redactando un informe a medianoche o prepar\u00e1ndose para una videoconferencia por la ma\u00f1ana, el ambiente tranquilo y la tecnolog\u00eda moderna crean el escenario perfecto para un trabajo ininterrumpido.<\/p><p>Para los hu\u00e9spedes que requieren espacios de reuni\u00f3n formales, nuestro hotel ofrece acceso a <strong>salas de conferencias multifunci\u00f3n<\/strong> Ideales para peque\u00f1as reuniones de equipos, presentaciones a clientes o charlas privadas. Equipados con sistemas audiovisuales, proyectores, micr\u00f3fonos e internet confiable, estos espacios flexibles se adaptan a sus necesidades espec\u00edficas. Nuestro equipo de recepci\u00f3n le ofrece apoyo integral con la coordinaci\u00f3n de la instalaci\u00f3n, servicios de impresi\u00f3n y asistencia con la programaci\u00f3n, garantizando as\u00ed que cada detalle se gestione con precisi\u00f3n.<\/p><div class=\"my-2\">\u00a0<\/div><h3>Servicios de soporte y conectividad sin interrupciones<\/h3><p>En el mundo acelerado de hoy, mantenerse conectado no es opcional, es esencial. En Anyee Xinliang Grand Hotel, ofrecemos <strong>Wi-Fi de alta velocidad gratuito en todas las habitaciones y \u00e1reas p\u00fablicas<\/strong>, lo que te permite transmitir, descargar y colaborar sin demoras. La red est\u00e1 optimizada para uso empresarial y admite videollamadas seguras a trav\u00e9s de Zoom, Teams o WeChat, para que nunca te pierdas un momento crucial.<\/p><p>Tambi\u00e9n ofrecemos:<\/p><ul dir=\"auto\"><li><strong>Servicio de recepci\u00f3n 24 horas<\/strong> con personal multiling\u00fce disponible para ayudar con solicitudes de \u00faltimo momento.<\/li><li><strong>Check-in y check-out expr\u00e9s<\/strong> para maximizar su valioso tiempo.<\/li><li><strong>Consigna de equipaje<\/strong> Antes de la llegada o despu\u00e9s de la salida, ideal para aquellos con horarios de vuelo ajustados.<\/li><li><strong>Herramientas de traducci\u00f3n y orientaci\u00f3n local<\/strong> para ayudarle a navegar por el panorama empresarial de Chengdu con confianza.<\/li><\/ul><p>\u00bfNecesita imprimir contratos, enviar documentos o reservar un taxi para una reuni\u00f3n con un cliente? Nuestro atento personal est\u00e1 listo para ayudarle. <strong>servicios de fax y fotocopias<\/strong>, <strong>soporte postal<\/strong>, y <strong>arreglos de transporte<\/strong>, minimizando el estr\u00e9s log\u00edstico y permiti\u00e9ndole concentrarse en lo que m\u00e1s importa.<\/p><div class=\"my-2\">\u00a0<\/div><h3>Ubicaci\u00f3n estrat\u00e9gica para el \u00e9xito empresarial<\/h3><p>Chengdu est\u00e1 emergiendo r\u00e1pidamente como un centro global de innovaci\u00f3n y tecnolog\u00eda, sede de corporaciones multinacionales, startups tecnol\u00f3gicas, instituciones financieras y agencias creativas. Ubicada en la prestigiosa... <strong>Distrito de Jinjiang<\/strong>El Anyee Xinliang Grand Hotel ofrece un acceso incomparable a este vibrante ecosistema.<\/p><p>A s\u00f3lo unos minutos de distancia, <strong>Taikoo Li<\/strong> No es solo un destino de compras de lujo, sino que tambi\u00e9n alberga oficinas emblem\u00e1ticas, espacios de coworking y puntos de encuentro donde se re\u00fanen los l\u00edderes del sector. <strong>Carretera Chunxi<\/strong> Sirve como la columna vertebral comercial de la ciudad, repleta de bancos, sedes corporativas y proveedores de servicios. El transporte p\u00fablico es muy f\u00e1cil: las estaciones de metro m\u00e1s cercanas est\u00e1n a poca distancia, conectando directamente con distritos comerciales, centros de exposiciones y oficinas gubernamentales.<\/p><p>Esta ubicaci\u00f3n central hace que nuestro hotel sea una opci\u00f3n preferida por los profesionales que visitan el pa\u00eds para realizar conferencias. <strong>Nuevo Centro Internacional de Convenciones y Exposiciones de Chengdu Century City<\/strong>, explorando oportunidades de inversi\u00f3n en la floreciente econom\u00eda de Sichuan o realizando estudios de mercado en el oeste de China.<\/p><div class=\"my-2\">\u00a0<\/div><h3>El bienestar se une al equilibrio entre el trabajo y la vida personal<\/h3><p>Reconocemos que el rendimiento sostenido requiere equilibrio. Por eso, nuestra oferta empresarial va m\u00e1s all\u00e1 de la log\u00edstica e incluye servicios enfocados en el bienestar que fomentan la claridad mental y la energ\u00eda f\u00edsica. Si bien el hotel no cuenta con gimnasio, su ubicaci\u00f3n fomenta el movimiento, ya sea una caminata r\u00e1pida por los parques cercanos o una sesi\u00f3n matutina de taich\u00ed en <strong>Parque del Pueblo<\/strong>, o un paseo posterior a la reuni\u00f3n por calles arboladas.<\/p><p>El restaurante del hotel sirve desayunos nutritivos y comidas equilibradas con cocina china e internacional, lo que le ayudar\u00e1 a mantener un rendimiento \u00f3ptimo durante su estancia. Y despu\u00e9s de un largo d\u00eda de negociaciones o presentaciones, rel\u00e1jese en la tranquila comodidad de su elegante habitaci\u00f3n, donde la lujosa ropa de cama y las ventanas insonorizadas le garantizan un sue\u00f1o profundo y reparador.<\/p><div class=\"my-2\">\u00a0<\/div><h3>Los viajeros conf\u00edan en nosotros por su comodidad y conveniencia<\/h3><p>Los hu\u00e9spedes elogian constantemente al hotel por su <strong>Excelente ubicaci\u00f3n<\/strong>, <strong>limpieza<\/strong>, y <strong>servicio receptivo<\/strong> \u2014Todos factores cruciales para un viaje de negocios exitoso. Con f\u00e1cil acceso a restaurantes, tiendas y transporte p\u00fablico, dedicar\u00e1 menos tiempo a desplazarse y m\u00e1s a lograr sus objetivos.<\/p><p>En <strong>Anyee Xinliang Grand Hotel (Chengdu Chunxi Road Taikoo Li)<\/strong>No solo ofrecemos un lugar para quedarse: ofrecemos una experiencia de nivel profesional basada en <strong>eficiencia, confiabilidad y sofisticaci\u00f3n urbana<\/strong>Desde el primer correo electr\u00f3nico enviado al amanecer hasta el \u00faltimo apret\u00f3n de manos del d\u00eda, cada aspecto de su viaje cuenta con apoyo.<\/p><p data-spm-anchor-id=\"a2ty_o01.29997173.0.i54.4901c921uGWVOS\">El\u00edjanos como su socio estrat\u00e9gico en viajes de negocios y descubra c\u00f3mo una estad\u00eda bien dise\u00f1ada puede mejorar su desempe\u00f1o en una de las ciudades m\u00e1s emocionantes de Asia.<\/p>\t\t\t\t\t\t\t\t<\/div>\n\t\t\t\t\t<\/div>\n\t\t\t\t<\/div>\n\t\t\t\t<section class=\"elementor-section elementor-top-section elementor-element elementor-element-6b70cc1f elementor-section-stretched elementor-section-boxed elementor-section-gap-beside-yes elementor-section-height-default elementor-section-height-default elementor-section-column-vertical-align-stretch\" data-id=\"6b70cc1f\" data-element_type=\"section\" data-e-type=\"section\" data-settings=\"{&quot;background_background&quot;:&quot;classic&quot;,&quot;stretch_section&quot;:&quot;section-stretched&quot;}\">\n\t\t\t\t\t\t<div class=\"elementor-container elementor-column-gap-extended\">\n\t\t\t\t\t<div class=\"elementor-column elementor-col-100 elementor-top-column elementor-element elementor-element-44479759\" data-id=\"44479759\" data-element_type=\"column\" data-e-type=\"column\">\n\t\t\t<div class=\"elementor-widget-wrap elementor-element-populated\">\n\t\t\t\t\t\t<div class=\"elementor-element elementor-element-6b02632b elementor-widget elementor-widget-nuss-heading\" data-id=\"6b02632b\" data-element_type=\"widget\" data-e-type=\"widget\" data-widget_type=\"nuss-heading.default\">\n\t\t\t\t<div class=\"elementor-widget-container\">\n\t\t\t\t\t\t\t<div class=\"nuss-modern-heading\">\r\n\t\t\t\t\t\t<div class=\"heading-secondary-wrap\">\r\n\t\t\t\t<h3 class=\"heading-secondary elementor-heading-title\">Consultar disponibilidad <\/h3>\t\t\t<\/div>\r\n\t\t\r\n\t\t\t\r\n\t\t\t\r\n\t\t\t\t\t<\/div>\r\n\t\t\t\t\t<\/div>\n\t\t\t\t<\/div>\n\t\t\t\t<div class=\"elementor-element elementor-element-736cf17b elementor-widget elementor-widget-text-editor\" data-id=\"736cf17b\" data-element_type=\"widget\" data-e-type=\"widget\" data-widget_type=\"text-editor.default\">\n\t\t\t\t\t\t\t\t\t<iframe border=\"0\" src=\"https:\/\/www.trip.com\/partners\/ad\/S5340708?Allianceid=4590391&#038;SID=258889625&#038;trip_sub1=\" style=\"width:1200px;height:200px\" frameborder=\"0\" scrolling=\"no\" id=\"S5340708\"><\/iframe>\t\t\t\t\t\t\t\t<\/div>\n\t\t\t\t\t<\/div>\n\t\t<\/div>\n\t\t\t\t\t<\/div>\n\t\t<\/section>\n\t\t\t\t<\/div>","protected":false},"excerpt":{"rendered":"<p>Sophisticated Business Facilities at Anyee Xinliang Grand Hotel (Chengdu Chunxi Road Taikoo Li) For the modern business traveler, success is not just measured by meetings held or deals closed \u2014 it&#8217;s defined by efficiency, connectivity, and comfort. At Anyee Xinliang Grand Hotel (Chengdu Chunxi Road Taikoo Li), located in the thriving heart of Chengdu\u2019s Jinjiang [&hellip;]<\/p>\n","protected":false},"author":1,"featured_media":0,"parent":0,"menu_order":0,"comment_status":"closed","ping_status":"closed","template":"","meta":{"footnotes":""},"class_list":["post-2109","page","type-page","status-publish","hentry","post-no-thumbnail"],"_links":{"self":[{"href":"https:\/\/anyeexinlianggrandhotel.com\/es\/wp-json\/wp\/v2\/pages\/2109","targetHints":{"allow":["GET"]}}],"collection":[{"href":"https:\/\/anyeexinlianggrandhotel.com\/es\/wp-json\/wp\/v2\/pages"}],"about":[{"href":"https:\/\/anyeexinlianggrandhotel.com\/es\/wp-json\/wp\/v2\/types\/page"}],"author":[{"embeddable":true,"href":"https:\/\/anyeexinlianggrandhotel.com\/es\/wp-json\/wp\/v2\/users\/1"}],"replies":[{"embeddable":true,"href":"https:\/\/anyeexinlianggrandhotel.com\/es\/wp-json\/wp\/v2\/comments?post=2109"}],"version-history":[{"count":0,"href":"https:\/\/anyeexinlianggrandhotel.com\/es\/wp-json\/wp\/v2\/pages\/2109\/revisions"}],"wp:attachment":[{"href":"https:\/\/anyeexinlianggrandhotel.com\/es\/wp-json\/wp\/v2\/media?parent=2109"}],"curies":[{"name":"wp","href":"https:\/\/api.w.org\/{rel}","templated":true}]}}