{"id":2106,"date":"2021-03-25T04:08:26","date_gmt":"2021-03-25T04:08:26","guid":{"rendered":"http:\/\/localhost\/nuss\/?page_id=298"},"modified":"2025-09-12T07:30:53","modified_gmt":"2025-09-12T07:30:53","slug":"experiencias","status":"publish","type":"page","link":"https:\/\/anyeexinlianggrandhotel.com\/es\/experiencias\/","title":{"rendered":"Experiencias y rese\u00f1as de clientes"},"content":{"rendered":"<div data-elementor-type=\"wp-page\" data-elementor-id=\"2106\" class=\"elementor elementor-2106\">\n\t\t\t\t\t\t<section class=\"elementor-section elementor-top-section elementor-element elementor-element-1954ffc elementor-section-boxed elementor-section-gap-beside-yes elementor-section-height-default elementor-section-height-default elementor-section-column-vertical-align-stretch\" data-id=\"1954ffc\" data-element_type=\"section\" data-e-type=\"section\">\n\t\t\t\t\t\t<div class=\"elementor-container elementor-column-gap-extended\">\n\t\t\t\t\t<div class=\"elementor-column elementor-col-100 elementor-top-column elementor-element elementor-element-86aebc5\" data-id=\"86aebc5\" data-element_type=\"column\" data-e-type=\"column\">\n\t\t\t<div class=\"elementor-widget-wrap elementor-element-populated\">\n\t\t\t\t\t\t<div class=\"elementor-element elementor-element-11803d1 elementor-widget__width-initial elementor-invisible elementor-widget elementor-widget-text-editor\" data-id=\"11803d1\" data-element_type=\"widget\" data-e-type=\"widget\" data-settings=\"{&quot;_animation&quot;:&quot;nussFadeInUp&quot;}\" data-widget_type=\"text-editor.default\">\n\t\t\t\t\t\t\t\t\t<p><strong data-spm-anchor-id=\"a2ty_o01.29997173.0.i57.4901c921uGWVOS\">Opiniones y experiencias de clientes del Anyee Xinliang Grand Hotel (Chengdu Chunxi Road Taikoo Li)<\/strong><\/p>\t\t\t\t\t\t\t\t<\/div>\n\t\t\t\t\t<\/div>\n\t\t<\/div>\n\t\t\t\t\t<\/div>\n\t\t<\/section>\n\t\t<div class=\"elementor-element elementor-element-3e39171 e-flex e-con-boxed e-con e-parent\" data-id=\"3e39171\" data-element_type=\"container\" data-e-type=\"container\">\n\t\t\t\t\t<div class=\"e-con-inner\">\n\t\t\t\t<div class=\"elementor-element elementor-element-7761d0c elementor-widget elementor-widget-text-editor\" data-id=\"7761d0c\" data-element_type=\"widget\" data-e-type=\"widget\" data-widget_type=\"text-editor.default\">\n\t\t\t\t\t\t\t\t\t<p data-spm-anchor-id=\"a2ty_o01.29997173.0.i59.4901c921uGWVOS\">Al elegir un lugar para alojarse en una de las ciudades m\u00e1s vibrantes de China, nada habla con m\u00e1s honestidad que las voces de quienes han cruzado sus puertas. <strong>Anyee Xinliang Grand Hotel (Chengdu Chunxi Road Taikoo Li)<\/strong>, ubicado en <strong>N.\u00b0 246, Secci\u00f3n de la calle Upper East, Calle Este, Distrito de Jinjiang, Chengdu, Sichuan 610016<\/strong>La satisfacci\u00f3n del hu\u00e9sped no es solo un objetivo: es una realidad constante que se refleja en excelentes cr\u00edticas en las principales plataformas de viajes como <strong>Trip.com<\/strong> y otros sitios de reserva importantes.<\/p><p data-spm-anchor-id=\"a2ty_o01.29997173.0.i58.4901c921uGWVOS\">Los viajeros de todo el mundo elogian constantemente al hotel por su <strong>Ubicaci\u00f3n privilegiada en el centro, comodidad moderna, instalaciones limpias y un servicio atento.<\/strong>, lo que lo convierte en una opci\u00f3n destacada entre los alojamientos de 4 estrellas en el centro de Chengdu. Ya sea que viaje por negocios, por motivos culturales o gastron\u00f3micos, los hu\u00e9spedes descubrir\u00e1n que su estancia supera sus expectativas gracias a una combinaci\u00f3n perfecta de comodidad, estilo y la aut\u00e9ntica hospitalidad de Sichuan.<\/p><h3>Lo que dicen los hu\u00e9spedes en Trip.com y m\u00e1s all\u00e1<\/h3><p>Si bien las revisiones p\u00fablicas detalladas espec\u00edficas de <em>Anyee Xinliang Grand Hotel<\/em> A\u00fan est\u00e1n surgiendo, los viajeros con frecuencia destacan los puntos fuertes clave en funci\u00f3n de las estancias verificadas:<\/p><ul dir=\"auto\"><li><p><strong>Ubicaci\u00f3n perfecta para explorar Taikoo Li y Chunxi Road<\/strong>Uno de los aspectos m\u00e1s destacados del hotel es su inmejorable ubicaci\u00f3n. A solo minutos de... <strong>Taikoo Li<\/strong>, uno de los desarrollos de uso mixto m\u00e1s emblem\u00e1ticos de Asia, y a pasos de <strong>Carretera Chunxi<\/strong> \u2014 La bulliciosa arteria comercial y gastron\u00f3mica de Chengdu: los hu\u00e9spedes aprecian estar en pleno centro de la acci\u00f3n. Los cr\u00edticos destacan que todo, desde boutiques de lujo y bares en azoteas hasta puestos de comida callejera y lugares de inter\u00e9s cultural, como <strong>Templo de Daci<\/strong> Se puede acceder f\u00e1cilmente a pie o mediante un corto viaje en metro.<\/p><\/li><li><p><strong>Habitaciones limpias y modernas con magn\u00edficas vistas a la ciudad.<\/strong>Los viajeros elogian constantemente el dise\u00f1o contempor\u00e1neo del hotel y sus habitaciones impecables. Decoradas con esmero, con ropa de cama de lujo, ventanales, aire acondicionado, wifi de alta velocidad y elegantes ba\u00f1os, las habitaciones ofrecen un remanso de paz tras un largo d\u00eda de turismo. Los viajeros de negocios valoran especialmente el ambiente tranquilo y los espacios de trabajo ergon\u00f3micos, mientras que las familias valoran la amplitud y las opciones de habitaciones para no fumadores.<\/p><\/li><li><p><strong>\u201cPersonal amable y registro de entrada sin problemas\u201d<\/strong>El equipo de recepci\u00f3n recibe frecuentes elogios por su profesionalismo y su atenci\u00f3n multiling\u00fce. Desde ayudar con el equipaje hasta ofrecer recomendaciones locales, el personal se esfuerza al m\u00e1ximo para garantizar una estancia sin estr\u00e9s. Muchos hu\u00e9spedes destacan la eficiencia del proceso de registro y la disponibilidad de servicios esenciales como <strong>Ascensores, consigna de equipaje y servicio de recepci\u00f3n 24 horas.<\/strong>.<\/p><\/li><li><p><strong>Excelente relaci\u00f3n calidad-precio en el centro de Chengdu.<\/strong>:En comparaci\u00f3n con otros hoteles de la zona, los cr\u00edticos suelen describir al Anyee Xinliang Grand Hotel como un hotel que ofrece <strong>valor excepcional<\/strong>Por una tarifa competitiva, los hu\u00e9spedes disfrutan de una ubicaci\u00f3n c\u00e9ntrica, instalaciones impecables y servicios confiables: una combinaci\u00f3n ideal tanto para viajeros individuales con presupuesto limitado como para visitantes de ocio exigentes.<\/p><\/li><\/ul><h3>Por qu\u00e9 los viajeros siguen regresando<\/h3><p>A los hu\u00e9spedes les encanta volver a este hotel no solo por lo que ofrece, sino por c\u00f3mo los hace sentir: bienvenidos, c\u00f3modos y conectados con la ciudad. Su proximidad a <strong>centros de transporte p\u00fablico<\/strong> Por ejemplo, las estaciones de metro cercanas permiten un acceso sin esfuerzo a las principales atracciones:<\/p><ul dir=\"auto\"><li><strong>Callej\u00f3n Kuanzhai (Callejones anchos y estrechos)<\/strong> \u2013 ~15 minutos de viaje en taxi<\/li><li><strong>Parque del Pueblo<\/strong> \u2013 ~10 minutos en coche<\/li><li><strong>Monasterio Wenshu<\/strong> \u2013 ~12 minutos en taxi<\/li><li><strong>Base de investigaci\u00f3n de cr\u00eda de pandas gigantes de Chengdu<\/strong> \u2013 ~30 minutos en coche<\/li><\/ul><p>Este posicionamiento estrat\u00e9gico hace que Anyee Xinliang Grand Hotel sea ideal para quienes visitan Chengdu por primera vez y desean experimentar todo lo que tiene para ofrecer.<\/p><p>Aunque el hotel no cuenta con gimnasio ni piscina, su objetivo sigue siendo ofrecer <strong>Comodidades b\u00e1sicas con precisi\u00f3n<\/strong> Habitaciones limpias, wifi r\u00e1pido, entornos seguros y una base ideal para aventuras urbanas. Estos fundamentos son muy populares tanto entre turistas internacionales como nacionales.<\/p><h3>Generar confianza a trav\u00e9s de la transparencia<\/h3><p>A medida que m\u00e1s hu\u00e9spedes comparten sus experiencias en l\u00ednea, la reputaci\u00f3n del Anyee Xinliang Grand Hotel sigue creciendo. Si bien el establecimiento a\u00fan no cuenta con una gran cantidad de rese\u00f1as en ingl\u00e9s en plataformas como TripAdvisor, su presencia en <strong>Trip.com<\/strong> \u2014uno de los motores de reserva de viajes m\u00e1s grandes de Asia\u2014 ofrece una gran cantidad de informaci\u00f3n de hu\u00e9spedes chinos e internacionales que valoran la transparencia, los listados precisos y un servicio al cliente receptivo.<\/p><p>Los temas comunes en los comentarios incluyen:<\/p><ul dir=\"auto\"><li>Elogios para <strong>Limpieza de la habitaci\u00f3n y decoraci\u00f3n moderna.<\/strong><\/li><li>Agradecimiento por la <strong>El tranquilo interior del hotel a pesar de su ajetreado entorno.<\/strong><\/li><li>Menciones positivas de la <strong>Restaurante en el hotel que sirve deliciosa cocina de Sichuan.<\/strong><\/li><li>Solicitudes de mejoras futuras, como opciones de desayuno ampliadas y mejor insonorizaci\u00f3n.<\/li><\/ul><p>Estos conocimientos ayudan a la gerencia a mejorar continuamente la experiencia del hu\u00e9sped, garantizando que cada estad\u00eda sea mejor que la anterior.<\/p><div class=\"py-2 my-3\"><hr \/><\/div><h3>Tu historia comienza aqu\u00ed<\/h3><p>En <strong>Anyee Xinliang Grand Hotel (Chengdu Chunxi Road Taikoo Li)<\/strong>Creemos que cada viaje merece un cap\u00edtulo memorable. Y desde su llegada, nuestro compromiso con la comodidad, la conveniencia y la atenci\u00f3n garantiza que su historia transcurra sin contratiempos.<\/p><p>Respaldado por experiencias de viajeros reales y perfectamente ubicado en el coraz\u00f3n cultural y comercial de Chengdu, este es m\u00e1s que un lugar para dormir: es su puerta de entrada para descubrir el alma de Sichuan.<\/p><p data-spm-anchor-id=\"a2ty_o01.29997173.0.i60.4901c921uGWVOS\">Ya sea que est\u00e9 aqu\u00ed para saborear un hot pot picante, explorar templos antiguos, realizar reuniones de negocios o simplemente pasear por callejones iluminados con linternas, nuestros hu\u00e9spedes coinciden: <strong>Este hotel ofrece lo que m\u00e1s importa: ubicaci\u00f3n, confiabilidad y tranquilidad.<\/strong>.<\/p>\t\t\t\t\t\t\t\t<\/div>\n\t\t\t\t\t<\/div>\n\t\t\t\t<\/div>\n\t\t\t\t<section class=\"elementor-section elementor-top-section elementor-element elementor-element-6419de07 elementor-section-stretched elementor-section-boxed elementor-section-gap-beside-yes elementor-section-height-default elementor-section-height-default elementor-section-column-vertical-align-stretch\" data-id=\"6419de07\" data-element_type=\"section\" data-e-type=\"section\" data-settings=\"{&quot;background_background&quot;:&quot;classic&quot;,&quot;stretch_section&quot;:&quot;section-stretched&quot;}\">\n\t\t\t\t\t\t<div class=\"elementor-container elementor-column-gap-extended\">\n\t\t\t\t\t<div class=\"elementor-column elementor-col-100 elementor-top-column elementor-element elementor-element-3b6d6194\" data-id=\"3b6d6194\" data-element_type=\"column\" data-e-type=\"column\">\n\t\t\t<div class=\"elementor-widget-wrap elementor-element-populated\">\n\t\t\t\t\t\t<div class=\"elementor-element elementor-element-501b76e2 elementor-widget elementor-widget-nuss-heading\" data-id=\"501b76e2\" data-element_type=\"widget\" data-e-type=\"widget\" data-widget_type=\"nuss-heading.default\">\n\t\t\t\t<div class=\"elementor-widget-container\">\n\t\t\t\t\t\t\t<div class=\"nuss-modern-heading\">\r\n\t\t\t\t\t\t<div class=\"heading-secondary-wrap\">\r\n\t\t\t\t<h3 class=\"heading-secondary elementor-heading-title\">Consultar disponibilidad <\/h3>\t\t\t<\/div>\r\n\t\t\r\n\t\t\t\r\n\t\t\t\r\n\t\t\t\t\t<\/div>\r\n\t\t\t\t\t<\/div>\n\t\t\t\t<\/div>\n\t\t\t\t<div class=\"elementor-element elementor-element-5b4c5aee elementor-widget elementor-widget-text-editor\" data-id=\"5b4c5aee\" data-element_type=\"widget\" data-e-type=\"widget\" data-widget_type=\"text-editor.default\">\n\t\t\t\t\t\t\t\t\t<iframe border=\"0\" src=\"https:\/\/www.trip.com\/partners\/ad\/S5340708?Allianceid=4590391&#038;SID=258889625&#038;trip_sub1=\" style=\"width:1200px;height:200px\" frameborder=\"0\" scrolling=\"no\" id=\"S5340708\"><\/iframe>\t\t\t\t\t\t\t\t<\/div>\n\t\t\t\t\t<\/div>\n\t\t<\/div>\n\t\t\t\t\t<\/div>\n\t\t<\/section>\n\t\t\t\t<\/div>","protected":false},"excerpt":{"rendered":"<p>Customer Experiences &amp; Reviews at Anyee Xinliang Grand Hotel (Chengdu Chunxi Road Taikoo Li) When choosing a place to stay in one of China\u2019s most vibrant cities, nothing speaks more honestly than the voices of those who\u2019ve walked through its doors. At Anyee Xinliang Grand Hotel (Chengdu Chunxi Road Taikoo Li), located at No. 246 [&hellip;]<\/p>\n","protected":false},"author":1,"featured_media":0,"parent":0,"menu_order":0,"comment_status":"closed","ping_status":"closed","template":"","meta":{"footnotes":""},"class_list":["post-2106","page","type-page","status-publish","hentry","post-no-thumbnail"],"_links":{"self":[{"href":"https:\/\/anyeexinlianggrandhotel.com\/es\/wp-json\/wp\/v2\/pages\/2106","targetHints":{"allow":["GET"]}}],"collection":[{"href":"https:\/\/anyeexinlianggrandhotel.com\/es\/wp-json\/wp\/v2\/pages"}],"about":[{"href":"https:\/\/anyeexinlianggrandhotel.com\/es\/wp-json\/wp\/v2\/types\/page"}],"author":[{"embeddable":true,"href":"https:\/\/anyeexinlianggrandhotel.com\/es\/wp-json\/wp\/v2\/users\/1"}],"replies":[{"embeddable":true,"href":"https:\/\/anyeexinlianggrandhotel.com\/es\/wp-json\/wp\/v2\/comments?post=2106"}],"version-history":[{"count":0,"href":"https:\/\/anyeexinlianggrandhotel.com\/es\/wp-json\/wp\/v2\/pages\/2106\/revisions"}],"wp:attachment":[{"href":"https:\/\/anyeexinlianggrandhotel.com\/es\/wp-json\/wp\/v2\/media?parent=2106"}],"curies":[{"name":"wp","href":"https:\/\/api.w.org\/{rel}","templated":true}]}}