{"id":647,"date":"2021-03-29T02:13:52","date_gmt":"2021-03-29T02:13:52","guid":{"rendered":"http:\/\/localhost\/nuss\/?page_id=647"},"modified":"2025-09-12T08:35:13","modified_gmt":"2025-09-12T08:35:13","slug":"dienstleistungen","status":"publish","type":"page","link":"https:\/\/anyeexinlianggrandhotel.com\/de\/dienstleistungen\/","title":{"rendered":"Leistungen"},"content":{"rendered":"<div data-elementor-type=\"wp-page\" data-elementor-id=\"647\" class=\"elementor elementor-647\">\n\t\t\t\t\t\t<section class=\"elementor-section elementor-top-section elementor-element elementor-element-3353bc8 elementor-section-boxed elementor-section-gap-beside-yes elementor-section-height-default elementor-section-height-default elementor-section-column-vertical-align-stretch\" data-id=\"3353bc8\" data-element_type=\"section\" data-e-type=\"section\">\n\t\t\t\t\t\t<div class=\"elementor-container elementor-column-gap-extended\">\n\t\t\t\t\t<div class=\"elementor-column elementor-col-100 elementor-top-column elementor-element elementor-element-0a2bc64\" data-id=\"0a2bc64\" data-element_type=\"column\" data-e-type=\"column\">\n\t\t\t<div class=\"elementor-widget-wrap elementor-element-populated\">\n\t\t\t\t\t\t<div class=\"elementor-element elementor-element-447e3ef elementor-widget__width-initial elementor-invisible elementor-widget elementor-widget-text-editor\" data-id=\"447e3ef\" data-element_type=\"widget\" data-e-type=\"widget\" data-settings=\"{&quot;_animation&quot;:&quot;nussFadeInUp&quot;}\" data-widget_type=\"text-editor.default\">\n\t\t\t\t\t\t\t\t\t<p><strong data-spm-anchor-id=\"a2ty_o01.29997173.0.i82.4901c921uGWVOS\">Gehobene Gastfreundschaft und umfassender Service im Anyee Xinliang Grand Hotel (Chengdu Chunxi Road Taikoo Li)<\/strong><\/p>\t\t\t\t\t\t\t\t<\/div>\n\t\t\t\t\t<\/div>\n\t\t<\/div>\n\t\t\t\t\t<\/div>\n\t\t<\/section>\n\t\t<div class=\"elementor-element elementor-element-76953f7 e-flex e-con-boxed e-con e-parent\" data-id=\"76953f7\" data-element_type=\"container\" data-e-type=\"container\">\n\t\t\t\t\t<div class=\"e-con-inner\">\n\t\t\t\t<div class=\"elementor-element elementor-element-2f32cd6 elementor-widget elementor-widget-text-editor\" data-id=\"2f32cd6\" data-element_type=\"widget\" data-e-type=\"widget\" data-widget_type=\"text-editor.default\">\n\t\t\t\t\t\t\t\t\t<p data-spm-anchor-id=\"a2ty_o01.29997173.0.i83.4901c921uGWVOS\">Bei <strong>Anyee Xinliang Grand Hotel (Chengdu Chunxi Road Taikoo Li)<\/strong>, gelegen in <strong>Nr. 246 Upper East Street Section, East Street, Bezirk Jinjiang, Chengdu, Sichuan 610016<\/strong>Service ist nicht nur eine Funktion \u2013 er ist der Grundstein f\u00fcr ein au\u00dfergew\u00f6hnliches G\u00e4steerlebnis. Seit seiner Er\u00f6ffnung im Jahr 2000 hat dieses angesehene 4-Sterne-Hotel in den \u00fcber zwei Jahrzehnten seinen Betrieb verfeinert, um eine nahtlose Mischung aus traditioneller chinesischer Gastfreundschaft und modernem Komfort zu bieten. Es richtet sich sowohl an Urlauber als auch an Gesch\u00e4ftsleute, die Effizienz und Komfort im Herzen einer der pulsierendsten St\u00e4dte Chinas suchen.<\/p><p>Vom ersten Moment an wird das Engagement f\u00fcr Spitzenleistungen deutlich. Die <strong>24-Stunden-Rezeption<\/strong> empf\u00e4ngt die G\u00e4ste mit W\u00e4rme und Professionalit\u00e4t, besetzt mit mehrsprachigem Personal, das flie\u00dfend in <strong>Englisch und Mandarin-Chinesisch<\/strong>, wodurch eine klare Kommunikation mit internationalen Besuchern gew\u00e4hrleistet wird. Egal, ob Sie nach einer langen Reise sp\u00e4t abends ankommen oder bei Ihrer Ankunft sofortige Hilfe ben\u00f6tigen, unser engagiertes Team ist immer f\u00fcr Sie da. G\u00e4ste loben das Personal f\u00fcr seine Hilfsbereitschaft. Ein Rezensent bemerkte: <em>\u201eDas Personal an der Rezeption ist sehr hilfsbereit und enthusiastisch und hilft mir bei meinen Fragen zur Fortbewegung in Chengdu.\u201c<\/em> Fr\u00fche Check-ins werden, wenn m\u00f6glich, oft ber\u00fccksichtigt, sodass aus einer einfachen Bitte eine unvergessliche Geste der F\u00fcrsorge wird.<\/p><div class=\"my-2\">\u00a0<\/div><h3>Durchdachte Annehmlichkeiten f\u00fcr Komfort und Bequemlichkeit<\/h3><p>Jeder Aspekt des Service-\u00d6kosystems des Hotels ist darauf ausgelegt, Ihren Aufenthalt m\u00fchelos zu gestalten. Ein <strong>Self-Check-in-Kiosk<\/strong> bietet eine schnelle und effiziente Alternative zur herk\u00f6mmlichen Registrierung und ist ideal f\u00fcr technisch versierte Reisende oder Reisende, die au\u00dferhalb der Sto\u00dfzeiten ankommen. F\u00fcr zus\u00e4tzliche Sicherheit und Privatsph\u00e4re werden die Zimmer nur mit der Schl\u00fcsselkarte mit Strom versorgt. Diese steuert Beleuchtung, Klimaanlage und Strom \u2013 ein kleines, aber wichtiges Detail, das sowohl die Sicherheit als auch die Energieeffizienz erh\u00f6ht.<\/p><p>G\u00e4ste sch\u00e4tzen die praktischen Details, die den Komfort im Alltag erh\u00f6hen:<\/p><ul dir=\"auto\"><li><strong>Kostenlose Gep\u00e4ckaufbewahrung<\/strong> vor dem Check-in oder nach dem Check-out, ideal f\u00fcr Reisende, die die Stadt an ihrem letzten Tag erkunden.<\/li><li><strong>Verf\u00fcgbare \u00dcbersetzungstools<\/strong> an der Rezeption, wo wir im Ausland lebenden Chinesen und ausl\u00e4ndischen G\u00e4sten helfen, die m\u00f6glicherweise mit Sprachbarrieren konfrontiert sind.<\/li><li><strong>Concierge-Service<\/strong> Und <strong>Unterst\u00fctzung bei der Tour- und Ticketbuchung<\/strong> um bei der Planung von Besuchen wichtiger Sehensw\u00fcrdigkeiten zu helfen, wie <strong>Jinli-Stra\u00dfe<\/strong>, <strong>Kuanzhai-Gasse<\/strong>oder die <strong>Panda-Zuchtstation<\/strong>.<\/li><li><strong>Express-Check-in und -Check-out<\/strong> Optionen, um Wartezeiten zu minimieren und Ihre wertvolle Zeit in Chengdu optimal zu nutzen.<\/li><\/ul><div class=\"my-2\">\u00a0<\/div><h3>Gesch\u00e4ftstaugliche Einrichtungen f\u00fcr den modernen Berufst\u00e4tigen<\/h3><p>Mit <strong>345 gut ausgestattete Zimmer und Suiten<\/strong>Das Anyee Xinliang Grand Hotel ist mit seinen speziellen Gesch\u00e4ftsr\u00e4umen auf die Bed\u00fcrfnisse von Gesch\u00e4ftsreisenden ausgerichtet. Das Anwesen verf\u00fcgt \u00fcber eine umfassende <strong>Gesch\u00e4ftszentrum<\/strong> Angebot wichtiger Dienste wie:<\/p><ul dir=\"auto\"><li><strong>Fax und Fotokopieren<\/strong> (gegen Geb\u00fchr)<\/li><li><strong>Postdienst<\/strong><\/li><li><strong>Sekretariatsunterst\u00fctzung<\/strong><\/li><li><strong>Multimedia-Anzeigesysteme<\/strong><\/li><li><strong>Coworking-Bereiche<\/strong> Und <strong>sechs Multifunktionsr\u00e4ume<\/strong><\/li><\/ul><p>Erg\u00e4nzt werden diese Einrichtungen durch eine formelle <strong>Konferenzraum<\/strong> (gegen Aufpreis erh\u00e4ltlich), wodurch sich das Hotel f\u00fcr Tagungen, Pr\u00e4sentationen und kleinere Veranstaltungen eignet. Highspeed-Internetzugang ist im gesamten Geb\u00e4ude verf\u00fcgbar und gew\u00e4hrleistet unterbrechungsfreie Konnektivit\u00e4t f\u00fcr Remote-Arbeit, Videoanrufe oder digitale Zusammenarbeit.<\/p><p>F\u00fcr G\u00e4ste, die einen Bodentransport ben\u00f6tigen, bietet das Hotel <strong>Taxi-Buchungsdienste<\/strong> Und <strong>Mietwagen<\/strong>, bietet zuverl\u00e4ssige M\u00f6glichkeiten, Gesch\u00e4ftsviertel, Messezentren oder Flughafentransfers zu erreichen. Das Hotel bietet zwar keinen Flughafenshuttle an, aber Taxis und Mitfahr-Apps wie Didi sind vom Haupteingang aus leicht erreichbar.<\/p><div class=\"my-2\">\u00a0<\/div><h3>Wellness, Sauberkeit &amp; g\u00e4steorientierte Betreuung<\/h3><p>Sauberkeit und pers\u00f6nliche Betreuung stehen bei allen Dienstleistungen an erster Stelle. Die <strong>Waschk\u00fcche<\/strong> im zweiten Stock ist ein herausragendes Merkmal und bietet <strong>kostenlose SB-Waschmaschinen<\/strong> Komplett mit kostenlosem Waschmittel \u2013 eine seltene und gesch\u00e4tzte Annehmlichkeit f\u00fcr l\u00e4ngere Aufenthalte. Obwohl einige G\u00e4ste Probleme mit den Trocknern bemerkt haben, erm\u00f6glichen die mehreren Kleiderb\u00fcgel in jedem Schrank ein einfaches Lufttrocknen im Zimmer.<\/p><p>Zu den zus\u00e4tzlichen Reinigungsdiensten geh\u00f6ren:<\/p><ul dir=\"auto\"><li><strong>W\u00e4scheservice vor Ort<\/strong> (gegen Geb\u00fchr)<\/li><li><strong>Chemische Reinigung<\/strong><\/li><li><strong>B\u00fcgelservice<\/strong> (gegen Geb\u00fchr)<\/li><li><strong>Dampfgl\u00e4tter und Trockner<\/strong> Zugang<\/li><\/ul><p>Das Hotel bietet auch <strong>Annehmlichkeiten f\u00fcr Kinder<\/strong> wie zum Beispiel <strong>Spielzeug, Hausschuhe, Badem\u00e4ntel, Zahnb\u00fcrsten und Essensoptionen<\/strong>und festigte damit seinen Ruf als familienfreundliches Reiseziel. Ein begeisterter Gast teilte mit: <em>\u201eSie gaben uns am Abreisetag sogar eine Leinentasche mit Panda-Motiv als Souvenir\u201c,<\/em> Hervorhebung der aufmerksamen Gesten, die einen bleibenden Eindruck hinterlassen.<\/p><div class=\"my-2\">\u00a0<\/div><h3>Zug\u00e4nglichkeit und Inklusivit\u00e4t<\/h3><p>Das Anyee Xinliang Grand Hotel legt gro\u00dfen Wert auf Barrierefreiheit und sorgt f\u00fcr einen komfortablen Aufenthalt f\u00fcr alle G\u00e4ste:<\/p><ul dir=\"auto\"><li><strong>Rollst\u00fchle verf\u00fcgbar<\/strong> auf Anfrage<\/li><li><strong>Handl\u00e4ufe in Fluren und auf Treppen<\/strong><\/li><li><strong>Optische Alarmger\u00e4te in Fluren<\/strong><\/li><li><strong>Treppenfreier Haupteingang<\/strong><\/li><li><strong>Elektronischer ID-Leser f\u00fcr den Check-in<\/strong>, wodurch der Prozess f\u00fcr inl\u00e4ndische und internationale G\u00e4ste gleicherma\u00dfen vereinfacht wird<\/li><\/ul><div class=\"my-2\">\u00a0<\/div><h3>Kulinarische und Lifestyle-Services<\/h3><p>\u00dcber die Unterbringung hinaus bietet das Hotel eine breite Palette an t\u00e4glichen Bed\u00fcrfnissen:<\/p><ul dir=\"auto\"><li>Eine Vor-Ort- <strong>Restaurant<\/strong> authentisch servieren <strong>Sichuan- und kantonesische K\u00fcche<\/strong>, zusammen mit westlichen Optionen.<\/li><li>Ein gem\u00fctliches <strong>Cafe<\/strong> Und <strong>Lobbybar<\/strong> f\u00fcr zwanglose Getr\u00e4nke oder leichte Snacks.<\/li><li>A <strong>Gemischtwarenladen\/Kiosk<\/strong> Und <strong>Snackbar<\/strong> f\u00fcr schnelle Eink\u00e4ufe.<\/li><li><strong>Zimmerservice<\/strong> 24 Stunden verf\u00fcgbar, sodass die G\u00e4ste in Privatsph\u00e4re und Komfort speisen k\u00f6nnen.<\/li><\/ul><p>Die G\u00e4ste haben die kostenlose <strong>Getr\u00e4nke und Snacks<\/strong> Im Lobbybereich wird eine einladende Atmosph\u00e4re geboten. Dank der zentralen Lage sind zahlreiche Restaurants und Einkaufsm\u00f6glichkeiten nur wenige Schritte entfernt, darunter auch der direkte Zugang zum gehobenen <strong>Taikoo Li<\/strong> Komplex.<\/p><div class=\"my-2\">\u00a0<\/div><div class=\"py-2 my-3\"><hr \/><\/div><h3>Ein Erbe exzellenten Service<\/h3><p>Mit einem herausragenden <strong>9,6\/10 Bewertung f\u00fcr den Service<\/strong> Basierend auf \u00fcber 13.800 verifizierten Bewertungen auf Trip.com hat sich das Anyee Xinliang Grand Hotel einen Ruf der Zuverl\u00e4ssigkeit und G\u00e4stezufriedenheit aufgebaut. Reisende loben immer wieder die <strong>freundliches Personal, erstklassige Lage und reaktionsschneller Support<\/strong>und ist damit eines der am besten bewerteten 4-Sterne-Hotels in Chengdu.<\/p><p data-spm-anchor-id=\"a2ty_o01.29997173.0.i84.4901c921uGWVOS\">Ob Sie gesch\u00e4ftlich unterwegs sind, mit der Familie die Stadt erkunden oder die Kultur kennenlernen m\u00f6chten \u2013 die Services des Anyee Xinliang Grand Hotels erf\u00fcllen Ihre W\u00fcnsche, vereinfachen Ihre Reise und sorgen daf\u00fcr, dass jeder Moment Ihres Aufenthalts so reibungslos und angenehm wie m\u00f6glich verl\u00e4uft. Dies ist mehr als nur ein Hotel \u2013 es ist ein zuverl\u00e4ssiger Partner f\u00fcr Ihr Chengdu-Abenteuer.<\/p>\t\t\t\t\t\t\t\t<\/div>\n\t\t\t\t\t<\/div>\n\t\t\t\t<\/div>\n\t\t\t\t<section class=\"elementor-section elementor-top-section elementor-element elementor-element-285e6f6c elementor-section-stretched elementor-section-boxed elementor-section-gap-beside-yes elementor-section-height-default elementor-section-height-default elementor-section-column-vertical-align-stretch\" data-id=\"285e6f6c\" data-element_type=\"section\" data-e-type=\"section\" data-settings=\"{&quot;background_background&quot;:&quot;classic&quot;,&quot;stretch_section&quot;:&quot;section-stretched&quot;}\">\n\t\t\t\t\t\t<div class=\"elementor-container elementor-column-gap-extended\">\n\t\t\t\t\t<div class=\"elementor-column elementor-col-100 elementor-top-column elementor-element elementor-element-4ad608d4\" data-id=\"4ad608d4\" data-element_type=\"column\" data-e-type=\"column\">\n\t\t\t<div class=\"elementor-widget-wrap elementor-element-populated\">\n\t\t\t\t\t\t<div class=\"elementor-element elementor-element-1dbd40c5 elementor-widget elementor-widget-nuss-heading\" data-id=\"1dbd40c5\" data-element_type=\"widget\" data-e-type=\"widget\" data-widget_type=\"nuss-heading.default\">\n\t\t\t\t<div class=\"elementor-widget-container\">\n\t\t\t\t\t\t\t<div class=\"nuss-modern-heading\">\r\n\t\t\t\t\t\t<div class=\"heading-secondary-wrap\">\r\n\t\t\t\t<h3 class=\"heading-secondary elementor-heading-title\">Verf\u00fcgbarkeit pr\u00fcfen <\/h3>\t\t\t<\/div>\r\n\t\t\r\n\t\t\t\r\n\t\t\t\r\n\t\t\t\t\t<\/div>\r\n\t\t\t\t\t<\/div>\n\t\t\t\t<\/div>\n\t\t\t\t<div class=\"elementor-element elementor-element-74af01cf elementor-widget elementor-widget-text-editor\" data-id=\"74af01cf\" data-element_type=\"widget\" data-e-type=\"widget\" data-widget_type=\"text-editor.default\">\n\t\t\t\t\t\t\t\t\t<iframe border=\"0\" src=\"https:\/\/www.trip.com\/partners\/ad\/S5340708?Allianceid=4590391&#038;SID=258889625&#038;trip_sub1=\" style=\"width:1200px;height:200px\" frameborder=\"0\" scrolling=\"no\" id=\"S5340708\"><\/iframe>\t\t\t\t\t\t\t\t<\/div>\n\t\t\t\t\t<\/div>\n\t\t<\/div>\n\t\t\t\t\t<\/div>\n\t\t<\/section>\n\t\t\t\t<\/div>","protected":false},"excerpt":{"rendered":"<p>Elevated Hospitality &amp; Comprehensive Services at Anyee Xinliang Grand Hotel (Chengdu Chunxi Road Taikoo Li) At Anyee Xinliang Grand Hotel (Chengdu Chunxi Road Taikoo Li), located at No. 246 Upper East Street Section, East Street, Jinjiang District, Chengdu, Sichuan 610016, service is not merely a function \u2014 it\u2019s the cornerstone of an exceptional guest experience. [&hellip;]<\/p>\n","protected":false},"author":1,"featured_media":0,"parent":0,"menu_order":0,"comment_status":"closed","ping_status":"closed","template":"","meta":{"footnotes":""},"class_list":["post-647","page","type-page","status-publish","hentry","post-no-thumbnail"],"_links":{"self":[{"href":"https:\/\/anyeexinlianggrandhotel.com\/de\/wp-json\/wp\/v2\/pages\/647","targetHints":{"allow":["GET"]}}],"collection":[{"href":"https:\/\/anyeexinlianggrandhotel.com\/de\/wp-json\/wp\/v2\/pages"}],"about":[{"href":"https:\/\/anyeexinlianggrandhotel.com\/de\/wp-json\/wp\/v2\/types\/page"}],"author":[{"embeddable":true,"href":"https:\/\/anyeexinlianggrandhotel.com\/de\/wp-json\/wp\/v2\/users\/1"}],"replies":[{"embeddable":true,"href":"https:\/\/anyeexinlianggrandhotel.com\/de\/wp-json\/wp\/v2\/comments?post=647"}],"version-history":[{"count":0,"href":"https:\/\/anyeexinlianggrandhotel.com\/de\/wp-json\/wp\/v2\/pages\/647\/revisions"}],"wp:attachment":[{"href":"https:\/\/anyeexinlianggrandhotel.com\/de\/wp-json\/wp\/v2\/media?parent=647"}],"curies":[{"name":"wp","href":"https:\/\/api.w.org\/{rel}","templated":true}]}}