{"id":5266,"date":"2021-07-18T08:03:35","date_gmt":"2021-07-18T08:03:35","guid":{"rendered":"https:\/\/nuss.uxper.co\/luxury-resort\/?page_id=5266"},"modified":"2025-09-12T06:52:14","modified_gmt":"2025-09-12T06:52:14","slug":"uber-uns","status":"publish","type":"page","link":"https:\/\/anyeexinlianggrandhotel.com\/de\/uber-uns\/","title":{"rendered":"\u00dcber uns"},"content":{"rendered":"<div data-elementor-type=\"wp-page\" data-elementor-id=\"5266\" class=\"elementor elementor-5266\">\n\t\t\t\t\t\t<section class=\"elementor-section elementor-top-section elementor-element elementor-element-10416953 elementor-section-boxed elementor-section-gap-beside-yes elementor-section-height-default elementor-section-height-default elementor-section-column-vertical-align-stretch\" data-id=\"10416953\" data-element_type=\"section\" data-e-type=\"section\">\n\t\t\t\t\t\t<div class=\"elementor-container elementor-column-gap-extended\">\n\t\t\t\t\t<div class=\"elementor-column elementor-col-100 elementor-top-column elementor-element elementor-element-29c6aa8\" data-id=\"29c6aa8\" data-element_type=\"column\" data-e-type=\"column\">\n\t\t\t<div class=\"elementor-widget-wrap elementor-element-populated\">\n\t\t\t\t\t\t<div class=\"elementor-element elementor-element-7be18fe7 elementor-widget__width-initial elementor-invisible elementor-widget elementor-widget-text-editor\" data-id=\"7be18fe7\" data-element_type=\"widget\" data-e-type=\"widget\" data-settings=\"{&quot;_animation&quot;:&quot;nussFadeInUp&quot;}\" data-widget_type=\"text-editor.default\">\n\t\t\t\t\t\t\t\t\t<p><strong data-spm-anchor-id=\"a2ty_o01.29997173.0.i42.4901c921uGWVOS\">Ein luxuri\u00f6ser Stadturlaub im Anyee Xinliang Grand Hotel (Chengdu Chunxi Road Taikoo Li)<\/strong><\/p>\t\t\t\t\t\t\t\t<\/div>\n\t\t\t\t\t<\/div>\n\t\t<\/div>\n\t\t\t\t\t<\/div>\n\t\t<\/section>\n\t\t\t\t<section class=\"elementor-section elementor-top-section elementor-element elementor-element-7d18327f elementor-section-boxed elementor-section-gap-beside-yes elementor-section-height-default elementor-section-height-default elementor-section-column-vertical-align-stretch\" data-id=\"7d18327f\" data-element_type=\"section\" data-e-type=\"section\">\n\t\t\t\t\t\t<div class=\"elementor-container elementor-column-gap-extended\">\n\t\t\t\t\t<div class=\"elementor-column elementor-col-50 elementor-top-column elementor-element elementor-element-56533670\" data-id=\"56533670\" data-element_type=\"column\" data-e-type=\"column\">\n\t\t\t<div class=\"elementor-widget-wrap elementor-element-populated\">\n\t\t\t\t\t\t<div class=\"elementor-element elementor-element-19c3f543 elementor-invisible elementor-widget elementor-widget-text-editor\" data-id=\"19c3f543\" data-element_type=\"widget\" data-e-type=\"widget\" data-settings=\"{&quot;_animation&quot;:&quot;nussFadeInUp&quot;}\" data-widget_type=\"text-editor.default\">\n\t\t\t\t\t\t\t\t\t<p>Eingebettet in den pulsierenden Puls einer der dynamischsten und kulturell reichsten St\u00e4dte Chinas, <strong>Anyee Xinliang Grand Hotel (Chengdu Chunxi Road Taikoo Li)<\/strong> bietet eine au\u00dfergew\u00f6hnliche Mischung aus moderner Eleganz, strategischer Lage und authentischer Sichuan-Gastfreundschaft. Befindet sich in <strong>Nr. 246 Upper East Street Section, East Street, Bezirk Jinjiang, Chengdu, Sichuan 610016<\/strong>Dieses elegante 4-Sterne-Hotel versetzt Sie ins Zentrum des Geschehens \u2013 nur wenige Augenblicke vom weltber\u00fchmten <strong>Taikoo Li<\/strong> Einkaufsviertel, die gesch\u00e4ftige Handelsstra\u00dfe von <strong>Chunxi-Stra\u00dfe<\/strong>und der historische Charme von <strong>Daci-Tempel<\/strong>.<\/p>\t\t\t\t\t\t\t\t<\/div>\n\t\t\t\t\t<\/div>\n\t\t<\/div>\n\t\t\t\t<div class=\"elementor-column elementor-col-50 elementor-top-column elementor-element elementor-element-30f14127\" data-id=\"30f14127\" data-element_type=\"column\" data-e-type=\"column\">\n\t\t\t<div class=\"elementor-widget-wrap elementor-element-populated\">\n\t\t\t\t\t\t<div class=\"elementor-element elementor-element-59aea08 elementor-widget elementor-widget-image\" data-id=\"59aea08\" data-element_type=\"widget\" data-e-type=\"widget\" data-widget_type=\"image.default\">\n\t\t\t\t\t\t\t\t\t\t\t\t\t\t\t<img fetchpriority=\"high\" decoding=\"async\" width=\"514\" height=\"853\" src=\"https:\/\/anyeexinlianggrandhotel.com\/wp-content\/uploads\/2025\/09\/Anyee-Xinliang-Grand-Hotel-8.webp\" class=\"attachment-large size-large wp-image-5585\" alt=\"\" srcset=\"https:\/\/anyeexinlianggrandhotel.com\/wp-content\/uploads\/2025\/09\/Anyee-Xinliang-Grand-Hotel-8.webp 514w, https:\/\/anyeexinlianggrandhotel.com\/wp-content\/uploads\/2025\/09\/Anyee-Xinliang-Grand-Hotel-8-181x300.webp 181w, https:\/\/anyeexinlianggrandhotel.com\/wp-content\/uploads\/2025\/09\/Anyee-Xinliang-Grand-Hotel-8-7x12.webp 7w\" sizes=\"(max-width: 514px) 100vw, 514px\" \/>\t\t\t\t\t\t\t\t\t\t\t\t\t\t\t<\/div>\n\t\t\t\t\t<\/div>\n\t\t<\/div>\n\t\t\t\t\t<\/div>\n\t\t<\/section>\n\t\t\t\t<section class=\"elementor-section elementor-top-section elementor-element elementor-element-29fb8578 elementor-section-height-min-height elementor-section-stretched elementor-section-full_width elementor-section-items-stretch elementor-section-height-default elementor-section-column-vertical-align-stretch\" data-id=\"29fb8578\" data-element_type=\"section\" data-e-type=\"section\" data-settings=\"{&quot;stretch_section&quot;:&quot;section-stretched&quot;}\">\n\t\t\t\t\t\t<div class=\"elementor-container elementor-column-gap-no\">\n\t\t\t\t\t<div class=\"elementor-column elementor-col-50 elementor-top-column elementor-element elementor-element-40ac270b\" data-id=\"40ac270b\" data-element_type=\"column\" data-e-type=\"column\">\n\t\t\t<div class=\"elementor-widget-wrap elementor-element-populated\">\n\t\t\t\t\t\t<div class=\"elementor-element elementor-element-20872773 elementor-widget__width-initial elementor-widget-mobile__width-inherit elementor-invisible nuss-elementor-loading nuss-slide-in-right elementor-widget elementor-widget-image\" data-id=\"20872773\" data-element_type=\"widget\" data-e-type=\"widget\" data-settings=\"{&quot;_animation&quot;:&quot;nussSlideInRight&quot;}\" data-widget_type=\"image.default\">\n\t\t\t\t\t\t\t\t\t\t\t\t\t\t\t<img decoding=\"async\" width=\"1280\" height=\"853\" src=\"https:\/\/anyeexinlianggrandhotel.com\/wp-content\/uploads\/2025\/09\/Anyee-Xinliang-Grand-Hotel-74.webp\" class=\"attachment-full size-full wp-image-5651\" alt=\"\" srcset=\"https:\/\/anyeexinlianggrandhotel.com\/wp-content\/uploads\/2025\/09\/Anyee-Xinliang-Grand-Hotel-74.webp 1280w, https:\/\/anyeexinlianggrandhotel.com\/wp-content\/uploads\/2025\/09\/Anyee-Xinliang-Grand-Hotel-74-300x200.webp 300w, https:\/\/anyeexinlianggrandhotel.com\/wp-content\/uploads\/2025\/09\/Anyee-Xinliang-Grand-Hotel-74-1024x682.webp 1024w, https:\/\/anyeexinlianggrandhotel.com\/wp-content\/uploads\/2025\/09\/Anyee-Xinliang-Grand-Hotel-74-768x512.webp 768w, https:\/\/anyeexinlianggrandhotel.com\/wp-content\/uploads\/2025\/09\/Anyee-Xinliang-Grand-Hotel-74-18x12.webp 18w\" sizes=\"(max-width: 1280px) 100vw, 1280px\" \/>\t\t\t\t\t\t\t\t\t\t\t\t\t\t\t<\/div>\n\t\t\t\t\t<\/div>\n\t\t<\/div>\n\t\t\t\t<div class=\"elementor-column elementor-col-50 elementor-top-column elementor-element elementor-element-2dac103\" data-id=\"2dac103\" data-element_type=\"column\" data-e-type=\"column\">\n\t\t\t<div class=\"elementor-widget-wrap elementor-element-populated\">\n\t\t\t\t\t\t<div class=\"elementor-element elementor-element-6f1b8966 elementor-invisible elementor-widget elementor-widget-text-editor\" data-id=\"6f1b8966\" data-element_type=\"widget\" data-e-type=\"widget\" data-settings=\"{&quot;_animation&quot;:&quot;nussFadeInUp&quot;}\" data-widget_type=\"text-editor.default\">\n\t\t\t\t\t\t\t\t\t<p data-spm-anchor-id=\"a2ty_o01.29997173.0.i45.4901c921uGWVOS\">Das Anyee Xinliang Grand Hotel ist ideal f\u00fcr Urlauber und Gesch\u00e4ftsreisende und bietet mehr als nur einen Ort zum Entspannen \u2013 es ist Ihr Tor zum wahren Chengdu. Ob Sie die legend\u00e4re w\u00fcrzige K\u00fcche der Stadt genie\u00dfen, die alten Tempel erkunden, an einem wichtigen Gesch\u00e4ftstreffen teilnehmen oder einfach die entspannte Teehauskultur genie\u00dfen m\u00f6chten, die das Leben vor Ort pr\u00e4gt \u2013 unser Hotel bietet Ihnen Komfort, Stil und perfekten Komfort.<\/p><div class=\"my-2\">\u00a0<\/div><p data-spm-anchor-id=\"a2ty_o01.29997173.0.i44.4901c921uGWVOS\">Von Anfang an werden Sie von eleganter, moderner Architektur und einem warmen, einladenden Ambiente begr\u00fc\u00dft, das die Harmonie zwischen Tradition und Innovation widerspiegelt. Die sorgf\u00e4ltig eingerichteten G\u00e4stezimmer und Suiten bestechen durch minimalistische Eleganz, hochwertige Bettw\u00e4sche, raumhohe Fenster mit Panoramablick auf die Skyline der Stadt und erstklassige Annehmlichkeiten wie Highspeed-WLAN, Smart-TVs, Klimaanlage und private Badezimmer mit modernen Armaturen. Jedes Detail wurde so gestaltet, dass Sie nach einem Tag in den belebten Stra\u00dfen der Innenstadt von Chengdu einen ruhigen R\u00fcckzugsort finden.<\/p>\t\t\t\t\t\t\t\t<\/div>\n\t\t\t\t\t<\/div>\n\t\t<\/div>\n\t\t\t\t\t<\/div>\n\t\t<\/section>\n\t\t\t\t<section class=\"elementor-section elementor-top-section elementor-element elementor-element-1ccdf95 elementor-section-height-min-height elementor-section-stretched elementor-section-full_width elementor-section-items-stretch elementor-section-height-default elementor-section-column-vertical-align-stretch\" data-id=\"1ccdf95\" data-element_type=\"section\" data-e-type=\"section\" data-settings=\"{&quot;stretch_section&quot;:&quot;section-stretched&quot;}\">\n\t\t\t\t\t\t<div class=\"elementor-container elementor-column-gap-no\">\n\t\t\t\t\t<div class=\"elementor-column elementor-col-50 elementor-top-column elementor-element elementor-element-a0f0a37\" data-id=\"a0f0a37\" data-element_type=\"column\" data-e-type=\"column\">\n\t\t\t<div class=\"elementor-widget-wrap elementor-element-populated\">\n\t\t\t\t\t\t<div class=\"elementor-element elementor-element-9b72b97 elementor-invisible elementor-widget elementor-widget-text-editor\" data-id=\"9b72b97\" data-element_type=\"widget\" data-e-type=\"widget\" data-settings=\"{&quot;_animation&quot;:&quot;nussFadeInUp&quot;}\" data-widget_type=\"text-editor.default\">\n\t\t\t\t\t\t\t\t\t<p data-spm-anchor-id=\"a2ty_o01.29997173.0.i47.4901c921uGWVOS\">Das Essen im Hotel zelebriert die kr\u00e4ftigen, aromatischen Aromen von <strong>Sichuan-K\u00fcche<\/strong>, weltweit bekannt f\u00fcr sein prickelndes Mundgef\u00fchl <em>Mala<\/em> (bet\u00e4ubend-scharf) Profil. Unser hauseigenes Restaurant bietet eine raffinierte kulinarische Reise und verbindet lokal inspirierte Gerichte mit moderner Pr\u00e4sentation. Von feurigem Hotpot, neu interpretiert f\u00fcr moderne Gaumen, \u00fcber delikate Dim Sum bis hin zu wohltuendem Congee \u2013 jedes Gericht wird mit frischen, saisonalen Zutaten aus der Region zubereitet. Beginnen Sie Ihren Morgen mit einem belebenden Fr\u00fchst\u00fccksbuffet oder entspannen Sie abends bei einem Glas Wein und fachm\u00e4nnisch gew\u00fcrztem Kung Pao Chicken \u2013 alles nur wenige Schritte von Ihrem Zimmer entfernt.<\/p><div class=\"my-2\">\u00a0<\/div><p>Die erstklassige Lage des Hotels erm\u00f6glicht m\u00fcheloses Erkunden. Nur ein kurzer Spaziergang f\u00fchrt Sie zu <strong>Taikoo Li<\/strong>, wo Luxusboutiquen, Kunstinstallationen, Caf\u00e9s auf dem Dach und die ikonische Panda-Kletterskulptur ein sinnliches urbanes Erlebnis schaffen. Tauchen Sie ein in die Energie von <strong>Chunxi-Stra\u00dfe<\/strong>, Chengdus belebteste Einkaufs- und Restaurantstra\u00dfe, oder machen Sie einen ruhigen Spaziergang durch die nahegelegene <strong>Volkspark<\/strong>, wo die Einheimischen Tai Chi praktizieren, unter alten B\u00e4umen Tee trinken und Mahjong auf Bambustabletts spielen. F\u00fcr Geschichtsinteressierte gibt es Sehensw\u00fcrdigkeiten wie <strong>Kuanzhai-Gasse (breite und schmale Gassen)<\/strong> Und <strong>Wenshu-Kloster<\/strong> sind bequem mit der U-Bahn oder einer kurzen Taxifahrt erreichbar.<\/p>\t\t\t\t\t\t\t\t<\/div>\n\t\t\t\t\t<\/div>\n\t\t<\/div>\n\t\t\t\t<div class=\"elementor-column elementor-col-50 elementor-top-column elementor-element elementor-element-490b0a5\" data-id=\"490b0a5\" data-element_type=\"column\" data-e-type=\"column\">\n\t\t\t<div class=\"elementor-widget-wrap elementor-element-populated\">\n\t\t\t\t\t\t<div class=\"elementor-element elementor-element-fd94c60 elementor-widget__width-initial elementor-widget-mobile__width-inherit elementor-invisible nuss-elementor-loading nuss-slide-in-right elementor-widget elementor-widget-image\" data-id=\"fd94c60\" data-element_type=\"widget\" data-e-type=\"widget\" data-settings=\"{&quot;_animation&quot;:&quot;nussSlideInRight&quot;}\" data-widget_type=\"image.default\">\n\t\t\t\t\t\t\t\t\t\t\t\t\t\t\t<img decoding=\"async\" width=\"1280\" height=\"853\" src=\"https:\/\/anyeexinlianggrandhotel.com\/wp-content\/uploads\/2025\/09\/Anyee-Xinliang-Grand-Hotel-20.webp\" class=\"attachment-full size-full wp-image-5597\" alt=\"\" srcset=\"https:\/\/anyeexinlianggrandhotel.com\/wp-content\/uploads\/2025\/09\/Anyee-Xinliang-Grand-Hotel-20.webp 1280w, https:\/\/anyeexinlianggrandhotel.com\/wp-content\/uploads\/2025\/09\/Anyee-Xinliang-Grand-Hotel-20-300x200.webp 300w, https:\/\/anyeexinlianggrandhotel.com\/wp-content\/uploads\/2025\/09\/Anyee-Xinliang-Grand-Hotel-20-1024x682.webp 1024w, https:\/\/anyeexinlianggrandhotel.com\/wp-content\/uploads\/2025\/09\/Anyee-Xinliang-Grand-Hotel-20-768x512.webp 768w, https:\/\/anyeexinlianggrandhotel.com\/wp-content\/uploads\/2025\/09\/Anyee-Xinliang-Grand-Hotel-20-18x12.webp 18w\" sizes=\"(max-width: 1280px) 100vw, 1280px\" \/>\t\t\t\t\t\t\t\t\t\t\t\t\t\t\t<\/div>\n\t\t\t\t\t<\/div>\n\t\t<\/div>\n\t\t\t\t\t<\/div>\n\t\t<\/section>\n\t\t\t\t<section class=\"elementor-section elementor-top-section elementor-element elementor-element-16d7881 elementor-section-height-min-height elementor-section-stretched elementor-section-full_width elementor-section-items-stretch elementor-section-height-default elementor-section-column-vertical-align-stretch\" data-id=\"16d7881\" data-element_type=\"section\" data-e-type=\"section\" data-settings=\"{&quot;stretch_section&quot;:&quot;section-stretched&quot;}\">\n\t\t\t\t\t\t<div class=\"elementor-container elementor-column-gap-no\">\n\t\t\t\t\t<div class=\"elementor-column elementor-col-50 elementor-top-column elementor-element elementor-element-1062dba\" data-id=\"1062dba\" data-element_type=\"column\" data-e-type=\"column\">\n\t\t\t<div class=\"elementor-widget-wrap elementor-element-populated\">\n\t\t\t\t\t\t<div class=\"elementor-element elementor-element-6510746 elementor-widget__width-initial elementor-widget-mobile__width-inherit elementor-invisible nuss-elementor-loading nuss-slide-in-right elementor-widget elementor-widget-image\" data-id=\"6510746\" data-element_type=\"widget\" data-e-type=\"widget\" data-settings=\"{&quot;_animation&quot;:&quot;nussSlideInRight&quot;}\" data-widget_type=\"image.default\">\n\t\t\t\t\t\t\t\t\t\t\t\t\t\t\t<img loading=\"lazy\" decoding=\"async\" width=\"1280\" height=\"853\" src=\"https:\/\/anyeexinlianggrandhotel.com\/wp-content\/uploads\/2025\/09\/Anyee-Xinliang-Grand-Hotel-16.webp\" class=\"attachment-full size-full wp-image-5593\" alt=\"\" srcset=\"https:\/\/anyeexinlianggrandhotel.com\/wp-content\/uploads\/2025\/09\/Anyee-Xinliang-Grand-Hotel-16.webp 1280w, https:\/\/anyeexinlianggrandhotel.com\/wp-content\/uploads\/2025\/09\/Anyee-Xinliang-Grand-Hotel-16-300x200.webp 300w, https:\/\/anyeexinlianggrandhotel.com\/wp-content\/uploads\/2025\/09\/Anyee-Xinliang-Grand-Hotel-16-1024x682.webp 1024w, https:\/\/anyeexinlianggrandhotel.com\/wp-content\/uploads\/2025\/09\/Anyee-Xinliang-Grand-Hotel-16-768x512.webp 768w, https:\/\/anyeexinlianggrandhotel.com\/wp-content\/uploads\/2025\/09\/Anyee-Xinliang-Grand-Hotel-16-18x12.webp 18w\" sizes=\"(max-width: 1280px) 100vw, 1280px\" \/>\t\t\t\t\t\t\t\t\t\t\t\t\t\t\t<\/div>\n\t\t\t\t\t<\/div>\n\t\t<\/div>\n\t\t\t\t<div class=\"elementor-column elementor-col-50 elementor-top-column elementor-element elementor-element-5fce809\" data-id=\"5fce809\" data-element_type=\"column\" data-e-type=\"column\">\n\t\t\t<div class=\"elementor-widget-wrap elementor-element-populated\">\n\t\t\t\t\t\t<div class=\"elementor-element elementor-element-4304fd1 elementor-invisible elementor-widget elementor-widget-text-editor\" data-id=\"4304fd1\" data-element_type=\"widget\" data-e-type=\"widget\" data-settings=\"{&quot;_animation&quot;:&quot;nussFadeInUp&quot;}\" data-widget_type=\"text-editor.default\">\n\t\t\t\t\t\t\t\t\t<p data-spm-anchor-id=\"a2ty_o01.29997173.0.i49.4901c921uGWVOS\">G\u00e4ste genie\u00dfen eine Reihe durchdachter Services, die ihren Aufenthalt versch\u00f6nern: 24-Stunden-Rezeption, Express-Check-in\/-out, kostenlose Gep\u00e4ckaufbewahrung, Aufzug und Nichtraucheretagen f\u00fcr zus\u00e4tzlichen Komfort. Das Hotel verf\u00fcgt zwar weder \u00fcber ein Fitnesscenter noch \u00fcber einen Swimmingpool, bietet aber dank seiner zentralen Lage direkten Zugang zu Wellness-Angeboten in der ganzen Stadt, von Yoga-Studios bis hin zu malerischen Parkspazierg\u00e4ngen.<\/p><div class=\"my-2\">\u00a0<\/div><p>Ob Sie f\u00fcr einen romantischen Kurzurlaub, ein Familienabenteuer oder eine produktive Gesch\u00e4ftsreise zu uns kommen, <strong>Anyee Xinliang Grand Hotel (Chengdu Chunxi Road Taikoo Li)<\/strong> bietet ein gehobenes urbanes Erlebnis, das auf Barrierefreiheit, Design und echter W\u00e4rme basiert. Mit seiner unschlagbaren Lage, den stilvollen Unterk\u00fcnften und der Verbindung zur Seele Chengdus ist dies mehr als ein Hotel \u2013 es ist Ihr Zuhause im Herzen der Stadt.<\/p>\t\t\t\t\t\t\t\t<\/div>\n\t\t\t\t\t<\/div>\n\t\t<\/div>\n\t\t\t\t\t<\/div>\n\t\t<\/section>\n\t\t\t\t<section class=\"elementor-section elementor-top-section elementor-element elementor-element-2092b7d0 elementor-section-stretched elementor-section-boxed elementor-section-gap-beside-yes elementor-section-height-default elementor-section-height-default elementor-section-column-vertical-align-stretch\" data-id=\"2092b7d0\" data-element_type=\"section\" data-e-type=\"section\" data-settings=\"{&quot;background_background&quot;:&quot;classic&quot;,&quot;stretch_section&quot;:&quot;section-stretched&quot;}\">\n\t\t\t\t\t\t<div class=\"elementor-container elementor-column-gap-extended\">\n\t\t\t\t\t<div class=\"elementor-column elementor-col-100 elementor-top-column elementor-element elementor-element-be69d75\" data-id=\"be69d75\" data-element_type=\"column\" data-e-type=\"column\">\n\t\t\t<div class=\"elementor-widget-wrap elementor-element-populated\">\n\t\t\t\t\t\t<div class=\"elementor-element elementor-element-320c022 elementor-widget elementor-widget-nuss-heading\" data-id=\"320c022\" data-element_type=\"widget\" data-e-type=\"widget\" data-widget_type=\"nuss-heading.default\">\n\t\t\t\t<div class=\"elementor-widget-container\">\n\t\t\t\t\t\t\t<div class=\"nuss-modern-heading\">\r\n\t\t\t\t\t\t<div class=\"heading-secondary-wrap\">\r\n\t\t\t\t<h3 class=\"heading-secondary elementor-heading-title\">Verf\u00fcgbarkeit pr\u00fcfen <\/h3>\t\t\t<\/div>\r\n\t\t\r\n\t\t\t\r\n\t\t\t\r\n\t\t\t\t\t<\/div>\r\n\t\t\t\t\t<\/div>\n\t\t\t\t<\/div>\n\t\t\t\t<div class=\"elementor-element elementor-element-fe69a93 elementor-widget elementor-widget-text-editor\" data-id=\"fe69a93\" data-element_type=\"widget\" data-e-type=\"widget\" data-widget_type=\"text-editor.default\">\n\t\t\t\t\t\t\t\t\t<iframe border=\"0\" src=\"https:\/\/www.trip.com\/partners\/ad\/S5340708?Allianceid=4590391&#038;SID=258889625&#038;trip_sub1=\" style=\"width:1200px;height:200px\" frameborder=\"0\" scrolling=\"no\" id=\"S5340708\"><\/iframe>\t\t\t\t\t\t\t\t<\/div>\n\t\t\t\t\t<\/div>\n\t\t<\/div>\n\t\t\t\t\t<\/div>\n\t\t<\/section>\n\t\t\t\t<\/div>","protected":false},"excerpt":{"rendered":"<p>A Luxurious Urban Escape at Anyee Xinliang Grand Hotel (Chengdu Chunxi Road Taikoo Li) Nestled in the vibrant pulse of one of China\u2019s most dynamic and culturally rich cities, Anyee Xinliang Grand Hotel (Chengdu Chunxi Road Taikoo Li) offers an exceptional blend of modern sophistication, strategic location, and authentic Sichuan hospitality. Located at No. 246 [&hellip;]<\/p>\n","protected":false},"author":1,"featured_media":0,"parent":0,"menu_order":0,"comment_status":"closed","ping_status":"closed","template":"","meta":{"footnotes":""},"class_list":["post-5266","page","type-page","status-publish","hentry","post-no-thumbnail"],"_links":{"self":[{"href":"https:\/\/anyeexinlianggrandhotel.com\/de\/wp-json\/wp\/v2\/pages\/5266","targetHints":{"allow":["GET"]}}],"collection":[{"href":"https:\/\/anyeexinlianggrandhotel.com\/de\/wp-json\/wp\/v2\/pages"}],"about":[{"href":"https:\/\/anyeexinlianggrandhotel.com\/de\/wp-json\/wp\/v2\/types\/page"}],"author":[{"embeddable":true,"href":"https:\/\/anyeexinlianggrandhotel.com\/de\/wp-json\/wp\/v2\/users\/1"}],"replies":[{"embeddable":true,"href":"https:\/\/anyeexinlianggrandhotel.com\/de\/wp-json\/wp\/v2\/comments?post=5266"}],"version-history":[{"count":0,"href":"https:\/\/anyeexinlianggrandhotel.com\/de\/wp-json\/wp\/v2\/pages\/5266\/revisions"}],"wp:attachment":[{"href":"https:\/\/anyeexinlianggrandhotel.com\/de\/wp-json\/wp\/v2\/media?parent=5266"}],"curies":[{"name":"wp","href":"https:\/\/api.w.org\/{rel}","templated":true}]}}