{"id":2109,"date":"2021-03-26T08:35:58","date_gmt":"2021-03-26T08:35:58","guid":{"rendered":"http:\/\/localhost\/nuss\/?page_id=536"},"modified":"2025-09-12T06:55:31","modified_gmt":"2025-09-12T06:55:31","slug":"business-einrichtungen","status":"publish","type":"page","link":"https:\/\/anyeexinlianggrandhotel.com\/de\/business-einrichtungen\/","title":{"rendered":"Business-Einrichtungen"},"content":{"rendered":"<div data-elementor-type=\"wp-page\" data-elementor-id=\"2109\" class=\"elementor elementor-2109\">\n\t\t\t\t\t\t<section class=\"elementor-section elementor-top-section elementor-element elementor-element-bb2901b elementor-section-boxed elementor-section-gap-beside-yes elementor-section-height-default elementor-section-height-default elementor-section-column-vertical-align-stretch\" data-id=\"bb2901b\" data-element_type=\"section\" data-e-type=\"section\">\n\t\t\t\t\t\t<div class=\"elementor-container elementor-column-gap-extended\">\n\t\t\t\t\t<div class=\"elementor-column elementor-col-100 elementor-top-column elementor-element elementor-element-1919db9\" data-id=\"1919db9\" data-element_type=\"column\" data-e-type=\"column\">\n\t\t\t<div class=\"elementor-widget-wrap elementor-element-populated\">\n\t\t\t\t\t\t<div class=\"elementor-element elementor-element-41a7b9c elementor-widget__width-initial elementor-invisible elementor-widget elementor-widget-text-editor\" data-id=\"41a7b9c\" data-element_type=\"widget\" data-e-type=\"widget\" data-settings=\"{&quot;_animation&quot;:&quot;nussFadeInUp&quot;}\" data-widget_type=\"text-editor.default\">\n\t\t\t\t\t\t\t\t\t<p><strong data-spm-anchor-id=\"a2ty_o01.29997173.0.i51.4901c921uGWVOS\">Anspruchsvolle Gesch\u00e4ftseinrichtungen im Anyee Xinliang Grand Hotel (Chengdu Chunxi Road Taikoo Li)<\/strong><\/p>\t\t\t\t\t\t\t\t<\/div>\n\t\t\t\t\t<\/div>\n\t\t<\/div>\n\t\t\t\t\t<\/div>\n\t\t<\/section>\n\t\t<div class=\"elementor-element elementor-element-57f7c85 e-flex e-con-boxed e-con e-parent\" data-id=\"57f7c85\" data-element_type=\"container\" data-e-type=\"container\">\n\t\t\t\t\t<div class=\"e-con-inner\">\n\t\t\t\t<div class=\"elementor-element elementor-element-9eea971 elementor-widget elementor-widget-nuss-image-gallery\" data-id=\"9eea971\" data-element_type=\"widget\" data-e-type=\"widget\" data-widget_type=\"nuss-image-gallery.default\">\n\t\t\t\t<div class=\"elementor-widget-container\">\n\t\t\t\t\t\t\t<div class=\"nuss-grid-wrapper\" data-grid=\"{&quot;type&quot;:&quot;grid&quot;,&quot;ratio&quot;:null,&quot;columns&quot;:3,&quot;columnsTablet&quot;:2,&quot;columnsMobile&quot;:1,&quot;gutter&quot;:30}\">\r\n\t\t\t<div class=\"nuss-grid lazy-grid\">\r\n\t\t\t\t<div class=\"grid-sizer\"><\/div>\r\n\r\n\t\t\t\t\t\t\t\t\t\t\t\t<div class=\"grid-item\">\r\n\t\t\t\t\t\t<div class=\"nuss-box\">\t\t<div class=\"nuss-image image\">\r\n\t\t\t<img decoding=\"async\"  src=\"https:\/\/anyeexinlianggrandhotel.com\/wp-content\/uploads\/2025\/09\/Anyee-Xinliang-Grand-Hotel-154.webp\" alt=\"Anyee Xinliang Grand Hotel (154)\" \/>\t\t<\/div>\r\n\t\t\t\t<\/div>\t\t\t\t\t<\/div>\r\n\t\t\t\t\t\t<div class=\"grid-item\">\r\n\t\t\t\t\t\t<div class=\"nuss-box\">\t\t<div class=\"nuss-image image\">\r\n\t\t\t<img decoding=\"async\"  src=\"https:\/\/anyeexinlianggrandhotel.com\/wp-content\/uploads\/2025\/09\/Anyee-Xinliang-Grand-Hotel-131.webp\" alt=\"Anyee Xinliang Grand Hotel (131)\" \/>\t\t<\/div>\r\n\t\t\t\t<\/div>\t\t\t\t\t<\/div>\r\n\t\t\t\t\t\t<div class=\"grid-item\">\r\n\t\t\t\t\t\t<div class=\"nuss-box\">\t\t<div class=\"nuss-image image\">\r\n\t\t\t<img decoding=\"async\"  src=\"https:\/\/anyeexinlianggrandhotel.com\/wp-content\/uploads\/2025\/09\/Anyee-Xinliang-Grand-Hotel-129.webp\" alt=\"Anyee Xinliang Grand Hotel (129)\" \/>\t\t<\/div>\r\n\t\t\t\t<\/div>\t\t\t\t\t<\/div>\r\n\t\t\t\t\t\t<div class=\"grid-item\">\r\n\t\t\t\t\t\t<div class=\"nuss-box\">\t\t<div class=\"nuss-image image\">\r\n\t\t\t<img decoding=\"async\"  src=\"https:\/\/anyeexinlianggrandhotel.com\/wp-content\/uploads\/2025\/09\/Anyee-Xinliang-Grand-Hotel-130.webp\" alt=\"Anyee Xinliang Grand Hotel (130)\" \/>\t\t<\/div>\r\n\t\t\t\t<\/div>\t\t\t\t\t<\/div>\r\n\t\t\t\t\t\t<div class=\"grid-item\">\r\n\t\t\t\t\t\t<div class=\"nuss-box\">\t\t<div class=\"nuss-image image\">\r\n\t\t\t<img decoding=\"async\"  src=\"https:\/\/anyeexinlianggrandhotel.com\/wp-content\/uploads\/2025\/09\/Anyee-Xinliang-Grand-Hotel-105.webp\" alt=\"Anyee Xinliang Grand Hotel (105)\" \/>\t\t<\/div>\r\n\t\t\t\t<\/div>\t\t\t\t\t<\/div>\r\n\t\t\t\t\t\t<div class=\"grid-item\">\r\n\t\t\t\t\t\t<div class=\"nuss-box\">\t\t<div class=\"nuss-image image\">\r\n\t\t\t<img decoding=\"async\"  src=\"https:\/\/anyeexinlianggrandhotel.com\/wp-content\/uploads\/2025\/09\/Anyee-Xinliang-Grand-Hotel-13.webp\" alt=\"Anyee Xinliang Grand Hotel (13)\" \/>\t\t<\/div>\r\n\t\t\t\t<\/div>\t\t\t\t\t<\/div>\r\n\t\t\t\t\t\t<div class=\"grid-item\">\r\n\t\t\t\t\t\t<div class=\"nuss-box\">\t\t<div class=\"nuss-image image\">\r\n\t\t\t<img decoding=\"async\"  src=\"https:\/\/anyeexinlianggrandhotel.com\/wp-content\/uploads\/2025\/09\/Anyee-Xinliang-Grand-Hotel-12.webp\" alt=\"Anyee Xinliang Grand Hotel (12)\" \/>\t\t<\/div>\r\n\t\t\t\t<\/div>\t\t\t\t\t<\/div>\r\n\t\t\t\t\t\t<div class=\"grid-item\">\r\n\t\t\t\t\t\t<div class=\"nuss-box\">\t\t<div class=\"nuss-image image\">\r\n\t\t\t<img decoding=\"async\"  src=\"https:\/\/anyeexinlianggrandhotel.com\/wp-content\/uploads\/2025\/09\/Anyee-Xinliang-Grand-Hotel-119.webp\" alt=\"Anyee Xinliang Grand Hotel (119)\" \/>\t\t<\/div>\r\n\t\t\t\t<\/div>\t\t\t\t\t<\/div>\r\n\t\t\t\t\t\t<div class=\"grid-item\">\r\n\t\t\t\t\t\t<div class=\"nuss-box\">\t\t<div class=\"nuss-image image\">\r\n\t\t\t<img decoding=\"async\"  src=\"https:\/\/anyeexinlianggrandhotel.com\/wp-content\/uploads\/2025\/09\/Anyee-Xinliang-Grand-Hotel-101.webp\" alt=\"Anyee Xinliang Grand Hotel (101)\" \/>\t\t<\/div>\r\n\t\t\t\t<\/div>\t\t\t\t\t<\/div>\r\n\t\t\t\t\t\t\t\r\n\t\t\t<\/div>\r\n\t\t<\/div>\r\n\t\t\t\t\t\t<\/div>\n\t\t\t\t<\/div>\n\t\t\t\t\t<\/div>\n\t\t\t\t<\/div>\n\t\t<div class=\"elementor-element elementor-element-2476d16 e-flex e-con-boxed e-con e-parent\" data-id=\"2476d16\" data-element_type=\"container\" data-e-type=\"container\">\n\t\t\t\t\t<div class=\"e-con-inner\">\n\t\t\t\t<div class=\"elementor-element elementor-element-cbefb1c elementor-widget elementor-widget-text-editor\" data-id=\"cbefb1c\" data-element_type=\"widget\" data-e-type=\"widget\" data-widget_type=\"text-editor.default\">\n\t\t\t\t\t\t\t\t\t<p data-spm-anchor-id=\"a2ty_o01.29997173.0.i53.4901c921uGWVOS\">F\u00fcr den modernen Gesch\u00e4ftsreisenden wird Erfolg nicht nur an abgehaltenen Meetings oder abgeschlossenen Gesch\u00e4ften gemessen \u2013 er wird durch Effizienz, Konnektivit\u00e4t und Komfort definiert. Bei <strong>Anyee Xinliang Grand Hotel (Chengdu Chunxi Road Taikoo Li)<\/strong>, gelegen im florierenden Herzen des Jinjiang-Distrikts von Chengdu in <strong>Nr. 246 Upper East Street Abschnitt, East Street<\/strong>Wir wissen, dass eine produktive Reise mit einer nahtlosen Umgebung beginnt. Deshalb geht unser Hotel \u00fcber Standardunterk\u00fcnfte hinaus und bietet eine raffinierte Suite von <strong>Gesch\u00e4ftseinrichtungen und Dienstleistungen<\/strong> Entwickelt f\u00fcr Profis, die Spitzenleistungen verlangen.<\/p><p>Unser Hotel liegt in einem der dynamischsten Wirtschaftszentren Chinas und ist nur wenige Schritte entfernt von <strong>Taikoo Li<\/strong>, <strong>Chunxi-Stra\u00dfe<\/strong>und die wichtigsten Gesch\u00e4ftszentren der Stadt \u2013 ein idealer Ausgangspunkt f\u00fcr Gesch\u00e4ftsreisende, Unternehmer und internationale Delegierte. Ganz gleich, ob Sie an wichtigen Verhandlungen teilnehmen, eine Pr\u00e4sentation vor lokalen Partnern halten oder ein Remote-Team \u00fcber verschiedene Zeitzonen hinweg leiten \u2013 unsere sorgf\u00e4ltig zusammengestellten Business-Annehmlichkeiten sorgen daf\u00fcr, dass Sie konzentriert, vernetzt und dem Zeitplan voraus bleiben.<\/p><div class=\"my-2\">\u00a0<\/div><h3>Eine produktive Umgebung f\u00fcr Profis<\/h3><p>Unsere G\u00e4stezimmer sind mehr als nur Orte zum Ausruhen \u2013 sie sind funktionale Arbeitsbereiche, die mit allem ausgestattet sind, was Sie f\u00fcr die Produktivit\u00e4t unterwegs ben\u00f6tigen. Jedes Zimmer verf\u00fcgt \u00fcber:<\/p><ul dir=\"auto\"><li><strong>Ergonomische Schreibtische<\/strong> mit ausreichend Beleuchtung<\/li><li><strong>Schnelles, stabiles WLAN<\/strong> im gesamten Anwesen<\/li><li><strong>Smart-TVs<\/strong> kompatibel mit drahtloser Bildschirmspiegelung<\/li><li><strong>Universelle Steckdosen und USB-Ladeanschl\u00fcsse<\/strong><\/li><li><strong>Leise Klimaanlage<\/strong> f\u00fcr ablenkungsfreie Konzentration<\/li><\/ul><p>Ob Sie um Mitternacht einen Bericht verfassen oder sich auf eine morgendliche Videokonferenz vorbereiten, das ruhige Ambiente und die moderne Technologie schaffen die perfekte Kulisse f\u00fcr ungest\u00f6rtes Arbeiten.<\/p><p>F\u00fcr G\u00e4ste, die formelle Tagungsr\u00e4ume ben\u00f6tigen, bietet unser Hotel Zugang zu <strong>multifunktionale Konferenzr\u00e4ume<\/strong> Geeignet f\u00fcr kleine Teamtreffen, Kundenpr\u00e4sentationen oder private Gespr\u00e4che. Ausgestattet mit audiovisuellen Systemen, Projektoren, Mikrofonen und zuverl\u00e4ssigem Internet lassen sich diese flexiblen R\u00e4umlichkeiten individuell an Ihre Bed\u00fcrfnisse anpassen. Unser Rezeptionsteam unterst\u00fctzt Sie umfassend bei der Koordination von Aufbau, Druckservices und Terminplanung und sorgt daf\u00fcr, dass jedes Detail pr\u00e4zise bearbeitet wird.<\/p><div class=\"my-2\">\u00a0<\/div><h3>Nahtlose Konnektivit\u00e4t und Support-Services<\/h3><p>In der heutigen schnelllebigen Welt ist es unerl\u00e4sslich, in Verbindung zu bleiben. Im Anyee Xinliang Grand Hotel bieten wir <strong>kostenloses Highspeed-WLAN in allen G\u00e4stezimmern und \u00f6ffentlichen Bereichen<\/strong>, sodass Sie ohne Verz\u00f6gerung streamen, herunterladen und zusammenarbeiten k\u00f6nnen. Das Netzwerk ist f\u00fcr den gesch\u00e4ftlichen Einsatz optimiert und unterst\u00fctzt sichere Videoanrufe \u00fcber Zoom, Teams oder WeChat, sodass Sie keinen wichtigen Moment verpassen.<\/p><p>Wir bieten au\u00dferdem:<\/p><ul dir=\"auto\"><li><strong>24-Stunden-Rezeption<\/strong> Mehrsprachiges Personal steht zur Verf\u00fcgung, um bei Last-Minute-Anfragen behilflich zu sein.<\/li><li><strong>Express-Check-in und -Check-out<\/strong> um Ihre wertvolle Zeit optimal zu nutzen.<\/li><li><strong>Gep\u00e4ckaufbewahrung<\/strong> vor der Ankunft oder nach dem Abflug, ideal f\u00fcr diejenigen mit engen Flugpl\u00e4nen.<\/li><li><strong>\u00dcbersetzungstools und lokale Anleitungen<\/strong> um Ihnen dabei zu helfen, sich sicher in der Gesch\u00e4ftslandschaft von Chengdu zurechtzufinden.<\/li><\/ul><p>Sie m\u00f6chten Vertr\u00e4ge ausdrucken, Dokumente versenden oder ein Taxi zu einem Kundentermin bestellen? Unser aufmerksames Personal hilft Ihnen gerne weiter. <strong>Fax-\/Kopierdienste<\/strong>, <strong>Postunterst\u00fctzung<\/strong>, Und <strong>Transportvereinbarungen<\/strong>, wodurch der logistische Stress minimiert wird und Sie sich auf das Wesentliche konzentrieren k\u00f6nnen.<\/p><div class=\"my-2\">\u00a0<\/div><h3>Strategischer Standort f\u00fcr Gesch\u00e4ftserfolg<\/h3><p>Chengdu entwickelt sich schnell zu einem globalen Innovations- und Technologiezentrum mit Sitz multinationaler Konzerne, Technologie-Startups, Finanzinstituten und Kreativagenturen. Gelegen im renommierten <strong>Bezirk Jinjiang<\/strong>Das Anyee Xinliang Grand Hotel bietet einen unvergleichlichen Zugang zu diesem lebendigen \u00d6kosystem.<\/p><p>Nur wenige Minuten entfernt, <strong>Taikoo Li<\/strong> ist nicht nur ein Luxus-Einkaufsziel \u2013 es beherbergt Flagship-B\u00fcros, Co-Working-Spaces und Networking-Hotspots, an denen sich Branchenf\u00fchrer treffen. Inzwischen <strong>Chunxi-Stra\u00dfe<\/strong> dient als kommerzielles R\u00fcckgrat der Stadt und ist ges\u00e4umt von Banken, Unternehmenszentralen und Dienstleistern. Die Anbindung an die \u00f6ffentlichen Verkehrsmittel ist problemlos: Die n\u00e4chsten U-Bahn-Stationen sind zu Fu\u00df erreichbar und bieten eine direkte Anbindung an Gesch\u00e4ftsviertel, Messezentren und Beh\u00f6rden.<\/p><p>Diese zentrale Lage macht unser Hotel zur bevorzugten Wahl f\u00fcr Gesch\u00e4ftsreisende, die zu Konferenzen in der <strong>Chengdu Century City Neues Internationales Kongress- und Ausstellungszentrum<\/strong>, erkunden Investitionsm\u00f6glichkeiten in der boomenden Wirtschaft Sichuans oder f\u00fchren Marktforschung in Westchina durch.<\/p><div class=\"my-2\">\u00a0<\/div><h3>Wellness trifft Work-Life-Balance<\/h3><p>Wir wissen, dass nachhaltige Leistung Ausgeglichenheit erfordert. Deshalb gehen unsere Business-Angebote \u00fcber die Logistik hinaus und umfassen Wellness-Angebote, die geistige Klarheit und k\u00f6rperliche Energie f\u00f6rdern. Obwohl das Hotel kein Fitnesscenter bietet, l\u00e4dt seine Lage zur Bewegung ein \u2013 sei es ein flotter Spaziergang durch die nahegelegenen Parks, eine morgendliche Tai-Chi-Stunde in <strong>Volkspark<\/strong>, oder ein Spaziergang nach dem Meeting durch von B\u00e4umen ges\u00e4umte Stra\u00dfen.<\/p><p>Das hoteleigene Restaurant serviert ein nahrhaftes Fr\u00fchst\u00fcck und ausgewogene Mahlzeiten aus chinesischer und internationaler K\u00fcche, damit Sie w\u00e4hrend Ihres gesamten Aufenthalts H\u00f6chstleistungen erbringen k\u00f6nnen. Entspannen Sie nach einem langen Tag voller Verhandlungen oder Pr\u00e4sentationen im ruhigen Komfort Ihres elegant eingerichteten Zimmers. Hochwertige Bettw\u00e4sche und schallisolierte Fenster sorgen f\u00fcr tiefen, erholsamen Schlaf.<\/p><div class=\"my-2\">\u00a0<\/div><h3>Reisende vertrauen auf Komfort und Bequemlichkeit<\/h3><p>G\u00e4ste loben das Hotel immer wieder f\u00fcr seine <strong>ausgezeichnete Lage<\/strong>, <strong>Sauberkeit<\/strong>, Und <strong>reaktionsschneller Service<\/strong> \u2013 alles entscheidende Faktoren f\u00fcr eine erfolgreiche Gesch\u00e4ftsreise. Dank der einfachen Anbindung an Restaurants, Einkaufsm\u00f6glichkeiten und \u00f6ffentliche Verkehrsmittel verbringen Sie weniger Zeit mit der Orientierung und k\u00f6nnen sich mehr auf das Erreichen Ihrer Ziele konzentrieren.<\/p><p>Bei <strong>Anyee Xinliang Grand Hotel (Chengdu Chunxi Road Taikoo Li)<\/strong>, wir bieten nicht nur eine Unterkunft \u2013 wir bieten ein professionelles Erlebnis, das auf <strong>Effizienz, Zuverl\u00e4ssigkeit und urbane Eleganz<\/strong>. Von Ihrer ersten E-Mail im Morgengrauen bis zu Ihrem letzten H\u00e4ndedruck des Tages wird jeder Aspekt Ihrer Reise unterst\u00fctzt.<\/p><p data-spm-anchor-id=\"a2ty_o01.29997173.0.i54.4901c921uGWVOS\">W\u00e4hlen Sie uns als Ihren strategischen Partner f\u00fcr Gesch\u00e4ftsreisen und entdecken Sie, wie ein gut geplanter Aufenthalt Ihre Leistung in einer der aufregendsten St\u00e4dte Asiens steigern kann.<\/p>\t\t\t\t\t\t\t\t<\/div>\n\t\t\t\t\t<\/div>\n\t\t\t\t<\/div>\n\t\t\t\t<section class=\"elementor-section elementor-top-section elementor-element elementor-element-6b70cc1f elementor-section-stretched elementor-section-boxed elementor-section-gap-beside-yes elementor-section-height-default elementor-section-height-default elementor-section-column-vertical-align-stretch\" data-id=\"6b70cc1f\" data-element_type=\"section\" data-e-type=\"section\" data-settings=\"{&quot;background_background&quot;:&quot;classic&quot;,&quot;stretch_section&quot;:&quot;section-stretched&quot;}\">\n\t\t\t\t\t\t<div class=\"elementor-container elementor-column-gap-extended\">\n\t\t\t\t\t<div class=\"elementor-column elementor-col-100 elementor-top-column elementor-element elementor-element-44479759\" data-id=\"44479759\" data-element_type=\"column\" data-e-type=\"column\">\n\t\t\t<div class=\"elementor-widget-wrap elementor-element-populated\">\n\t\t\t\t\t\t<div class=\"elementor-element elementor-element-6b02632b elementor-widget elementor-widget-nuss-heading\" data-id=\"6b02632b\" data-element_type=\"widget\" data-e-type=\"widget\" data-widget_type=\"nuss-heading.default\">\n\t\t\t\t<div class=\"elementor-widget-container\">\n\t\t\t\t\t\t\t<div class=\"nuss-modern-heading\">\r\n\t\t\t\t\t\t<div class=\"heading-secondary-wrap\">\r\n\t\t\t\t<h3 class=\"heading-secondary elementor-heading-title\">Verf\u00fcgbarkeit pr\u00fcfen <\/h3>\t\t\t<\/div>\r\n\t\t\r\n\t\t\t\r\n\t\t\t\r\n\t\t\t\t\t<\/div>\r\n\t\t\t\t\t<\/div>\n\t\t\t\t<\/div>\n\t\t\t\t<div class=\"elementor-element elementor-element-736cf17b elementor-widget elementor-widget-text-editor\" data-id=\"736cf17b\" data-element_type=\"widget\" data-e-type=\"widget\" data-widget_type=\"text-editor.default\">\n\t\t\t\t\t\t\t\t\t<iframe border=\"0\" src=\"https:\/\/www.trip.com\/partners\/ad\/S5340708?Allianceid=4590391&#038;SID=258889625&#038;trip_sub1=\" style=\"width:1200px;height:200px\" frameborder=\"0\" scrolling=\"no\" id=\"S5340708\"><\/iframe>\t\t\t\t\t\t\t\t<\/div>\n\t\t\t\t\t<\/div>\n\t\t<\/div>\n\t\t\t\t\t<\/div>\n\t\t<\/section>\n\t\t\t\t<\/div>","protected":false},"excerpt":{"rendered":"<p>Sophisticated Business Facilities at Anyee Xinliang Grand Hotel (Chengdu Chunxi Road Taikoo Li) For the modern business traveler, success is not just measured by meetings held or deals closed \u2014 it&#8217;s defined by efficiency, connectivity, and comfort. At Anyee Xinliang Grand Hotel (Chengdu Chunxi Road Taikoo Li), located in the thriving heart of Chengdu\u2019s Jinjiang [&hellip;]<\/p>\n","protected":false},"author":1,"featured_media":0,"parent":0,"menu_order":0,"comment_status":"closed","ping_status":"closed","template":"","meta":{"footnotes":""},"class_list":["post-2109","page","type-page","status-publish","hentry","post-no-thumbnail"],"_links":{"self":[{"href":"https:\/\/anyeexinlianggrandhotel.com\/de\/wp-json\/wp\/v2\/pages\/2109","targetHints":{"allow":["GET"]}}],"collection":[{"href":"https:\/\/anyeexinlianggrandhotel.com\/de\/wp-json\/wp\/v2\/pages"}],"about":[{"href":"https:\/\/anyeexinlianggrandhotel.com\/de\/wp-json\/wp\/v2\/types\/page"}],"author":[{"embeddable":true,"href":"https:\/\/anyeexinlianggrandhotel.com\/de\/wp-json\/wp\/v2\/users\/1"}],"replies":[{"embeddable":true,"href":"https:\/\/anyeexinlianggrandhotel.com\/de\/wp-json\/wp\/v2\/comments?post=2109"}],"version-history":[{"count":0,"href":"https:\/\/anyeexinlianggrandhotel.com\/de\/wp-json\/wp\/v2\/pages\/2109\/revisions"}],"wp:attachment":[{"href":"https:\/\/anyeexinlianggrandhotel.com\/de\/wp-json\/wp\/v2\/media?parent=2109"}],"curies":[{"name":"wp","href":"https:\/\/api.w.org\/{rel}","templated":true}]}}