{"id":2106,"date":"2021-03-25T04:08:26","date_gmt":"2021-03-25T04:08:26","guid":{"rendered":"http:\/\/localhost\/nuss\/?page_id=298"},"modified":"2025-09-12T07:30:53","modified_gmt":"2025-09-12T07:30:53","slug":"erlebnisse","status":"publish","type":"page","link":"https:\/\/anyeexinlianggrandhotel.com\/de\/erlebnisse\/","title":{"rendered":"Kundenerfahrungen und Bewertungen"},"content":{"rendered":"<div data-elementor-type=\"wp-page\" data-elementor-id=\"2106\" class=\"elementor elementor-2106\">\n\t\t\t\t\t\t<section class=\"elementor-section elementor-top-section elementor-element elementor-element-1954ffc elementor-section-boxed elementor-section-gap-beside-yes elementor-section-height-default elementor-section-height-default elementor-section-column-vertical-align-stretch\" data-id=\"1954ffc\" data-element_type=\"section\" data-e-type=\"section\">\n\t\t\t\t\t\t<div class=\"elementor-container elementor-column-gap-extended\">\n\t\t\t\t\t<div class=\"elementor-column elementor-col-100 elementor-top-column elementor-element elementor-element-86aebc5\" data-id=\"86aebc5\" data-element_type=\"column\" data-e-type=\"column\">\n\t\t\t<div class=\"elementor-widget-wrap elementor-element-populated\">\n\t\t\t\t\t\t<div class=\"elementor-element elementor-element-11803d1 elementor-widget__width-initial elementor-invisible elementor-widget elementor-widget-text-editor\" data-id=\"11803d1\" data-element_type=\"widget\" data-e-type=\"widget\" data-settings=\"{&quot;_animation&quot;:&quot;nussFadeInUp&quot;}\" data-widget_type=\"text-editor.default\">\n\t\t\t\t\t\t\t\t\t<p><strong data-spm-anchor-id=\"a2ty_o01.29997173.0.i57.4901c921uGWVOS\">Kundenerfahrungen und Bewertungen im Anyee Xinliang Grand Hotel (Chengdu Chunxi Road Taikoo Li)<\/strong><\/p>\t\t\t\t\t\t\t\t<\/div>\n\t\t\t\t\t<\/div>\n\t\t<\/div>\n\t\t\t\t\t<\/div>\n\t\t<\/section>\n\t\t<div class=\"elementor-element elementor-element-3e39171 e-flex e-con-boxed e-con e-parent\" data-id=\"3e39171\" data-element_type=\"container\" data-e-type=\"container\">\n\t\t\t\t\t<div class=\"e-con-inner\">\n\t\t\t\t<div class=\"elementor-element elementor-element-7761d0c elementor-widget elementor-widget-text-editor\" data-id=\"7761d0c\" data-element_type=\"widget\" data-e-type=\"widget\" data-widget_type=\"text-editor.default\">\n\t\t\t\t\t\t\t\t\t<p data-spm-anchor-id=\"a2ty_o01.29997173.0.i59.4901c921uGWVOS\">Bei der Wahl einer Unterkunft in einer der pulsierendsten St\u00e4dte Chinas spricht nichts mehr als die Stimmen derjenigen, die durch ihre T\u00fcren gegangen sind. Bei <strong>Anyee Xinliang Grand Hotel (Chengdu Chunxi Road Taikoo Li)<\/strong>, gelegen in <strong>Nr. 246 Upper East Street Section, East Street, Bezirk Jinjiang, Chengdu, Sichuan 610016<\/strong>ist die Zufriedenheit der G\u00e4ste nicht nur ein Ziel \u2013 sie ist eine konstante Realit\u00e4t, die sich in begeisterten Bewertungen auf f\u00fchrenden Reiseplattformen wie widerspiegelt <strong>Trip.com<\/strong> und andere gro\u00dfe Buchungsseiten.<\/p><p data-spm-anchor-id=\"a2ty_o01.29997173.0.i58.4901c921uGWVOS\">Reisende aus aller Welt loben das Hotel regelm\u00e4\u00dfig f\u00fcr seine <strong>erstklassige Innenstadtlage, moderner Komfort, saubere Einrichtungen und aufmerksamer Service<\/strong>, was es zu einer herausragenden Wahl unter den 4-Sterne-Unterk\u00fcnften im Zentrum von Chengdu macht. Ob Sie gesch\u00e4ftlich, kulturell oder kulinarisch unterwegs sind, die G\u00e4ste werden feststellen, dass ihr Aufenthalt ihre Erwartungen \u00fcbertrifft \u2013 dank einer nahtlosen Mischung aus Komfort, Stil und authentischer Sichuan-Gastfreundschaft.<\/p><h3>Was G\u00e4ste auf Trip.com und dar\u00fcber hinaus sagen<\/h3><p>W\u00e4hrend detaillierte \u00f6ffentliche \u00dcberpr\u00fcfungen speziell f\u00fcr <em>Anyee Xinliang Grand Hotel<\/em> sind noch im Entstehen begriffen, Reisende heben jedoch h\u00e4ufig wichtige St\u00e4rken hervor, die auf verifizierten Aufenthalten beruhen:<\/p><ul dir=\"auto\"><li><p><strong>\u201ePerfekte Lage zur Erkundung der Taikoo Li &amp; Chunxi Road\u201c<\/strong>: Einer der beliebtesten Aspekte des Hotels ist seine unschlagbare Adresse. Nur wenige Minuten entfernt von <strong>Taikoo Li<\/strong>, eines der ikonischsten gemischt genutzten Projekte Asiens, nur wenige Schritte von <strong>Chunxi-Stra\u00dfe<\/strong> \u2013 Chengdus gesch\u00e4ftige Einkaufs- und Gastronomiemeile \u2013 G\u00e4ste sch\u00e4tzen es, mitten im Geschehen zu sein. Kritiker bemerken, dass alles von Luxusboutiquen und Dachbars bis hin zu Stra\u00dfenimbissen und kulturellen Sehensw\u00fcrdigkeiten wie <strong>Daci-Tempel<\/strong> ist bequem zu Fu\u00df oder mit einer kurzen U-Bahnfahrt erreichbar.<\/p><\/li><li><p><strong>\u201eSaubere, moderne Zimmer mit toller Aussicht auf die Stadt\u201c<\/strong>Reisende loben durchweg das moderne Design und die gepflegten Zimmer des Hotels. Die sorgf\u00e4ltig ausgestatteten Unterk\u00fcnfte mit hochwertiger Bettw\u00e4sche, raumhohen Fenstern, Klimaanlage, Highspeed-WLAN und eleganten Badezimmern bieten nach einem langen Sightseeing-Tag einen erholsamen R\u00fcckzugsort. Gesch\u00e4ftsreisende sch\u00e4tzen besonders das ruhige Ambiente und die ergonomischen Arbeitsbereiche, w\u00e4hrend Familien die gro\u00dfz\u00fcgige Raumaufteilung und die Nichtraucherzimmer zu sch\u00e4tzen wissen.<\/p><\/li><li><p><strong>\u201eFreundliches Personal und reibungsloses Check-in-Erlebnis\u201c<\/strong>: Das Team an der Rezeption erh\u00e4lt regelm\u00e4\u00dfig Lob f\u00fcr seine Professionalit\u00e4t und mehrsprachige Unterst\u00fctzung. Von der Hilfe mit dem Gep\u00e4ck bis hin zu lokalen Empfehlungen geben die Mitarbeiter alles, um einen stressfreien Aufenthalt zu gew\u00e4hrleisten. Viele G\u00e4ste erw\u00e4hnen den effizienten Check-in-Prozess und die Verf\u00fcgbarkeit wichtiger Annehmlichkeiten wie <strong>Aufz\u00fcge, Gep\u00e4ckaufbewahrung und 24-Stunden-Rezeption<\/strong>.<\/p><\/li><li><p><strong>\u201eAusgezeichnetes Preis-Leistungs-Verh\u00e4ltnis im Zentrum von Chengdu\u201c<\/strong>: Im Vergleich zu anderen Hotels in der Gegend beschreiben Rezensenten das Anyee Xinliang Grand Hotel oft als <strong>au\u00dfergew\u00f6hnlicher Wert<\/strong>. Zu einem g\u00fcnstigen Preis genie\u00dfen die G\u00e4ste eine zentrale Adresse, saubere Einrichtungen und zuverl\u00e4ssige Dienstleistungen \u2013 eine gewinnbringende Kombination sowohl f\u00fcr preisbewusste Alleinreisende als auch f\u00fcr anspruchsvolle Urlauber.<\/p><\/li><\/ul><h3>Warum Reisende immer wieder zur\u00fcckkommen<\/h3><p>G\u00e4ste kommen gerne in dieses Hotel zur\u00fcck, nicht nur wegen des Angebots, sondern auch, weil sie sich dort willkommen, wohl und mit der Stadt verbunden f\u00fchlen. Die N\u00e4he zu <strong>\u00f6ffentliche Verkehrsknotenpunkte<\/strong> Dank der nahegelegenen U-Bahn-Stationen sind die wichtigsten Sehensw\u00fcrdigkeiten m\u00fchelos zu erreichen:<\/p><ul dir=\"auto\"><li><strong>Kuanzhai-Gasse (breite und schmale Gassen)<\/strong> \u2013 ~15-min\u00fctige Taxifahrt<\/li><li><strong>Volkspark<\/strong> \u2013 ~10 Minuten mit dem Auto<\/li><li><strong>Wenshu-Kloster<\/strong> \u2013 ~12 Minuten mit dem Taxi<\/li><li><strong>Chengdu Forschungsstation f\u00fcr die Zucht von Gro\u00dfen Pandas<\/strong> \u2013 ~30 Minuten mit dem Auto<\/li><\/ul><p>Diese strategische Lage macht das Anyee Xinliang Grand Hotel ideal f\u00fcr Erstbesucher, die alles erleben m\u00f6chten, was Chengdu zu bieten hat.<\/p><p>Obwohl das Hotel weder \u00fcber ein Fitnesscenter noch \u00fcber einen Swimmingpool verf\u00fcgt, liegt sein Fokus weiterhin auf der Bereitstellung <strong>Kernkomfort mit Pr\u00e4zision<\/strong> \u2014 saubere Zimmer, schnelles WLAN, sichere Umgebungen und ein zentraler Ausgangspunkt f\u00fcr urbane Abenteuer. Diese Grundvoraussetzungen kommen bei internationalen Touristen und Inlandsreisenden gleicherma\u00dfen gut an.<\/p><h3>Vertrauen durch Transparenz schaffen<\/h3><p>Da immer mehr G\u00e4ste ihre Erfahrungen online teilen, w\u00e4chst der Ruf des Anyee Xinliang Grand Hotels weiter. Zwar verf\u00fcgt das Hotel noch nicht \u00fcber eine gro\u00dfe Anzahl englischsprachiger Bewertungen auf Plattformen wie TripAdvisor, aber seine Pr\u00e4senz auf <strong>Trip.com<\/strong> \u2013 eine der gr\u00f6\u00dften Reisebuchungsmaschinen Asiens \u2013 bietet eine F\u00fclle von Erkenntnissen von chinesischen und internationalen G\u00e4sten, die Transparenz, genaue Auflistungen und einen reaktionsschnellen Kundenservice sch\u00e4tzen.<\/p><p>Zu den gemeinsamen Themen im Feedback geh\u00f6ren:<\/p><ul dir=\"auto\"><li>Lob f\u00fcr <strong>Sauberkeit der Zimmer und moderne Einrichtung<\/strong><\/li><li>Wertsch\u00e4tzung f\u00fcr die <strong>Das ruhige Innere des Hotels trotz der gesch\u00e4ftigen Umgebung<\/strong><\/li><li>Positive Erw\u00e4hnungen der <strong>Vor-Ort-Restaurant mit schmackhafter Sichuan-K\u00fcche<\/strong><\/li><li>W\u00fcnsche nach zuk\u00fcnftigen Verbesserungen wie erweiterten Fr\u00fchst\u00fccksoptionen und verbesserter Schalld\u00e4mmung<\/li><\/ul><p>Diese Erkenntnisse helfen dem Management dabei, das G\u00e4steerlebnis kontinuierlich zu verbessern und sicherzustellen, dass jeder Aufenthalt besser wird als der letzte.<\/p><div class=\"py-2 my-3\"><hr \/><\/div><h3>Ihre Geschichte beginnt hier<\/h3><p>Bei <strong>Anyee Xinliang Grand Hotel (Chengdu Chunxi Road Taikoo Li)<\/strong>Wir sind davon \u00fcberzeugt, dass jede Reise ein unvergessliches Kapitel verdient. Und vom Moment Ihrer Ankunft an sorgen wir mit unserem Engagement f\u00fcr Komfort, Bequemlichkeit und Sorgfalt daf\u00fcr, dass Ihre Reise reibungslos verl\u00e4uft.<\/p><p>Gest\u00fctzt auf echte Reiseerfahrungen und perfekt im kulturellen und kommerziellen Herzen von Chengdu gelegen, ist dies mehr als nur ein Ort zum Schlafen \u2013 es ist Ihr Tor zur Entdeckung der Seele von Sichuan.<\/p><p data-spm-anchor-id=\"a2ty_o01.29997173.0.i60.4901c921uGWVOS\">Ob Sie hier sind, um einen w\u00fcrzigen Eintopf zu genie\u00dfen, alte Tempel zu erkunden, Gesch\u00e4ftstreffen abzuhalten oder einfach durch laternenbeleuchtete Gassen zu schlendern, unsere G\u00e4ste sind sich einig: <strong>Dieses Hotel bietet das, was am wichtigsten ist: Lage, Zuverl\u00e4ssigkeit und Seelenfrieden<\/strong>.<\/p>\t\t\t\t\t\t\t\t<\/div>\n\t\t\t\t\t<\/div>\n\t\t\t\t<\/div>\n\t\t\t\t<section class=\"elementor-section elementor-top-section elementor-element elementor-element-6419de07 elementor-section-stretched elementor-section-boxed elementor-section-gap-beside-yes elementor-section-height-default elementor-section-height-default elementor-section-column-vertical-align-stretch\" data-id=\"6419de07\" data-element_type=\"section\" data-e-type=\"section\" data-settings=\"{&quot;background_background&quot;:&quot;classic&quot;,&quot;stretch_section&quot;:&quot;section-stretched&quot;}\">\n\t\t\t\t\t\t<div class=\"elementor-container elementor-column-gap-extended\">\n\t\t\t\t\t<div class=\"elementor-column elementor-col-100 elementor-top-column elementor-element elementor-element-3b6d6194\" data-id=\"3b6d6194\" data-element_type=\"column\" data-e-type=\"column\">\n\t\t\t<div class=\"elementor-widget-wrap elementor-element-populated\">\n\t\t\t\t\t\t<div class=\"elementor-element elementor-element-501b76e2 elementor-widget elementor-widget-nuss-heading\" data-id=\"501b76e2\" data-element_type=\"widget\" data-e-type=\"widget\" data-widget_type=\"nuss-heading.default\">\n\t\t\t\t<div class=\"elementor-widget-container\">\n\t\t\t\t\t\t\t<div class=\"nuss-modern-heading\">\r\n\t\t\t\t\t\t<div class=\"heading-secondary-wrap\">\r\n\t\t\t\t<h3 class=\"heading-secondary elementor-heading-title\">Verf\u00fcgbarkeit pr\u00fcfen <\/h3>\t\t\t<\/div>\r\n\t\t\r\n\t\t\t\r\n\t\t\t\r\n\t\t\t\t\t<\/div>\r\n\t\t\t\t\t<\/div>\n\t\t\t\t<\/div>\n\t\t\t\t<div class=\"elementor-element elementor-element-5b4c5aee elementor-widget elementor-widget-text-editor\" data-id=\"5b4c5aee\" data-element_type=\"widget\" data-e-type=\"widget\" data-widget_type=\"text-editor.default\">\n\t\t\t\t\t\t\t\t\t<iframe border=\"0\" src=\"https:\/\/www.trip.com\/partners\/ad\/S5340708?Allianceid=4590391&#038;SID=258889625&#038;trip_sub1=\" style=\"width:1200px;height:200px\" frameborder=\"0\" scrolling=\"no\" id=\"S5340708\"><\/iframe>\t\t\t\t\t\t\t\t<\/div>\n\t\t\t\t\t<\/div>\n\t\t<\/div>\n\t\t\t\t\t<\/div>\n\t\t<\/section>\n\t\t\t\t<\/div>","protected":false},"excerpt":{"rendered":"<p>Customer Experiences &amp; Reviews at Anyee Xinliang Grand Hotel (Chengdu Chunxi Road Taikoo Li) When choosing a place to stay in one of China\u2019s most vibrant cities, nothing speaks more honestly than the voices of those who\u2019ve walked through its doors. At Anyee Xinliang Grand Hotel (Chengdu Chunxi Road Taikoo Li), located at No. 246 [&hellip;]<\/p>\n","protected":false},"author":1,"featured_media":0,"parent":0,"menu_order":0,"comment_status":"closed","ping_status":"closed","template":"","meta":{"footnotes":""},"class_list":["post-2106","page","type-page","status-publish","hentry","post-no-thumbnail"],"_links":{"self":[{"href":"https:\/\/anyeexinlianggrandhotel.com\/de\/wp-json\/wp\/v2\/pages\/2106","targetHints":{"allow":["GET"]}}],"collection":[{"href":"https:\/\/anyeexinlianggrandhotel.com\/de\/wp-json\/wp\/v2\/pages"}],"about":[{"href":"https:\/\/anyeexinlianggrandhotel.com\/de\/wp-json\/wp\/v2\/types\/page"}],"author":[{"embeddable":true,"href":"https:\/\/anyeexinlianggrandhotel.com\/de\/wp-json\/wp\/v2\/users\/1"}],"replies":[{"embeddable":true,"href":"https:\/\/anyeexinlianggrandhotel.com\/de\/wp-json\/wp\/v2\/comments?post=2106"}],"version-history":[{"count":0,"href":"https:\/\/anyeexinlianggrandhotel.com\/de\/wp-json\/wp\/v2\/pages\/2106\/revisions"}],"wp:attachment":[{"href":"https:\/\/anyeexinlianggrandhotel.com\/de\/wp-json\/wp\/v2\/media?parent=2106"}],"curies":[{"name":"wp","href":"https:\/\/api.w.org\/{rel}","templated":true}]}}